{"id":883,"date":"2022-11-21T13:25:11","date_gmt":"2022-11-21T13:25:11","guid":{"rendered":"https:\/\/aceitedelbajoaragon.es\/olive-oil-a-world-of-sensations\/olive-oil-and-cosmetics\/"},"modified":"2023-11-21T11:44:36","modified_gmt":"2023-11-21T11:44:36","slug":"olive-oil-and-cosmetics","status":"publish","type":"page","link":"https:\/\/aceitedelbajoaragon.es\/en\/olive-oil-a-world-of-sensations\/olive-oil-and-cosmetics","title":{"rendered":"Olive oil and cosmetics"},"content":{"rendered":"\n<h2 class=\"has-text-color wp-block-heading\" style=\"color:#4f7537\">Olive oil and cosmetics<\/h2>\n\n<p>The Turkish physician Claudius Galen (129-199 A.D.) was responsible for the appearance of the first moisturising cream for the skin, when he discovered that by mixing Olive Oil with water and vegetable wax, a refreshing cream could be obtained. Observing that when this cream was applied on the skin, it lent the skin greater elasticity, he saw the possibilities of this application. Another of the applications of olive oil that has been known since ancient times for keeping the skin elastic and terse involves adding 1\/2 Dl. of milk mixed with the same amount of Olive Oil. Undoubtedly, following this treatment rigorously, our skin will acquire a remarkable softness.<\/p>\n\n<div class=\"wp-block-columns is-layout-flex wp-container-core-columns-is-layout-9d6595d7 wp-block-columns-is-layout-flex\">\n<div class=\"wp-block-column is-layout-flow wp-block-column-is-layout-flow\" style=\"flex-basis:66.66%\">\n<p>By taking raw Olive Oil in dressings, we also get our skin to lighten, soften and take on an attractive, natural glow.<\/p>\n\n\n\n<p>There is another handy trick specifically for hand care: If you wish to moisturise the skin on your hands really well, prepare a paste with olive oil, Vaseline (which helps to give body to the mixture) and a little menthol; before going to bed, rub this mixture well into your hands and cover them with cotton cloths in order to keep the paste in place throughout the night. Next morning, you will notice that the skin on your hands is considerably less dry.<\/p>\n\n\n\n<p>Olive oil can also be the solution to split ends. Mix an egg, one spoonful of vinegar and 2 of olive oil; heat the mixture (without allowing it to boil) and then apply it on split ends and rinse it off half an hour later.<\/p>\n\n\n\n<p>One way of lending shine and life to your hair (as well as moisturising it) is to wash it with a mixture of 5 spoonfuls of olive oil and 2 eggs. Rub the mixture in well, rinse it well and then wash it again with your usual shampoo until all the oiliness disappears from your hair.<\/p>\n<\/div>\n\n\n\n<div class=\"wp-block-column is-layout-flow wp-block-column-is-layout-flow\" style=\"flex-basis:33.33%\">\n<figure class=\"wp-block-image size-full is-resized\"><img decoding=\"async\" src=\"\/wp-content\/uploads\/2022\/11\/cosmetica.jpg\" alt=\"\" class=\"wp-image-458\" width=\"309\" height=\"445\" srcset=\"https:\/\/aceitedelbajoaragon.es\/wp-content\/uploads\/2022\/11\/cosmetica-200x288.jpg 200w, https:\/\/aceitedelbajoaragon.es\/wp-content\/uploads\/2022\/11\/cosmetica-208x300.jpg 208w, https:\/\/aceitedelbajoaragon.es\/wp-content\/uploads\/2022\/11\/cosmetica-400x576.jpg 400w, https:\/\/aceitedelbajoaragon.es\/wp-content\/uploads\/2022\/11\/cosmetica.jpg 420w\" sizes=\"(max-width: 309px) 100vw, 309px\" \/><\/figure><\/div>\n<\/div>\n\n<p>Another hint for lending strength and moisture to our hair involves applying a good amount of olive oil on your scalp and massaging it for quite a while so as to let it penetrate deeply. Then wash your hair and sprinkle some beer on it; don\u2019t rinse it until 24 hours have elapsed, to enable the beer to take effect slowly.<\/p>\n\n<p>For thousands of years olive oil has been used to rub into any part of the body before applying a massage because of the fact that it helps the muscles and nerves to relax.<\/p>\n\n<p>Olive oil also strengthens the nails and softens the cuticles. Before going to bed, dip your nails in a mixture of warm olive oil and lemon juice. Use soft cloth gloves and allow the oil to penetrate during the night.<\/p>\n","protected":false},"excerpt":{"rendered":"<p>Olive oil and cosmetics The Turkish physician Claudius Galen (129-199 [&hellip;]<\/p>\n","protected":false},"author":1,"featured_media":0,"parent":873,"menu_order":0,"comment_status":"closed","ping_status":"closed","template":"","meta":{"footnotes":""},"class_list":["post-883","page","type-page","status-publish","hentry"],"yoast_head":"<!-- This site is optimized with the Yoast SEO plugin v27.3 - https:\/\/yoast.com\/product\/yoast-seo-wordpress\/ -->\n<title>Olive oil and cosmetics - Aceite del Bajo Arag\u00f3n<\/title>\n<meta name=\"robots\" content=\"index, follow, max-snippet:-1, max-image-preview:large, max-video-preview:-1\" \/>\n<link rel=\"canonical\" href=\"https:\/\/aceitedelbajoaragon.es\/en\/olive-oil-a-world-of-sensations\/olive-oil-and-cosmetics\" \/>\n<meta property=\"og:locale\" content=\"en_US\" \/>\n<meta property=\"og:type\" content=\"article\" \/>\n<meta property=\"og:title\" content=\"Olive oil and cosmetics - Aceite del Bajo Arag\u00f3n\" \/>\n<meta property=\"og:description\" content=\"Olive oil and cosmetics The Turkish physician Claudius Galen (129-199 [&hellip;]\" \/>\n<meta property=\"og:url\" content=\"https:\/\/aceitedelbajoaragon.es\/en\/olive-oil-a-world-of-sensations\/olive-oil-and-cosmetics\" \/>\n<meta property=\"og:site_name\" content=\"Aceite del Bajo Arag\u00f3n\" \/>\n<meta property=\"article:publisher\" content=\"https:\/\/www.facebook.com\/aceitedelbajoaragon.d.o.p\/timeline\/\" \/>\n<meta property=\"article:modified_time\" content=\"2023-11-21T11:44:36+00:00\" \/>\n<meta name=\"twitter:card\" content=\"summary_large_image\" \/>\n<meta name=\"twitter:site\" content=\"@DOPAceiteBA\" \/>\n<meta name=\"twitter:label1\" content=\"Est. reading time\" \/>\n\t<meta name=\"twitter:data1\" content=\"2 minutes\" \/>\n<script type=\"application\/ld+json\" class=\"yoast-schema-graph\">{\"@context\":\"https:\\\/\\\/schema.org\",\"@graph\":[{\"@type\":\"WebPage\",\"@id\":\"https:\\\/\\\/aceitedelbajoaragon.es\\\/en\\\/olive-oil-a-world-of-sensations\\\/olive-oil-and-cosmetics\",\"url\":\"https:\\\/\\\/aceitedelbajoaragon.es\\\/en\\\/olive-oil-a-world-of-sensations\\\/olive-oil-and-cosmetics\",\"name\":\"Olive oil and cosmetics - Aceite del Bajo Arag\u00f3n\",\"isPartOf\":{\"@id\":\"https:\\\/\\\/aceitedelbajoaragon.es\\\/en#website\"},\"datePublished\":\"2022-11-21T13:25:11+00:00\",\"dateModified\":\"2023-11-21T11:44:36+00:00\",\"breadcrumb\":{\"@id\":\"https:\\\/\\\/aceitedelbajoaragon.es\\\/en\\\/olive-oil-a-world-of-sensations\\\/olive-oil-and-cosmetics#breadcrumb\"},\"inLanguage\":\"en-US\",\"potentialAction\":[{\"@type\":\"ReadAction\",\"target\":[\"https:\\\/\\\/aceitedelbajoaragon.es\\\/en\\\/olive-oil-a-world-of-sensations\\\/olive-oil-and-cosmetics\"]}]},{\"@type\":\"BreadcrumbList\",\"@id\":\"https:\\\/\\\/aceitedelbajoaragon.es\\\/en\\\/olive-oil-a-world-of-sensations\\\/olive-oil-and-cosmetics#breadcrumb\",\"itemListElement\":[{\"@type\":\"ListItem\",\"position\":1,\"name\":\"Inicio\",\"item\":\"https:\\\/\\\/aceitedelbajoaragon.es\\\/en\"},{\"@type\":\"ListItem\",\"position\":2,\"name\":\"Olive oil. A world of sensations\",\"item\":\"https:\\\/\\\/aceitedelbajoaragon.es\\\/en\\\/olive-oil-a-world-of-sensations\"},{\"@type\":\"ListItem\",\"position\":3,\"name\":\"Olive oil and cosmetics\"}]},{\"@type\":\"WebSite\",\"@id\":\"https:\\\/\\\/aceitedelbajoaragon.es\\\/en#website\",\"url\":\"https:\\\/\\\/aceitedelbajoaragon.es\\\/en\",\"name\":\"Aceite del Bajo Arag\u00f3n\",\"description\":\"El Bajo Arag\u00f3n, una de las zonas m\u00e1s propicias del mundo para el cultivo del olivo y donde se produce el mejor aceite de oliva.\",\"publisher\":{\"@id\":\"https:\\\/\\\/aceitedelbajoaragon.es\\\/en#organization\"},\"potentialAction\":[{\"@type\":\"SearchAction\",\"target\":{\"@type\":\"EntryPoint\",\"urlTemplate\":\"https:\\\/\\\/aceitedelbajoaragon.es\\\/en?s={search_term_string}\"},\"query-input\":{\"@type\":\"PropertyValueSpecification\",\"valueRequired\":true,\"valueName\":\"search_term_string\"}}],\"inLanguage\":\"en-US\"},{\"@type\":\"Organization\",\"@id\":\"https:\\\/\\\/aceitedelbajoaragon.es\\\/en#organization\",\"name\":\"Aceite del Bajo Arag\u00f3n\",\"url\":\"https:\\\/\\\/aceitedelbajoaragon.es\\\/en\",\"logo\":{\"@type\":\"ImageObject\",\"inLanguage\":\"en-US\",\"@id\":\"https:\\\/\\\/aceitedelbajoaragon.es\\\/en#\\\/schema\\\/logo\\\/image\\\/\",\"url\":\"\",\"contentUrl\":\"\",\"caption\":\"Aceite del Bajo Arag\u00f3n\"},\"image\":{\"@id\":\"https:\\\/\\\/aceitedelbajoaragon.es\\\/en#\\\/schema\\\/logo\\\/image\\\/\"},\"sameAs\":[\"https:\\\/\\\/www.facebook.com\\\/aceitedelbajoaragon.d.o.p\\\/timeline\\\/\",\"https:\\\/\\\/x.com\\\/DOPAceiteBA\",\"https:\\\/\\\/www.youtube.com\\\/user\\\/aceitedelbajoaragon\"]}]}<\/script>\n<!-- \/ Yoast SEO plugin. -->","yoast_head_json":{"title":"Olive oil and cosmetics - Aceite del Bajo Arag\u00f3n","robots":{"index":"index","follow":"follow","max-snippet":"max-snippet:-1","max-image-preview":"max-image-preview:large","max-video-preview":"max-video-preview:-1"},"canonical":"https:\/\/aceitedelbajoaragon.es\/en\/olive-oil-a-world-of-sensations\/olive-oil-and-cosmetics","og_locale":"en_US","og_type":"article","og_title":"Olive oil and cosmetics - Aceite del Bajo Arag\u00f3n","og_description":"Olive oil and cosmetics The Turkish physician Claudius Galen (129-199 [&hellip;]","og_url":"https:\/\/aceitedelbajoaragon.es\/en\/olive-oil-a-world-of-sensations\/olive-oil-and-cosmetics","og_site_name":"Aceite del Bajo Arag\u00f3n","article_publisher":"https:\/\/www.facebook.com\/aceitedelbajoaragon.d.o.p\/timeline\/","article_modified_time":"2023-11-21T11:44:36+00:00","twitter_card":"summary_large_image","twitter_site":"@DOPAceiteBA","twitter_misc":{"Est. reading time":"2 minutes"},"schema":{"@context":"https:\/\/schema.org","@graph":[{"@type":"WebPage","@id":"https:\/\/aceitedelbajoaragon.es\/en\/olive-oil-a-world-of-sensations\/olive-oil-and-cosmetics","url":"https:\/\/aceitedelbajoaragon.es\/en\/olive-oil-a-world-of-sensations\/olive-oil-and-cosmetics","name":"Olive oil and cosmetics - Aceite del Bajo Arag\u00f3n","isPartOf":{"@id":"https:\/\/aceitedelbajoaragon.es\/en#website"},"datePublished":"2022-11-21T13:25:11+00:00","dateModified":"2023-11-21T11:44:36+00:00","breadcrumb":{"@id":"https:\/\/aceitedelbajoaragon.es\/en\/olive-oil-a-world-of-sensations\/olive-oil-and-cosmetics#breadcrumb"},"inLanguage":"en-US","potentialAction":[{"@type":"ReadAction","target":["https:\/\/aceitedelbajoaragon.es\/en\/olive-oil-a-world-of-sensations\/olive-oil-and-cosmetics"]}]},{"@type":"BreadcrumbList","@id":"https:\/\/aceitedelbajoaragon.es\/en\/olive-oil-a-world-of-sensations\/olive-oil-and-cosmetics#breadcrumb","itemListElement":[{"@type":"ListItem","position":1,"name":"Inicio","item":"https:\/\/aceitedelbajoaragon.es\/en"},{"@type":"ListItem","position":2,"name":"Olive oil. A world of sensations","item":"https:\/\/aceitedelbajoaragon.es\/en\/olive-oil-a-world-of-sensations"},{"@type":"ListItem","position":3,"name":"Olive oil and cosmetics"}]},{"@type":"WebSite","@id":"https:\/\/aceitedelbajoaragon.es\/en#website","url":"https:\/\/aceitedelbajoaragon.es\/en","name":"Aceite del Bajo Arag\u00f3n","description":"El Bajo Arag\u00f3n, una de las zonas m\u00e1s propicias del mundo para el cultivo del olivo y donde se produce el mejor aceite de oliva.","publisher":{"@id":"https:\/\/aceitedelbajoaragon.es\/en#organization"},"potentialAction":[{"@type":"SearchAction","target":{"@type":"EntryPoint","urlTemplate":"https:\/\/aceitedelbajoaragon.es\/en?s={search_term_string}"},"query-input":{"@type":"PropertyValueSpecification","valueRequired":true,"valueName":"search_term_string"}}],"inLanguage":"en-US"},{"@type":"Organization","@id":"https:\/\/aceitedelbajoaragon.es\/en#organization","name":"Aceite del Bajo Arag\u00f3n","url":"https:\/\/aceitedelbajoaragon.es\/en","logo":{"@type":"ImageObject","inLanguage":"en-US","@id":"https:\/\/aceitedelbajoaragon.es\/en#\/schema\/logo\/image\/","url":"","contentUrl":"","caption":"Aceite del Bajo Arag\u00f3n"},"image":{"@id":"https:\/\/aceitedelbajoaragon.es\/en#\/schema\/logo\/image\/"},"sameAs":["https:\/\/www.facebook.com\/aceitedelbajoaragon.d.o.p\/timeline\/","https:\/\/x.com\/DOPAceiteBA","https:\/\/www.youtube.com\/user\/aceitedelbajoaragon"]}]}},"_links":{"self":[{"href":"https:\/\/aceitedelbajoaragon.es\/en\/wp-json\/wp\/v2\/pages\/883","targetHints":{"allow":["GET"]}}],"collection":[{"href":"https:\/\/aceitedelbajoaragon.es\/en\/wp-json\/wp\/v2\/pages"}],"about":[{"href":"https:\/\/aceitedelbajoaragon.es\/en\/wp-json\/wp\/v2\/types\/page"}],"author":[{"embeddable":true,"href":"https:\/\/aceitedelbajoaragon.es\/en\/wp-json\/wp\/v2\/users\/1"}],"replies":[{"embeddable":true,"href":"https:\/\/aceitedelbajoaragon.es\/en\/wp-json\/wp\/v2\/comments?post=883"}],"version-history":[{"count":0,"href":"https:\/\/aceitedelbajoaragon.es\/en\/wp-json\/wp\/v2\/pages\/883\/revisions"}],"up":[{"embeddable":true,"href":"https:\/\/aceitedelbajoaragon.es\/en\/wp-json\/wp\/v2\/pages\/873"}],"wp:attachment":[{"href":"https:\/\/aceitedelbajoaragon.es\/en\/wp-json\/wp\/v2\/media?parent=883"}],"curies":[{"name":"wp","href":"https:\/\/api.w.org\/{rel}","templated":true}]}}