{"id":887,"date":"2022-11-21T13:25:53","date_gmt":"2022-11-21T13:25:53","guid":{"rendered":"https:\/\/aceitedelbajoaragon.es\/olive-oil-a-world-of-sensations\/mediterranean-recipes\/"},"modified":"2023-11-21T12:01:18","modified_gmt":"2023-11-21T12:01:18","slug":"mediterranean-recipes","status":"publish","type":"page","link":"https:\/\/aceitedelbajoaragon.es\/en\/olive-oil-a-world-of-sensations\/mediterranean-recipes","title":{"rendered":"Mediterranean recipes"},"content":{"rendered":"\n<h2 class=\"has-text-color wp-block-heading\" style=\"color:#4f7537\">Mediterranean recipes<\/h2>\n\n<p>Aceite del Bajo Arag\u00f3n is ideal for Mediterranean cuisine. Its body, acidity and flavour make the dishes prepared with it a delight to the palate.<\/p>\n\n<div class=\"wp-block-columns is-layout-flex wp-container-core-columns-is-layout-9d6595d7 wp-block-columns-is-layout-flex\">\n<div class=\"wp-block-column is-layout-flow wp-block-column-is-layout-flow\">\n<figure class=\"wp-block-image size-full\"><img decoding=\"async\" width=\"250\" height=\"370\" src=\"\/wp-content\/uploads\/2022\/11\/0e01938fc48a2cfb5f2217fbfb00722dg.jpg\" alt=\"\" class=\"wp-image-413\" srcset=\"https:\/\/aceitedelbajoaragon.es\/wp-content\/uploads\/2022\/11\/0e01938fc48a2cfb5f2217fbfb00722dg-200x296.jpg 200w, https:\/\/aceitedelbajoaragon.es\/wp-content\/uploads\/2022\/11\/0e01938fc48a2cfb5f2217fbfb00722dg-203x300.jpg 203w, https:\/\/aceitedelbajoaragon.es\/wp-content\/uploads\/2022\/11\/0e01938fc48a2cfb5f2217fbfb00722dg.jpg 250w\" sizes=\"(max-width: 250px) 100vw, 250px\" \/><\/figure>\n\n\n<h3 class=\"has-cyan-bluish-gray-color has-text-color wp-block-heading\"><a href=\"https:\/\/aceitedelbajoaragon.es\/en\/olive-oil-a-world-of-sensations\/mediterranean-recipes\/artichokes-with-virgin-olive-oil\/\">Artichokes with virgin olive oil<\/a><\/h3>\n<\/div>\n\n\n\n<div class=\"wp-block-column is-layout-flow wp-block-column-is-layout-flow\">\n<figure class=\"wp-block-image size-full\"><img decoding=\"async\" width=\"250\" height=\"343\" src=\"\/wp-content\/uploads\/2022\/11\/46ba9f2a6976570b0353203ec4474217g.jpg\" alt=\"\" class=\"wp-image-414\" srcset=\"https:\/\/aceitedelbajoaragon.es\/wp-content\/uploads\/2022\/11\/46ba9f2a6976570b0353203ec4474217g-200x274.jpg 200w, https:\/\/aceitedelbajoaragon.es\/wp-content\/uploads\/2022\/11\/46ba9f2a6976570b0353203ec4474217g-219x300.jpg 219w, https:\/\/aceitedelbajoaragon.es\/wp-content\/uploads\/2022\/11\/46ba9f2a6976570b0353203ec4474217g.jpg 250w\" sizes=\"(max-width: 250px) 100vw, 250px\" \/><\/figure>\n\n\n<h3 class=\"has-cyan-bluish-gray-color has-text-color wp-block-heading\"><a href=\"https:\/\/aceitedelbajoaragon.es\/en\/olive-oil-a-world-of-sensations\/mediterranean-recipes\/garlic-potato\/\">Garlic Potato<\/a><\/h3>\n<\/div>\n\n\n\n<div class=\"wp-block-column is-layout-flow wp-block-column-is-layout-flow\">\n<figure class=\"wp-block-image size-full\"><img decoding=\"async\" width=\"250\" height=\"368\" src=\"\/wp-content\/uploads\/2022\/11\/0f49c89d1e7298bb9930789c8ed59d48g.jpg\" alt=\"\" class=\"wp-image-416\" srcset=\"https:\/\/aceitedelbajoaragon.es\/wp-content\/uploads\/2022\/11\/0f49c89d1e7298bb9930789c8ed59d48g-200x294.jpg 200w, https:\/\/aceitedelbajoaragon.es\/wp-content\/uploads\/2022\/11\/0f49c89d1e7298bb9930789c8ed59d48g-204x300.jpg 204w, https:\/\/aceitedelbajoaragon.es\/wp-content\/uploads\/2022\/11\/0f49c89d1e7298bb9930789c8ed59d48g.jpg 250w\" sizes=\"(max-width: 250px) 100vw, 250px\" \/><\/figure>\n\n\n<h3 class=\"has-cyan-bluish-gray-color has-text-color wp-block-heading\"><a href=\"https:\/\/aceitedelbajoaragon.es\/en\/olive-oil-a-world-of-sensations\/mediterranean-recipes\/olive-oil-and-cockle-soup\/\">Olive oil and cockle soup<\/a><\/h3>\n<\/div>\n<\/div>\n\n<div class=\"wp-block-columns is-layout-flex wp-container-core-columns-is-layout-9d6595d7 wp-block-columns-is-layout-flex\">\n<div class=\"wp-block-column is-layout-flow wp-block-column-is-layout-flow\">\n<figure class=\"wp-block-image size-full\"><img decoding=\"async\" width=\"250\" height=\"250\" src=\"\/wp-content\/uploads\/2022\/11\/03c6b06952c750899bb03d998e631860g.jpg\" alt=\"\" class=\"wp-image-417\" srcset=\"https:\/\/aceitedelbajoaragon.es\/wp-content\/uploads\/2022\/11\/03c6b06952c750899bb03d998e631860g-66x66.jpg 66w, https:\/\/aceitedelbajoaragon.es\/wp-content\/uploads\/2022\/11\/03c6b06952c750899bb03d998e631860g-150x150.jpg 150w, https:\/\/aceitedelbajoaragon.es\/wp-content\/uploads\/2022\/11\/03c6b06952c750899bb03d998e631860g-200x200.jpg 200w, https:\/\/aceitedelbajoaragon.es\/wp-content\/uploads\/2022\/11\/03c6b06952c750899bb03d998e631860g.jpg 250w\" sizes=\"(max-width: 250px) 100vw, 250px\" \/><\/figure>\n\n\n<h3 class=\"has-cyan-bluish-gray-color has-text-color wp-block-heading\"><a href=\"https:\/\/aceitedelbajoaragon.es\/en\/olive-oil-a-world-of-sensations\/mediterranean-recipes\/cream-of-potato-with-oysters-truffle-and-olive-oil\/\">Cream of potato with oysters, truffle and olive oil<\/a><\/h3>\n<\/div>\n\n\n\n<div class=\"wp-block-column is-layout-flow wp-block-column-is-layout-flow\">\n<figure class=\"wp-block-image size-full\"><img decoding=\"async\" width=\"250\" height=\"250\" src=\"\/wp-content\/uploads\/2022\/11\/c24cd76e1ce41366a4bbe8a49b02a028g.jpg\" alt=\"\" class=\"wp-image-418\" srcset=\"https:\/\/aceitedelbajoaragon.es\/wp-content\/uploads\/2022\/11\/c24cd76e1ce41366a4bbe8a49b02a028g-66x66.jpg 66w, https:\/\/aceitedelbajoaragon.es\/wp-content\/uploads\/2022\/11\/c24cd76e1ce41366a4bbe8a49b02a028g-150x150.jpg 150w, https:\/\/aceitedelbajoaragon.es\/wp-content\/uploads\/2022\/11\/c24cd76e1ce41366a4bbe8a49b02a028g-200x200.jpg 200w, https:\/\/aceitedelbajoaragon.es\/wp-content\/uploads\/2022\/11\/c24cd76e1ce41366a4bbe8a49b02a028g.jpg 250w\" sizes=\"(max-width: 250px) 100vw, 250px\" \/><\/figure>\n\n\n<h3 class=\"has-cyan-bluish-gray-color has-text-color wp-block-heading\"><a href=\"https:\/\/aceitedelbajoaragon.es\/en\/olive-oil-a-world-of-sensations\/mediterranean-recipes\/salmorejo-salad\/\">\u201cSalmorejo\u201d salad<\/a><\/h3>\n<\/div>\n\n\n\n<div class=\"wp-block-column is-layout-flow wp-block-column-is-layout-flow\">\n<figure class=\"wp-block-image size-full\"><img decoding=\"async\" width=\"250\" height=\"250\" src=\"\/wp-content\/uploads\/2022\/11\/6c9882bbac1c7093bd25041881277658g.jpg\" alt=\"\" class=\"wp-image-419\" srcset=\"https:\/\/aceitedelbajoaragon.es\/wp-content\/uploads\/2022\/11\/6c9882bbac1c7093bd25041881277658g-66x66.jpg 66w, https:\/\/aceitedelbajoaragon.es\/wp-content\/uploads\/2022\/11\/6c9882bbac1c7093bd25041881277658g-150x150.jpg 150w, https:\/\/aceitedelbajoaragon.es\/wp-content\/uploads\/2022\/11\/6c9882bbac1c7093bd25041881277658g-200x200.jpg 200w, https:\/\/aceitedelbajoaragon.es\/wp-content\/uploads\/2022\/11\/6c9882bbac1c7093bd25041881277658g.jpg 250w\" sizes=\"(max-width: 250px) 100vw, 250px\" \/><\/figure>\n\n\n<h3 class=\"has-cyan-bluish-gray-color has-text-color wp-block-heading\"><a href=\"https:\/\/aceitedelbajoaragon.es\/en\/olive-oil-a-world-of-sensations\/mediterranean-recipes\/garlic-paste-mousse\/\">Garlic paste mousse<\/a><\/h3>\n<\/div>\n<\/div>\n\n<div class=\"wp-block-columns is-layout-flex wp-container-core-columns-is-layout-9d6595d7 wp-block-columns-is-layout-flex\">\n<div class=\"wp-block-column is-layout-flow wp-block-column-is-layout-flow\">\n<figure class=\"wp-block-image size-full\"><img decoding=\"async\" width=\"250\" height=\"250\" src=\"\/wp-content\/uploads\/2022\/11\/36660e59856b4de58a219bcf4e27eba3g.jpg\" alt=\"\" class=\"wp-image-420\" srcset=\"https:\/\/aceitedelbajoaragon.es\/wp-content\/uploads\/2022\/11\/36660e59856b4de58a219bcf4e27eba3g-66x66.jpg 66w, https:\/\/aceitedelbajoaragon.es\/wp-content\/uploads\/2022\/11\/36660e59856b4de58a219bcf4e27eba3g-150x150.jpg 150w, https:\/\/aceitedelbajoaragon.es\/wp-content\/uploads\/2022\/11\/36660e59856b4de58a219bcf4e27eba3g-200x200.jpg 200w, https:\/\/aceitedelbajoaragon.es\/wp-content\/uploads\/2022\/11\/36660e59856b4de58a219bcf4e27eba3g.jpg 250w\" sizes=\"(max-width: 250px) 100vw, 250px\" \/><\/figure>\n\n\n<h3 class=\"has-cyan-bluish-gray-color has-text-color wp-block-heading\"><a href=\"https:\/\/aceitedelbajoaragon.es\/en\/olive-oil-a-world-of-sensations\/mediterranean-recipes\/rosemary-flavoured-hake-with-almond-oils\/\">Rosemary-flavoured hake with almond oils<\/a><\/h3>\n<\/div>\n\n\n\n<div class=\"wp-block-column is-layout-flow wp-block-column-is-layout-flow\">\n<figure class=\"wp-block-image size-full is-resized\"><img decoding=\"async\" src=\"\/wp-content\/uploads\/2022\/11\/16a5cdae362b8d27a1d8f8c7b78b4330g.jpg\" alt=\"\" class=\"wp-image-421\" width=\"177\" height=\"249\" srcset=\"https:\/\/aceitedelbajoaragon.es\/wp-content\/uploads\/2022\/11\/16a5cdae362b8d27a1d8f8c7b78b4330g-200x281.jpg 200w, https:\/\/aceitedelbajoaragon.es\/wp-content\/uploads\/2022\/11\/16a5cdae362b8d27a1d8f8c7b78b4330g-214x300.jpg 214w, https:\/\/aceitedelbajoaragon.es\/wp-content\/uploads\/2022\/11\/16a5cdae362b8d27a1d8f8c7b78b4330g.jpg 250w\" sizes=\"(max-width: 177px) 100vw, 177px\" \/><\/figure>\n\n\n<h3 class=\"has-cyan-bluish-gray-color has-text-color wp-block-heading\"><a href=\"https:\/\/aceitedelbajoaragon.es\/en\/olive-oil-a-world-of-sensations\/mediterranean-recipes\/monkfish-and-crayfish-carpaccio-with-virgin-olive-oil-and-spring-vinaigrette\/\">Monkfish and crayfish carpaccio with virgin olive oil and spring vinaigrette<\/a><\/h3>\n<\/div>\n\n\n\n<div class=\"wp-block-column is-layout-flow wp-block-column-is-layout-flow\">\n<figure class=\"wp-block-image size-full\"><img decoding=\"async\" width=\"250\" height=\"250\" src=\"\/wp-content\/uploads\/2022\/11\/07cdfd23373b17c6b337251c22b7ea57g.jpg\" alt=\"\" class=\"wp-image-422\" srcset=\"https:\/\/aceitedelbajoaragon.es\/wp-content\/uploads\/2022\/11\/07cdfd23373b17c6b337251c22b7ea57g-66x66.jpg 66w, https:\/\/aceitedelbajoaragon.es\/wp-content\/uploads\/2022\/11\/07cdfd23373b17c6b337251c22b7ea57g-150x150.jpg 150w, https:\/\/aceitedelbajoaragon.es\/wp-content\/uploads\/2022\/11\/07cdfd23373b17c6b337251c22b7ea57g-200x200.jpg 200w, https:\/\/aceitedelbajoaragon.es\/wp-content\/uploads\/2022\/11\/07cdfd23373b17c6b337251c22b7ea57g.jpg 250w\" sizes=\"(max-width: 250px) 100vw, 250px\" \/><\/figure>\n\n\n<h3 class=\"has-cyan-bluish-gray-color has-text-color wp-block-heading\"><a href=\"https:\/\/aceitedelbajoaragon.es\/en\/olive-oil-a-world-of-sensations\/mediterranean-recipes\/lobster-and-monkfish-ragout-with-asparagus-sauce-soy-mayonnaise-and-virgin-olive-oil\/\">Lobster and monkfish ragout with asparagus sauce, soy mayonnaise and virgin olive oil<\/a><\/h3>\n<\/div>\n<\/div>\n\n<div class=\"wp-block-columns is-layout-flex wp-container-core-columns-is-layout-9d6595d7 wp-block-columns-is-layout-flex\">\n<div class=\"wp-block-column is-vertically-aligned-top is-layout-flow wp-block-column-is-layout-flow\">\n<div class=\"wp-block-buttons is-content-justification-right is-layout-flex wp-container-core-buttons-is-layout-765c4724 wp-block-buttons-is-layout-flex\">\n<div class=\"wp-block-button has-custom-font-size is-style-fill has-normal-font-size\"><a class=\"wp-block-button__link has-background wp-element-button\" href=\"https:\/\/aceitedelbajoaragon.es\/en\/olive-oil-a-world-of-sensations\/mediterranean-recipes-2\/\" style=\"border-radius:100px;background-color:#4f7537\">Next page<\/a><\/div>\n<\/div>\n<\/div>\n<\/div>\n","protected":false},"excerpt":{"rendered":"<p>Mediterranean recipes Aceite del Bajo Arag\u00f3n is ideal for Mediterranean [&hellip;]<\/p>\n","protected":false},"author":1,"featured_media":0,"parent":873,"menu_order":0,"comment_status":"closed","ping_status":"closed","template":"","meta":{"footnotes":""},"class_list":["post-887","page","type-page","status-publish","hentry"],"yoast_head":"<!-- This site is optimized with the Yoast SEO plugin v27.4 - https:\/\/yoast.com\/product\/yoast-seo-wordpress\/ -->\n<title>Mediterranean recipes - Aceite del Bajo Arag\u00f3n<\/title>\n<meta name=\"robots\" content=\"index, follow, max-snippet:-1, max-image-preview:large, max-video-preview:-1\" \/>\n<link rel=\"canonical\" href=\"https:\/\/aceitedelbajoaragon.es\/en\/olive-oil-a-world-of-sensations\/mediterranean-recipes\" \/>\n<meta property=\"og:locale\" content=\"en_US\" \/>\n<meta property=\"og:type\" content=\"article\" \/>\n<meta property=\"og:title\" content=\"Mediterranean recipes - Aceite del Bajo Arag\u00f3n\" \/>\n<meta property=\"og:description\" content=\"Mediterranean recipes Aceite del Bajo Arag\u00f3n is ideal for Mediterranean [&hellip;]\" \/>\n<meta property=\"og:url\" content=\"https:\/\/aceitedelbajoaragon.es\/en\/olive-oil-a-world-of-sensations\/mediterranean-recipes\" \/>\n<meta property=\"og:site_name\" content=\"Aceite del Bajo Arag\u00f3n\" \/>\n<meta property=\"article:publisher\" content=\"https:\/\/www.facebook.com\/aceitedelbajoaragon.d.o.p\/timeline\/\" \/>\n<meta property=\"article:modified_time\" content=\"2023-11-21T12:01:18+00:00\" \/>\n<meta name=\"twitter:card\" content=\"summary_large_image\" \/>\n<meta name=\"twitter:site\" content=\"@DOPAceiteBA\" \/>\n<script type=\"application\/ld+json\" class=\"yoast-schema-graph\">{\"@context\":\"https:\\\/\\\/schema.org\",\"@graph\":[{\"@type\":\"WebPage\",\"@id\":\"https:\\\/\\\/aceitedelbajoaragon.es\\\/en\\\/olive-oil-a-world-of-sensations\\\/mediterranean-recipes\",\"url\":\"https:\\\/\\\/aceitedelbajoaragon.es\\\/en\\\/olive-oil-a-world-of-sensations\\\/mediterranean-recipes\",\"name\":\"Mediterranean recipes - Aceite del Bajo Arag\u00f3n\",\"isPartOf\":{\"@id\":\"https:\\\/\\\/aceitedelbajoaragon.es\\\/en#website\"},\"datePublished\":\"2022-11-21T13:25:53+00:00\",\"dateModified\":\"2023-11-21T12:01:18+00:00\",\"breadcrumb\":{\"@id\":\"https:\\\/\\\/aceitedelbajoaragon.es\\\/en\\\/olive-oil-a-world-of-sensations\\\/mediterranean-recipes#breadcrumb\"},\"inLanguage\":\"en-US\",\"potentialAction\":[{\"@type\":\"ReadAction\",\"target\":[\"https:\\\/\\\/aceitedelbajoaragon.es\\\/en\\\/olive-oil-a-world-of-sensations\\\/mediterranean-recipes\"]}]},{\"@type\":\"BreadcrumbList\",\"@id\":\"https:\\\/\\\/aceitedelbajoaragon.es\\\/en\\\/olive-oil-a-world-of-sensations\\\/mediterranean-recipes#breadcrumb\",\"itemListElement\":[{\"@type\":\"ListItem\",\"position\":1,\"name\":\"Inicio\",\"item\":\"https:\\\/\\\/aceitedelbajoaragon.es\\\/en\"},{\"@type\":\"ListItem\",\"position\":2,\"name\":\"Olive oil. A world of sensations\",\"item\":\"https:\\\/\\\/aceitedelbajoaragon.es\\\/en\\\/olive-oil-a-world-of-sensations\"},{\"@type\":\"ListItem\",\"position\":3,\"name\":\"Mediterranean recipes\"}]},{\"@type\":\"WebSite\",\"@id\":\"https:\\\/\\\/aceitedelbajoaragon.es\\\/en#website\",\"url\":\"https:\\\/\\\/aceitedelbajoaragon.es\\\/en\",\"name\":\"Aceite del Bajo Arag\u00f3n\",\"description\":\"El Bajo Arag\u00f3n, una de las zonas m\u00e1s propicias del mundo para el cultivo del olivo y donde se produce el mejor aceite de oliva.\",\"publisher\":{\"@id\":\"https:\\\/\\\/aceitedelbajoaragon.es\\\/en#organization\"},\"potentialAction\":[{\"@type\":\"SearchAction\",\"target\":{\"@type\":\"EntryPoint\",\"urlTemplate\":\"https:\\\/\\\/aceitedelbajoaragon.es\\\/en?s={search_term_string}\"},\"query-input\":{\"@type\":\"PropertyValueSpecification\",\"valueRequired\":true,\"valueName\":\"search_term_string\"}}],\"inLanguage\":\"en-US\"},{\"@type\":\"Organization\",\"@id\":\"https:\\\/\\\/aceitedelbajoaragon.es\\\/en#organization\",\"name\":\"Aceite del Bajo Arag\u00f3n\",\"url\":\"https:\\\/\\\/aceitedelbajoaragon.es\\\/en\",\"logo\":{\"@type\":\"ImageObject\",\"inLanguage\":\"en-US\",\"@id\":\"https:\\\/\\\/aceitedelbajoaragon.es\\\/en#\\\/schema\\\/logo\\\/image\\\/\",\"url\":\"\",\"contentUrl\":\"\",\"caption\":\"Aceite del Bajo Arag\u00f3n\"},\"image\":{\"@id\":\"https:\\\/\\\/aceitedelbajoaragon.es\\\/en#\\\/schema\\\/logo\\\/image\\\/\"},\"sameAs\":[\"https:\\\/\\\/www.facebook.com\\\/aceitedelbajoaragon.d.o.p\\\/timeline\\\/\",\"https:\\\/\\\/x.com\\\/DOPAceiteBA\",\"https:\\\/\\\/www.youtube.com\\\/user\\\/aceitedelbajoaragon\"]}]}<\/script>\n<!-- \/ Yoast SEO plugin. -->","yoast_head_json":{"title":"Mediterranean recipes - Aceite del Bajo Arag\u00f3n","robots":{"index":"index","follow":"follow","max-snippet":"max-snippet:-1","max-image-preview":"max-image-preview:large","max-video-preview":"max-video-preview:-1"},"canonical":"https:\/\/aceitedelbajoaragon.es\/en\/olive-oil-a-world-of-sensations\/mediterranean-recipes","og_locale":"en_US","og_type":"article","og_title":"Mediterranean recipes - Aceite del Bajo Arag\u00f3n","og_description":"Mediterranean recipes Aceite del Bajo Arag\u00f3n is ideal for Mediterranean [&hellip;]","og_url":"https:\/\/aceitedelbajoaragon.es\/en\/olive-oil-a-world-of-sensations\/mediterranean-recipes","og_site_name":"Aceite del Bajo Arag\u00f3n","article_publisher":"https:\/\/www.facebook.com\/aceitedelbajoaragon.d.o.p\/timeline\/","article_modified_time":"2023-11-21T12:01:18+00:00","twitter_card":"summary_large_image","twitter_site":"@DOPAceiteBA","schema":{"@context":"https:\/\/schema.org","@graph":[{"@type":"WebPage","@id":"https:\/\/aceitedelbajoaragon.es\/en\/olive-oil-a-world-of-sensations\/mediterranean-recipes","url":"https:\/\/aceitedelbajoaragon.es\/en\/olive-oil-a-world-of-sensations\/mediterranean-recipes","name":"Mediterranean recipes - Aceite del Bajo Arag\u00f3n","isPartOf":{"@id":"https:\/\/aceitedelbajoaragon.es\/en#website"},"datePublished":"2022-11-21T13:25:53+00:00","dateModified":"2023-11-21T12:01:18+00:00","breadcrumb":{"@id":"https:\/\/aceitedelbajoaragon.es\/en\/olive-oil-a-world-of-sensations\/mediterranean-recipes#breadcrumb"},"inLanguage":"en-US","potentialAction":[{"@type":"ReadAction","target":["https:\/\/aceitedelbajoaragon.es\/en\/olive-oil-a-world-of-sensations\/mediterranean-recipes"]}]},{"@type":"BreadcrumbList","@id":"https:\/\/aceitedelbajoaragon.es\/en\/olive-oil-a-world-of-sensations\/mediterranean-recipes#breadcrumb","itemListElement":[{"@type":"ListItem","position":1,"name":"Inicio","item":"https:\/\/aceitedelbajoaragon.es\/en"},{"@type":"ListItem","position":2,"name":"Olive oil. A world of sensations","item":"https:\/\/aceitedelbajoaragon.es\/en\/olive-oil-a-world-of-sensations"},{"@type":"ListItem","position":3,"name":"Mediterranean recipes"}]},{"@type":"WebSite","@id":"https:\/\/aceitedelbajoaragon.es\/en#website","url":"https:\/\/aceitedelbajoaragon.es\/en","name":"Aceite del Bajo Arag\u00f3n","description":"El Bajo Arag\u00f3n, una de las zonas m\u00e1s propicias del mundo para el cultivo del olivo y donde se produce el mejor aceite de oliva.","publisher":{"@id":"https:\/\/aceitedelbajoaragon.es\/en#organization"},"potentialAction":[{"@type":"SearchAction","target":{"@type":"EntryPoint","urlTemplate":"https:\/\/aceitedelbajoaragon.es\/en?s={search_term_string}"},"query-input":{"@type":"PropertyValueSpecification","valueRequired":true,"valueName":"search_term_string"}}],"inLanguage":"en-US"},{"@type":"Organization","@id":"https:\/\/aceitedelbajoaragon.es\/en#organization","name":"Aceite del Bajo Arag\u00f3n","url":"https:\/\/aceitedelbajoaragon.es\/en","logo":{"@type":"ImageObject","inLanguage":"en-US","@id":"https:\/\/aceitedelbajoaragon.es\/en#\/schema\/logo\/image\/","url":"","contentUrl":"","caption":"Aceite del Bajo Arag\u00f3n"},"image":{"@id":"https:\/\/aceitedelbajoaragon.es\/en#\/schema\/logo\/image\/"},"sameAs":["https:\/\/www.facebook.com\/aceitedelbajoaragon.d.o.p\/timeline\/","https:\/\/x.com\/DOPAceiteBA","https:\/\/www.youtube.com\/user\/aceitedelbajoaragon"]}]}},"_links":{"self":[{"href":"https:\/\/aceitedelbajoaragon.es\/en\/wp-json\/wp\/v2\/pages\/887","targetHints":{"allow":["GET"]}}],"collection":[{"href":"https:\/\/aceitedelbajoaragon.es\/en\/wp-json\/wp\/v2\/pages"}],"about":[{"href":"https:\/\/aceitedelbajoaragon.es\/en\/wp-json\/wp\/v2\/types\/page"}],"author":[{"embeddable":true,"href":"https:\/\/aceitedelbajoaragon.es\/en\/wp-json\/wp\/v2\/users\/1"}],"replies":[{"embeddable":true,"href":"https:\/\/aceitedelbajoaragon.es\/en\/wp-json\/wp\/v2\/comments?post=887"}],"version-history":[{"count":0,"href":"https:\/\/aceitedelbajoaragon.es\/en\/wp-json\/wp\/v2\/pages\/887\/revisions"}],"up":[{"embeddable":true,"href":"https:\/\/aceitedelbajoaragon.es\/en\/wp-json\/wp\/v2\/pages\/873"}],"wp:attachment":[{"href":"https:\/\/aceitedelbajoaragon.es\/en\/wp-json\/wp\/v2\/media?parent=887"}],"curies":[{"name":"wp","href":"https:\/\/api.w.org\/{rel}","templated":true}]}}