{"id":893,"date":"2022-11-24T11:06:18","date_gmt":"2022-11-24T11:06:18","guid":{"rendered":"https:\/\/aceitedelbajoaragon.es\/olive-oil-a-world-of-sensations\/mediterranean-recipes-2\/"},"modified":"2023-11-22T08:15:25","modified_gmt":"2023-11-22T08:15:25","slug":"mediterranean-recipes-2","status":"publish","type":"page","link":"https:\/\/aceitedelbajoaragon.es\/en\/olive-oil-a-world-of-sensations\/mediterranean-recipes-2","title":{"rendered":"Mediterranean recipes 2"},"content":{"rendered":"\n<h2 class=\"has-text-color wp-block-heading\" style=\"color:#4f7537\">Mediterranean recipes<\/h2>\n\n<p>Aceite del Bajo Arag\u00f3n is ideal for Mediterranean cuisine. Its body, acidity and flavour make the dishes prepared with it a delight to the palate.<\/p>\n\n<div class=\"wp-block-columns is-layout-flex wp-container-core-columns-is-layout-9d6595d7 wp-block-columns-is-layout-flex\">\n<div class=\"wp-block-column is-layout-flow wp-block-column-is-layout-flow\">\n<figure class=\"wp-block-image size-full\"><img decoding=\"async\" width=\"250\" height=\"318\" src=\"\/wp-content\/uploads\/2022\/11\/20f07591c6fcb220ffe637cda29bb3f6g.jpg\" alt=\"\" class=\"wp-image-385\" srcset=\"https:\/\/aceitedelbajoaragon.es\/wp-content\/uploads\/2022\/11\/20f07591c6fcb220ffe637cda29bb3f6g-200x254.jpg 200w, https:\/\/aceitedelbajoaragon.es\/wp-content\/uploads\/2022\/11\/20f07591c6fcb220ffe637cda29bb3f6g-236x300.jpg 236w, https:\/\/aceitedelbajoaragon.es\/wp-content\/uploads\/2022\/11\/20f07591c6fcb220ffe637cda29bb3f6g.jpg 250w\" sizes=\"(max-width: 250px) 100vw, 250px\" \/><\/figure>\n\n\n<h3 class=\"has-cyan-bluish-gray-color has-text-color wp-block-heading\"><a href=\"https:\/\/aceitedelbajoaragon.es\/en\/olive-oil-a-world-of-sensations\/mediterranean-recipes-2\/montadito-of-octopus-from-pedrero-with-parsley-oil\/\">Montadito of octopus from pedrero with parsley oil<\/a><\/h3>\n<\/div>\n\n\n\n<div class=\"wp-block-column is-layout-flow wp-block-column-is-layout-flow\">\n<figure class=\"wp-block-image size-full is-resized\"><img decoding=\"async\" src=\"\/wp-content\/uploads\/2022\/11\/19f3cd308f1455b3fa09a282e0d496f4g.jpg\" alt=\"\" class=\"wp-image-386\" width=\"276\" height=\"276\" srcset=\"https:\/\/aceitedelbajoaragon.es\/wp-content\/uploads\/2022\/11\/19f3cd308f1455b3fa09a282e0d496f4g-66x66.jpg 66w, https:\/\/aceitedelbajoaragon.es\/wp-content\/uploads\/2022\/11\/19f3cd308f1455b3fa09a282e0d496f4g-150x150.jpg 150w, https:\/\/aceitedelbajoaragon.es\/wp-content\/uploads\/2022\/11\/19f3cd308f1455b3fa09a282e0d496f4g-200x200.jpg 200w, https:\/\/aceitedelbajoaragon.es\/wp-content\/uploads\/2022\/11\/19f3cd308f1455b3fa09a282e0d496f4g.jpg 250w\" sizes=\"(max-width: 276px) 100vw, 276px\" \/><\/figure>\n\n\n<h3 class=\"has-cyan-bluish-gray-color has-text-color wp-block-heading\"><a href=\"https:\/\/aceitedelbajoaragon.es\/en\/olive-oil-a-world-of-sensations\/mediterranean-recipes-2\/cod-mousse-with-pil-pil-sauce\/\">Cod mousse with pil-pil sauce<\/a><\/h3>\n<\/div>\n\n\n\n<div class=\"wp-block-column is-layout-flow wp-block-column-is-layout-flow\">\n<figure class=\"wp-block-image size-full is-resized\"><img decoding=\"async\" src=\"\/wp-content\/uploads\/2022\/11\/63923f49e5241343aa7acb6a06a751e7g.jpg\" alt=\"\" class=\"wp-image-387\" width=\"214\" height=\"315\" srcset=\"https:\/\/aceitedelbajoaragon.es\/wp-content\/uploads\/2022\/11\/63923f49e5241343aa7acb6a06a751e7g-200x294.jpg 200w, https:\/\/aceitedelbajoaragon.es\/wp-content\/uploads\/2022\/11\/63923f49e5241343aa7acb6a06a751e7g-204x300.jpg 204w, https:\/\/aceitedelbajoaragon.es\/wp-content\/uploads\/2022\/11\/63923f49e5241343aa7acb6a06a751e7g.jpg 250w\" sizes=\"(max-width: 214px) 100vw, 214px\" \/><\/figure>\n\n\n<h3 class=\"has-cyan-bluish-gray-color has-text-color wp-block-heading\"><a href=\"https:\/\/aceitedelbajoaragon.es\/en\/olive-oil-a-world-of-sensations\/mediterranean-recipes-2\/grilled-octopus-with-potato-and-olive-oil-emulsion\/\">Grilled octopus with potato and olive oil emulsion<\/a><\/h3>\n<\/div>\n<\/div>\n\n<div class=\"wp-block-columns is-layout-flex wp-container-core-columns-is-layout-9d6595d7 wp-block-columns-is-layout-flex\">\n<div class=\"wp-block-column is-layout-flow wp-block-column-is-layout-flow\">\n<figure class=\"wp-block-image size-full\"><img decoding=\"async\" width=\"250\" height=\"242\" src=\"\/wp-content\/uploads\/2022\/11\/d947bf06a885db0d477d707121934ff8g.jpg\" alt=\"\" class=\"wp-image-407\" srcset=\"https:\/\/aceitedelbajoaragon.es\/wp-content\/uploads\/2022\/11\/d947bf06a885db0d477d707121934ff8g-200x194.jpg 200w, https:\/\/aceitedelbajoaragon.es\/wp-content\/uploads\/2022\/11\/d947bf06a885db0d477d707121934ff8g.jpg 250w\" sizes=\"(max-width: 250px) 100vw, 250px\" \/><\/figure>\n\n\n<h3 class=\"has-cyan-bluish-gray-color has-text-color wp-block-heading\"><a href=\"https:\/\/aceitedelbajoaragon.es\/en\/olive-oil-a-world-of-sensations\/mediterranean-recipes-2\/pigeon-confit-with-warm-olive-oil-mousse\/\">Pigeon confit with warm olive oil mousse<\/a><\/h3>\n<\/div>\n\n\n\n<div class=\"wp-block-column is-layout-flow wp-block-column-is-layout-flow\">\n<figure class=\"wp-block-image size-full\"><img decoding=\"async\" width=\"250\" height=\"250\" src=\"\/wp-content\/uploads\/2022\/11\/4734ba6f3de83d861c3176a6273cac6dg.jpg\" alt=\"\" class=\"wp-image-406\" srcset=\"https:\/\/aceitedelbajoaragon.es\/wp-content\/uploads\/2022\/11\/4734ba6f3de83d861c3176a6273cac6dg-66x66.jpg 66w, https:\/\/aceitedelbajoaragon.es\/wp-content\/uploads\/2022\/11\/4734ba6f3de83d861c3176a6273cac6dg-150x150.jpg 150w, https:\/\/aceitedelbajoaragon.es\/wp-content\/uploads\/2022\/11\/4734ba6f3de83d861c3176a6273cac6dg-200x200.jpg 200w, https:\/\/aceitedelbajoaragon.es\/wp-content\/uploads\/2022\/11\/4734ba6f3de83d861c3176a6273cac6dg.jpg 250w\" sizes=\"(max-width: 250px) 100vw, 250px\" \/><\/figure>\n\n\n<h3 class=\"has-cyan-bluish-gray-color has-text-color wp-block-heading\"><a href=\"https:\/\/aceitedelbajoaragon.es\/en\/olive-oil-a-world-of-sensations\/mediterranean-recipes-2\/oven-roasted-lamb-with-snail-ragout-mushroom-confit-and-truffle-oil\/\">Oven-roasted lamb with snail ragout, mushroom confit and truffle oil<\/a><\/h3>\n<\/div>\n\n\n\n<div class=\"wp-block-column is-layout-flow wp-block-column-is-layout-flow\">\n<figure class=\"wp-block-image size-full\"><img decoding=\"async\" width=\"250\" height=\"250\" src=\"\/wp-content\/uploads\/2022\/11\/7a614fd06c325499f1680b9896beedebg.jpg\" alt=\"\" class=\"wp-image-408\" srcset=\"https:\/\/aceitedelbajoaragon.es\/wp-content\/uploads\/2022\/11\/7a614fd06c325499f1680b9896beedebg-66x66.jpg 66w, https:\/\/aceitedelbajoaragon.es\/wp-content\/uploads\/2022\/11\/7a614fd06c325499f1680b9896beedebg-150x150.jpg 150w, https:\/\/aceitedelbajoaragon.es\/wp-content\/uploads\/2022\/11\/7a614fd06c325499f1680b9896beedebg-200x200.jpg 200w, https:\/\/aceitedelbajoaragon.es\/wp-content\/uploads\/2022\/11\/7a614fd06c325499f1680b9896beedebg.jpg 250w\" sizes=\"(max-width: 250px) 100vw, 250px\" \/><\/figure>\n\n\n<h3 class=\"has-cyan-bluish-gray-color has-text-color wp-block-heading\"><a href=\"https:\/\/aceitedelbajoaragon.es\/en\/olive-oil-a-world-of-sensations\/mediterranean-recipes-2\/roast-pigeon-with-lime-and-cardamom\/\">Roast pigeon with lime and cardamom<\/a><\/h3>\n<\/div>\n<\/div>\n\n<div class=\"wp-block-columns is-layout-flex wp-container-core-columns-is-layout-9d6595d7 wp-block-columns-is-layout-flex\">\n<div class=\"wp-block-column is-layout-flow wp-block-column-is-layout-flow\">\n<figure class=\"wp-block-image size-full\"><img decoding=\"async\" width=\"250\" height=\"250\" src=\"\/wp-content\/uploads\/2022\/11\/7f100b7b36092fb9b06dfb4fac360931g.jpg\" alt=\"\" class=\"wp-image-392\" srcset=\"https:\/\/aceitedelbajoaragon.es\/wp-content\/uploads\/2022\/11\/7f100b7b36092fb9b06dfb4fac360931g-66x66.jpg 66w, https:\/\/aceitedelbajoaragon.es\/wp-content\/uploads\/2022\/11\/7f100b7b36092fb9b06dfb4fac360931g-150x150.jpg 150w, https:\/\/aceitedelbajoaragon.es\/wp-content\/uploads\/2022\/11\/7f100b7b36092fb9b06dfb4fac360931g-200x200.jpg 200w, https:\/\/aceitedelbajoaragon.es\/wp-content\/uploads\/2022\/11\/7f100b7b36092fb9b06dfb4fac360931g.jpg 250w\" sizes=\"(max-width: 250px) 100vw, 250px\" \/><\/figure>\n\n\n<h3 class=\"has-cyan-bluish-gray-color has-text-color wp-block-heading\"><a href=\"https:\/\/aceitedelbajoaragon.es\/en\/olive-oil-a-world-of-sensations\/mediterranean-recipes-2\/pigs-trotters-on-truffled-beans-and-mashed-potatoes-with-olive-oil\/\">Pig&#8217;s trotters on truffled beans and mashed potatoes with olive oil<\/a><\/h3>\n<\/div>\n\n\n\n<div class=\"wp-block-column is-layout-flow wp-block-column-is-layout-flow\">\n<figure class=\"wp-block-image size-full is-resized\"><img decoding=\"async\" src=\"\/wp-content\/uploads\/2022\/11\/39059724f73a9969845dfe4146c5660eg.jpg\" alt=\"\" class=\"wp-image-394\" width=\"228\" height=\"253\" srcset=\"https:\/\/aceitedelbajoaragon.es\/wp-content\/uploads\/2022\/11\/39059724f73a9969845dfe4146c5660eg-200x222.jpg 200w, https:\/\/aceitedelbajoaragon.es\/wp-content\/uploads\/2022\/11\/39059724f73a9969845dfe4146c5660eg.jpg 250w\" sizes=\"(max-width: 228px) 100vw, 228px\" \/><\/figure>\n\n\n<h3 class=\"has-cyan-bluish-gray-color has-text-color wp-block-heading\"><a href=\"https:\/\/aceitedelbajoaragon.es\/en\/olive-oil-a-world-of-sensations\/mediterranean-recipes-2\/pate-of-partridge-and-gelee-of-its-marinade-with-celery-texture-and-virgin-olive-oil\/\">P\u00e2t\u00e9 of partridge and gel\u00e9e of its marinade with celery texture and virgin olive oil<\/a><\/h3>\n<\/div>\n\n\n\n<div class=\"wp-block-column is-layout-flow wp-block-column-is-layout-flow\">\n<figure class=\"wp-block-image size-full is-resized\"><img decoding=\"async\" src=\"\/wp-content\/uploads\/2022\/11\/06138bc5af6023646ede0e1f7c1eac75g.jpg\" alt=\"\" class=\"wp-image-395\" width=\"170\" height=\"257\" srcset=\"https:\/\/aceitedelbajoaragon.es\/wp-content\/uploads\/2022\/11\/06138bc5af6023646ede0e1f7c1eac75g-199x300.jpg 199w, https:\/\/aceitedelbajoaragon.es\/wp-content\/uploads\/2022\/11\/06138bc5af6023646ede0e1f7c1eac75g-200x302.jpg 200w, https:\/\/aceitedelbajoaragon.es\/wp-content\/uploads\/2022\/11\/06138bc5af6023646ede0e1f7c1eac75g.jpg 250w\" sizes=\"(max-width: 170px) 100vw, 170px\" \/><\/figure>\n\n\n<h3 class=\"has-cyan-bluish-gray-color has-text-color wp-block-heading\"><a href=\"https:\/\/aceitedelbajoaragon.es\/en\/olive-oil-a-world-of-sensations\/mediterranean-recipes-2\/chocolate-turbante-filled-with-nougat-mousse-and-olive-oil-ice-cream\/\">Chocolate turbante filled with nougat mousse and olive oil ice cream<\/a><\/h3>\n<\/div>\n<\/div>\n\n<div class=\"wp-block-buttons is-content-justification-right is-layout-flex wp-container-core-buttons-is-layout-765c4724 wp-block-buttons-is-layout-flex\">\n<div class=\"wp-block-button has-custom-font-size has-normal-font-size\"><a class=\"wp-block-button__link has-background wp-element-button\" href=\"https:\/\/aceitedelbajoaragon.es\/en\/olive-oil-a-world-of-sensations\/mediterranean-recipes\/\" style=\"border-radius:100px;background-color:#4f7537\">Previous page<\/a><\/div>\n<\/div>\n","protected":false},"excerpt":{"rendered":"<p>Mediterranean recipes Aceite del Bajo Arag\u00f3n is ideal for Mediterranean [&hellip;]<\/p>\n","protected":false},"author":1,"featured_media":0,"parent":873,"menu_order":0,"comment_status":"closed","ping_status":"closed","template":"","meta":{"footnotes":""},"class_list":["post-893","page","type-page","status-publish","hentry"],"yoast_head":"<!-- This site is optimized with the Yoast SEO plugin v27.4 - https:\/\/yoast.com\/product\/yoast-seo-wordpress\/ -->\n<title>Mediterranean recipes 2 - Aceite del Bajo Arag\u00f3n<\/title>\n<meta name=\"robots\" content=\"index, follow, max-snippet:-1, max-image-preview:large, max-video-preview:-1\" \/>\n<link rel=\"canonical\" href=\"https:\/\/aceitedelbajoaragon.es\/en\/olive-oil-a-world-of-sensations\/mediterranean-recipes-2\" \/>\n<meta property=\"og:locale\" content=\"en_US\" \/>\n<meta property=\"og:type\" content=\"article\" \/>\n<meta property=\"og:title\" content=\"Mediterranean recipes 2 - Aceite del Bajo Arag\u00f3n\" \/>\n<meta property=\"og:description\" content=\"Mediterranean recipes Aceite del Bajo Arag\u00f3n is ideal for Mediterranean [&hellip;]\" \/>\n<meta property=\"og:url\" content=\"https:\/\/aceitedelbajoaragon.es\/en\/olive-oil-a-world-of-sensations\/mediterranean-recipes-2\" \/>\n<meta property=\"og:site_name\" content=\"Aceite del Bajo Arag\u00f3n\" \/>\n<meta property=\"article:publisher\" content=\"https:\/\/www.facebook.com\/aceitedelbajoaragon.d.o.p\/timeline\/\" \/>\n<meta property=\"article:modified_time\" content=\"2023-11-22T08:15:25+00:00\" \/>\n<meta name=\"twitter:card\" content=\"summary_large_image\" \/>\n<meta name=\"twitter:site\" content=\"@DOPAceiteBA\" \/>\n<meta name=\"twitter:label1\" content=\"Est. reading time\" \/>\n\t<meta name=\"twitter:data1\" content=\"1 minute\" \/>\n<script type=\"application\/ld+json\" class=\"yoast-schema-graph\">{\"@context\":\"https:\\\/\\\/schema.org\",\"@graph\":[{\"@type\":\"WebPage\",\"@id\":\"https:\\\/\\\/aceitedelbajoaragon.es\\\/en\\\/olive-oil-a-world-of-sensations\\\/mediterranean-recipes-2\",\"url\":\"https:\\\/\\\/aceitedelbajoaragon.es\\\/en\\\/olive-oil-a-world-of-sensations\\\/mediterranean-recipes-2\",\"name\":\"Mediterranean recipes 2 - Aceite del Bajo Arag\u00f3n\",\"isPartOf\":{\"@id\":\"https:\\\/\\\/aceitedelbajoaragon.es\\\/en#website\"},\"datePublished\":\"2022-11-24T11:06:18+00:00\",\"dateModified\":\"2023-11-22T08:15:25+00:00\",\"breadcrumb\":{\"@id\":\"https:\\\/\\\/aceitedelbajoaragon.es\\\/en\\\/olive-oil-a-world-of-sensations\\\/mediterranean-recipes-2#breadcrumb\"},\"inLanguage\":\"en-US\",\"potentialAction\":[{\"@type\":\"ReadAction\",\"target\":[\"https:\\\/\\\/aceitedelbajoaragon.es\\\/en\\\/olive-oil-a-world-of-sensations\\\/mediterranean-recipes-2\"]}]},{\"@type\":\"BreadcrumbList\",\"@id\":\"https:\\\/\\\/aceitedelbajoaragon.es\\\/en\\\/olive-oil-a-world-of-sensations\\\/mediterranean-recipes-2#breadcrumb\",\"itemListElement\":[{\"@type\":\"ListItem\",\"position\":1,\"name\":\"Inicio\",\"item\":\"https:\\\/\\\/aceitedelbajoaragon.es\\\/en\"},{\"@type\":\"ListItem\",\"position\":2,\"name\":\"Olive oil. A world of sensations\",\"item\":\"https:\\\/\\\/aceitedelbajoaragon.es\\\/en\\\/olive-oil-a-world-of-sensations\"},{\"@type\":\"ListItem\",\"position\":3,\"name\":\"Mediterranean recipes 2\"}]},{\"@type\":\"WebSite\",\"@id\":\"https:\\\/\\\/aceitedelbajoaragon.es\\\/en#website\",\"url\":\"https:\\\/\\\/aceitedelbajoaragon.es\\\/en\",\"name\":\"Aceite del Bajo Arag\u00f3n\",\"description\":\"El Bajo Arag\u00f3n, una de las zonas m\u00e1s propicias del mundo para el cultivo del olivo y donde se produce el mejor aceite de oliva.\",\"publisher\":{\"@id\":\"https:\\\/\\\/aceitedelbajoaragon.es\\\/en#organization\"},\"potentialAction\":[{\"@type\":\"SearchAction\",\"target\":{\"@type\":\"EntryPoint\",\"urlTemplate\":\"https:\\\/\\\/aceitedelbajoaragon.es\\\/en?s={search_term_string}\"},\"query-input\":{\"@type\":\"PropertyValueSpecification\",\"valueRequired\":true,\"valueName\":\"search_term_string\"}}],\"inLanguage\":\"en-US\"},{\"@type\":\"Organization\",\"@id\":\"https:\\\/\\\/aceitedelbajoaragon.es\\\/en#organization\",\"name\":\"Aceite del Bajo Arag\u00f3n\",\"url\":\"https:\\\/\\\/aceitedelbajoaragon.es\\\/en\",\"logo\":{\"@type\":\"ImageObject\",\"inLanguage\":\"en-US\",\"@id\":\"https:\\\/\\\/aceitedelbajoaragon.es\\\/en#\\\/schema\\\/logo\\\/image\\\/\",\"url\":\"\",\"contentUrl\":\"\",\"caption\":\"Aceite del Bajo Arag\u00f3n\"},\"image\":{\"@id\":\"https:\\\/\\\/aceitedelbajoaragon.es\\\/en#\\\/schema\\\/logo\\\/image\\\/\"},\"sameAs\":[\"https:\\\/\\\/www.facebook.com\\\/aceitedelbajoaragon.d.o.p\\\/timeline\\\/\",\"https:\\\/\\\/x.com\\\/DOPAceiteBA\",\"https:\\\/\\\/www.youtube.com\\\/user\\\/aceitedelbajoaragon\"]}]}<\/script>\n<!-- \/ Yoast SEO plugin. -->","yoast_head_json":{"title":"Mediterranean recipes 2 - Aceite del Bajo Arag\u00f3n","robots":{"index":"index","follow":"follow","max-snippet":"max-snippet:-1","max-image-preview":"max-image-preview:large","max-video-preview":"max-video-preview:-1"},"canonical":"https:\/\/aceitedelbajoaragon.es\/en\/olive-oil-a-world-of-sensations\/mediterranean-recipes-2","og_locale":"en_US","og_type":"article","og_title":"Mediterranean recipes 2 - Aceite del Bajo Arag\u00f3n","og_description":"Mediterranean recipes Aceite del Bajo Arag\u00f3n is ideal for Mediterranean [&hellip;]","og_url":"https:\/\/aceitedelbajoaragon.es\/en\/olive-oil-a-world-of-sensations\/mediterranean-recipes-2","og_site_name":"Aceite del Bajo Arag\u00f3n","article_publisher":"https:\/\/www.facebook.com\/aceitedelbajoaragon.d.o.p\/timeline\/","article_modified_time":"2023-11-22T08:15:25+00:00","twitter_card":"summary_large_image","twitter_site":"@DOPAceiteBA","twitter_misc":{"Est. reading time":"1 minute"},"schema":{"@context":"https:\/\/schema.org","@graph":[{"@type":"WebPage","@id":"https:\/\/aceitedelbajoaragon.es\/en\/olive-oil-a-world-of-sensations\/mediterranean-recipes-2","url":"https:\/\/aceitedelbajoaragon.es\/en\/olive-oil-a-world-of-sensations\/mediterranean-recipes-2","name":"Mediterranean recipes 2 - Aceite del Bajo Arag\u00f3n","isPartOf":{"@id":"https:\/\/aceitedelbajoaragon.es\/en#website"},"datePublished":"2022-11-24T11:06:18+00:00","dateModified":"2023-11-22T08:15:25+00:00","breadcrumb":{"@id":"https:\/\/aceitedelbajoaragon.es\/en\/olive-oil-a-world-of-sensations\/mediterranean-recipes-2#breadcrumb"},"inLanguage":"en-US","potentialAction":[{"@type":"ReadAction","target":["https:\/\/aceitedelbajoaragon.es\/en\/olive-oil-a-world-of-sensations\/mediterranean-recipes-2"]}]},{"@type":"BreadcrumbList","@id":"https:\/\/aceitedelbajoaragon.es\/en\/olive-oil-a-world-of-sensations\/mediterranean-recipes-2#breadcrumb","itemListElement":[{"@type":"ListItem","position":1,"name":"Inicio","item":"https:\/\/aceitedelbajoaragon.es\/en"},{"@type":"ListItem","position":2,"name":"Olive oil. A world of sensations","item":"https:\/\/aceitedelbajoaragon.es\/en\/olive-oil-a-world-of-sensations"},{"@type":"ListItem","position":3,"name":"Mediterranean recipes 2"}]},{"@type":"WebSite","@id":"https:\/\/aceitedelbajoaragon.es\/en#website","url":"https:\/\/aceitedelbajoaragon.es\/en","name":"Aceite del Bajo Arag\u00f3n","description":"El Bajo Arag\u00f3n, una de las zonas m\u00e1s propicias del mundo para el cultivo del olivo y donde se produce el mejor aceite de oliva.","publisher":{"@id":"https:\/\/aceitedelbajoaragon.es\/en#organization"},"potentialAction":[{"@type":"SearchAction","target":{"@type":"EntryPoint","urlTemplate":"https:\/\/aceitedelbajoaragon.es\/en?s={search_term_string}"},"query-input":{"@type":"PropertyValueSpecification","valueRequired":true,"valueName":"search_term_string"}}],"inLanguage":"en-US"},{"@type":"Organization","@id":"https:\/\/aceitedelbajoaragon.es\/en#organization","name":"Aceite del Bajo Arag\u00f3n","url":"https:\/\/aceitedelbajoaragon.es\/en","logo":{"@type":"ImageObject","inLanguage":"en-US","@id":"https:\/\/aceitedelbajoaragon.es\/en#\/schema\/logo\/image\/","url":"","contentUrl":"","caption":"Aceite del Bajo Arag\u00f3n"},"image":{"@id":"https:\/\/aceitedelbajoaragon.es\/en#\/schema\/logo\/image\/"},"sameAs":["https:\/\/www.facebook.com\/aceitedelbajoaragon.d.o.p\/timeline\/","https:\/\/x.com\/DOPAceiteBA","https:\/\/www.youtube.com\/user\/aceitedelbajoaragon"]}]}},"_links":{"self":[{"href":"https:\/\/aceitedelbajoaragon.es\/en\/wp-json\/wp\/v2\/pages\/893","targetHints":{"allow":["GET"]}}],"collection":[{"href":"https:\/\/aceitedelbajoaragon.es\/en\/wp-json\/wp\/v2\/pages"}],"about":[{"href":"https:\/\/aceitedelbajoaragon.es\/en\/wp-json\/wp\/v2\/types\/page"}],"author":[{"embeddable":true,"href":"https:\/\/aceitedelbajoaragon.es\/en\/wp-json\/wp\/v2\/users\/1"}],"replies":[{"embeddable":true,"href":"https:\/\/aceitedelbajoaragon.es\/en\/wp-json\/wp\/v2\/comments?post=893"}],"version-history":[{"count":0,"href":"https:\/\/aceitedelbajoaragon.es\/en\/wp-json\/wp\/v2\/pages\/893\/revisions"}],"up":[{"embeddable":true,"href":"https:\/\/aceitedelbajoaragon.es\/en\/wp-json\/wp\/v2\/pages\/873"}],"wp:attachment":[{"href":"https:\/\/aceitedelbajoaragon.es\/en\/wp-json\/wp\/v2\/media?parent=893"}],"curies":[{"name":"wp","href":"https:\/\/api.w.org\/{rel}","templated":true}]}}