{"id":895,"date":"2022-11-24T15:16:00","date_gmt":"2022-11-24T15:16:00","guid":{"rendered":"https:\/\/aceitedelbajoaragon.es\/olive-oil-a-world-of-sensations\/mediterranean-recipes\/garlic-potato\/"},"modified":"2023-11-21T12:06:58","modified_gmt":"2023-11-21T12:06:58","slug":"garlic-potato","status":"publish","type":"page","link":"https:\/\/aceitedelbajoaragon.es\/en\/olive-oil-a-world-of-sensations\/mediterranean-recipes\/garlic-potato","title":{"rendered":"Garlic potato"},"content":{"rendered":"\n<h2 class=\"has-text-color wp-block-heading\" style=\"color:#4f7537\"><a href=\"https:\/\/aceitedelbajoaragon.es\/en\/olive-oil-a-world-of-sensations\/mediterranean-recipes\/\">Recipes with olive oil<\/a><\/h2>\n\n<h2 class=\"has-text-color wp-block-heading\" style=\"color:#4f7537\">Garlic Potato<\/h2>\n\n<div class=\"wp-block-columns is-layout-flex wp-container-core-columns-is-layout-9d6595d7 wp-block-columns-is-layout-flex\">\n<div class=\"wp-block-column is-layout-flow wp-block-column-is-layout-flow\" style=\"flex-basis:66.66%\">\n<p><strong>Ingredients<\/strong><\/p>\n\n\n\n<p>2 l. of water<br\/>1 Kg. of potatoes<br\/>4 cloves of garlic<br\/>1 dl. of extra virgin olive oil<br\/>4 egg yolks<br\/>Saffron<br\/>Cumin<br\/>1 spoonful of herring roe<\/p>\n\n\n\n<p><strong>Preparation<\/strong><\/p>\n\n\n\n<p>Peal and cut the potatoes in thin slices and saut\u00e9 them in the oil with three crushed cloves of garlic. When they are soft, cover with the two litres of water and boil until tender.<br\/>Crush the remaining clove of garlic, the cumin and the saffron. Add the four slightly beaten egg yolks and, at the last moment, thicken the water with this preparation, without over boiling so that the yolks do not set.<\/p>\n\n\n\n<p><strong>Finish and presentation<\/strong><\/p>\n\n\n\n<p>Arrange the garlic potato in a bowl and place a herring roe quenelle on top; decorate with some thin slices potato fried with the skin on.<\/p>\n<\/div>\n\n\n\n<div class=\"wp-block-column is-layout-flow wp-block-column-is-layout-flow\" style=\"flex-basis:33.33%\">\n<figure class=\"wp-block-image size-full\"><img decoding=\"async\" width=\"250\" height=\"343\" src=\"\/wp-content\/uploads\/2022\/11\/46ba9f2a6976570b0353203ec4474217g.jpg\" alt=\"\" class=\"wp-image-414\" srcset=\"https:\/\/aceitedelbajoaragon.es\/wp-content\/uploads\/2022\/11\/46ba9f2a6976570b0353203ec4474217g-200x274.jpg 200w, https:\/\/aceitedelbajoaragon.es\/wp-content\/uploads\/2022\/11\/46ba9f2a6976570b0353203ec4474217g-219x300.jpg 219w, https:\/\/aceitedelbajoaragon.es\/wp-content\/uploads\/2022\/11\/46ba9f2a6976570b0353203ec4474217g.jpg 250w\" sizes=\"(max-width: 250px) 100vw, 250px\" \/><\/figure><\/div>\n<\/div>\n","protected":false},"excerpt":{"rendered":"<p>Recipes with olive oil Garlic Potato Ingredients 2 l. of [&hellip;]<\/p>\n","protected":false},"author":1,"featured_media":0,"parent":887,"menu_order":0,"comment_status":"closed","ping_status":"closed","template":"","meta":{"footnotes":""},"class_list":["post-895","page","type-page","status-publish","hentry"],"yoast_head":"<!-- This site is optimized with the Yoast SEO plugin v27.4 - https:\/\/yoast.com\/product\/yoast-seo-wordpress\/ -->\n<title>Garlic potato - Aceite del Bajo Arag\u00f3n<\/title>\n<meta name=\"robots\" content=\"index, follow, max-snippet:-1, max-image-preview:large, max-video-preview:-1\" \/>\n<link rel=\"canonical\" href=\"https:\/\/aceitedelbajoaragon.es\/en\/olive-oil-a-world-of-sensations\/mediterranean-recipes\/garlic-potato\" \/>\n<meta property=\"og:locale\" content=\"en_US\" \/>\n<meta property=\"og:type\" content=\"article\" \/>\n<meta property=\"og:title\" content=\"Garlic potato - Aceite del Bajo Arag\u00f3n\" \/>\n<meta property=\"og:description\" content=\"Recipes with olive oil Garlic Potato Ingredients 2 l. of [&hellip;]\" \/>\n<meta property=\"og:url\" content=\"https:\/\/aceitedelbajoaragon.es\/en\/olive-oil-a-world-of-sensations\/mediterranean-recipes\/garlic-potato\" \/>\n<meta property=\"og:site_name\" content=\"Aceite del Bajo Arag\u00f3n\" \/>\n<meta property=\"article:publisher\" content=\"https:\/\/www.facebook.com\/aceitedelbajoaragon.d.o.p\/timeline\/\" \/>\n<meta property=\"article:modified_time\" content=\"2023-11-21T12:06:58+00:00\" \/>\n<meta name=\"twitter:card\" content=\"summary_large_image\" \/>\n<meta name=\"twitter:site\" content=\"@DOPAceiteBA\" \/>\n<meta name=\"twitter:label1\" content=\"Est. reading time\" \/>\n\t<meta name=\"twitter:data1\" content=\"1 minute\" \/>\n<script type=\"application\/ld+json\" class=\"yoast-schema-graph\">{\"@context\":\"https:\\\/\\\/schema.org\",\"@graph\":[{\"@type\":\"WebPage\",\"@id\":\"https:\\\/\\\/aceitedelbajoaragon.es\\\/en\\\/olive-oil-a-world-of-sensations\\\/mediterranean-recipes\\\/garlic-potato\",\"url\":\"https:\\\/\\\/aceitedelbajoaragon.es\\\/en\\\/olive-oil-a-world-of-sensations\\\/mediterranean-recipes\\\/garlic-potato\",\"name\":\"Garlic potato - Aceite del Bajo Arag\u00f3n\",\"isPartOf\":{\"@id\":\"https:\\\/\\\/aceitedelbajoaragon.es\\\/en#website\"},\"datePublished\":\"2022-11-24T15:16:00+00:00\",\"dateModified\":\"2023-11-21T12:06:58+00:00\",\"breadcrumb\":{\"@id\":\"https:\\\/\\\/aceitedelbajoaragon.es\\\/en\\\/olive-oil-a-world-of-sensations\\\/mediterranean-recipes\\\/garlic-potato#breadcrumb\"},\"inLanguage\":\"en-US\",\"potentialAction\":[{\"@type\":\"ReadAction\",\"target\":[\"https:\\\/\\\/aceitedelbajoaragon.es\\\/en\\\/olive-oil-a-world-of-sensations\\\/mediterranean-recipes\\\/garlic-potato\"]}]},{\"@type\":\"BreadcrumbList\",\"@id\":\"https:\\\/\\\/aceitedelbajoaragon.es\\\/en\\\/olive-oil-a-world-of-sensations\\\/mediterranean-recipes\\\/garlic-potato#breadcrumb\",\"itemListElement\":[{\"@type\":\"ListItem\",\"position\":1,\"name\":\"Inicio\",\"item\":\"https:\\\/\\\/aceitedelbajoaragon.es\\\/en\"},{\"@type\":\"ListItem\",\"position\":2,\"name\":\"Olive oil. A world of sensations\",\"item\":\"https:\\\/\\\/aceitedelbajoaragon.es\\\/en\\\/olive-oil-a-world-of-sensations\"},{\"@type\":\"ListItem\",\"position\":3,\"name\":\"Mediterranean recipes\",\"item\":\"https:\\\/\\\/aceitedelbajoaragon.es\\\/en\\\/olive-oil-a-world-of-sensations\\\/mediterranean-recipes\"},{\"@type\":\"ListItem\",\"position\":4,\"name\":\"Garlic potato\"}]},{\"@type\":\"WebSite\",\"@id\":\"https:\\\/\\\/aceitedelbajoaragon.es\\\/en#website\",\"url\":\"https:\\\/\\\/aceitedelbajoaragon.es\\\/en\",\"name\":\"Aceite del Bajo Arag\u00f3n\",\"description\":\"El Bajo Arag\u00f3n, una de las zonas m\u00e1s propicias del mundo para el cultivo del olivo y donde se produce el mejor aceite de oliva.\",\"publisher\":{\"@id\":\"https:\\\/\\\/aceitedelbajoaragon.es\\\/en#organization\"},\"potentialAction\":[{\"@type\":\"SearchAction\",\"target\":{\"@type\":\"EntryPoint\",\"urlTemplate\":\"https:\\\/\\\/aceitedelbajoaragon.es\\\/en?s={search_term_string}\"},\"query-input\":{\"@type\":\"PropertyValueSpecification\",\"valueRequired\":true,\"valueName\":\"search_term_string\"}}],\"inLanguage\":\"en-US\"},{\"@type\":\"Organization\",\"@id\":\"https:\\\/\\\/aceitedelbajoaragon.es\\\/en#organization\",\"name\":\"Aceite del Bajo Arag\u00f3n\",\"url\":\"https:\\\/\\\/aceitedelbajoaragon.es\\\/en\",\"logo\":{\"@type\":\"ImageObject\",\"inLanguage\":\"en-US\",\"@id\":\"https:\\\/\\\/aceitedelbajoaragon.es\\\/en#\\\/schema\\\/logo\\\/image\\\/\",\"url\":\"\",\"contentUrl\":\"\",\"caption\":\"Aceite del Bajo Arag\u00f3n\"},\"image\":{\"@id\":\"https:\\\/\\\/aceitedelbajoaragon.es\\\/en#\\\/schema\\\/logo\\\/image\\\/\"},\"sameAs\":[\"https:\\\/\\\/www.facebook.com\\\/aceitedelbajoaragon.d.o.p\\\/timeline\\\/\",\"https:\\\/\\\/x.com\\\/DOPAceiteBA\",\"https:\\\/\\\/www.youtube.com\\\/user\\\/aceitedelbajoaragon\"]}]}<\/script>\n<!-- \/ Yoast SEO plugin. -->","yoast_head_json":{"title":"Garlic potato - Aceite del Bajo Arag\u00f3n","robots":{"index":"index","follow":"follow","max-snippet":"max-snippet:-1","max-image-preview":"max-image-preview:large","max-video-preview":"max-video-preview:-1"},"canonical":"https:\/\/aceitedelbajoaragon.es\/en\/olive-oil-a-world-of-sensations\/mediterranean-recipes\/garlic-potato","og_locale":"en_US","og_type":"article","og_title":"Garlic potato - Aceite del Bajo Arag\u00f3n","og_description":"Recipes with olive oil Garlic Potato Ingredients 2 l. of [&hellip;]","og_url":"https:\/\/aceitedelbajoaragon.es\/en\/olive-oil-a-world-of-sensations\/mediterranean-recipes\/garlic-potato","og_site_name":"Aceite del Bajo Arag\u00f3n","article_publisher":"https:\/\/www.facebook.com\/aceitedelbajoaragon.d.o.p\/timeline\/","article_modified_time":"2023-11-21T12:06:58+00:00","twitter_card":"summary_large_image","twitter_site":"@DOPAceiteBA","twitter_misc":{"Est. reading time":"1 minute"},"schema":{"@context":"https:\/\/schema.org","@graph":[{"@type":"WebPage","@id":"https:\/\/aceitedelbajoaragon.es\/en\/olive-oil-a-world-of-sensations\/mediterranean-recipes\/garlic-potato","url":"https:\/\/aceitedelbajoaragon.es\/en\/olive-oil-a-world-of-sensations\/mediterranean-recipes\/garlic-potato","name":"Garlic potato - Aceite del Bajo Arag\u00f3n","isPartOf":{"@id":"https:\/\/aceitedelbajoaragon.es\/en#website"},"datePublished":"2022-11-24T15:16:00+00:00","dateModified":"2023-11-21T12:06:58+00:00","breadcrumb":{"@id":"https:\/\/aceitedelbajoaragon.es\/en\/olive-oil-a-world-of-sensations\/mediterranean-recipes\/garlic-potato#breadcrumb"},"inLanguage":"en-US","potentialAction":[{"@type":"ReadAction","target":["https:\/\/aceitedelbajoaragon.es\/en\/olive-oil-a-world-of-sensations\/mediterranean-recipes\/garlic-potato"]}]},{"@type":"BreadcrumbList","@id":"https:\/\/aceitedelbajoaragon.es\/en\/olive-oil-a-world-of-sensations\/mediterranean-recipes\/garlic-potato#breadcrumb","itemListElement":[{"@type":"ListItem","position":1,"name":"Inicio","item":"https:\/\/aceitedelbajoaragon.es\/en"},{"@type":"ListItem","position":2,"name":"Olive oil. A world of sensations","item":"https:\/\/aceitedelbajoaragon.es\/en\/olive-oil-a-world-of-sensations"},{"@type":"ListItem","position":3,"name":"Mediterranean recipes","item":"https:\/\/aceitedelbajoaragon.es\/en\/olive-oil-a-world-of-sensations\/mediterranean-recipes"},{"@type":"ListItem","position":4,"name":"Garlic potato"}]},{"@type":"WebSite","@id":"https:\/\/aceitedelbajoaragon.es\/en#website","url":"https:\/\/aceitedelbajoaragon.es\/en","name":"Aceite del Bajo Arag\u00f3n","description":"El Bajo Arag\u00f3n, una de las zonas m\u00e1s propicias del mundo para el cultivo del olivo y donde se produce el mejor aceite de oliva.","publisher":{"@id":"https:\/\/aceitedelbajoaragon.es\/en#organization"},"potentialAction":[{"@type":"SearchAction","target":{"@type":"EntryPoint","urlTemplate":"https:\/\/aceitedelbajoaragon.es\/en?s={search_term_string}"},"query-input":{"@type":"PropertyValueSpecification","valueRequired":true,"valueName":"search_term_string"}}],"inLanguage":"en-US"},{"@type":"Organization","@id":"https:\/\/aceitedelbajoaragon.es\/en#organization","name":"Aceite del Bajo Arag\u00f3n","url":"https:\/\/aceitedelbajoaragon.es\/en","logo":{"@type":"ImageObject","inLanguage":"en-US","@id":"https:\/\/aceitedelbajoaragon.es\/en#\/schema\/logo\/image\/","url":"","contentUrl":"","caption":"Aceite del Bajo Arag\u00f3n"},"image":{"@id":"https:\/\/aceitedelbajoaragon.es\/en#\/schema\/logo\/image\/"},"sameAs":["https:\/\/www.facebook.com\/aceitedelbajoaragon.d.o.p\/timeline\/","https:\/\/x.com\/DOPAceiteBA","https:\/\/www.youtube.com\/user\/aceitedelbajoaragon"]}]}},"_links":{"self":[{"href":"https:\/\/aceitedelbajoaragon.es\/en\/wp-json\/wp\/v2\/pages\/895","targetHints":{"allow":["GET"]}}],"collection":[{"href":"https:\/\/aceitedelbajoaragon.es\/en\/wp-json\/wp\/v2\/pages"}],"about":[{"href":"https:\/\/aceitedelbajoaragon.es\/en\/wp-json\/wp\/v2\/types\/page"}],"author":[{"embeddable":true,"href":"https:\/\/aceitedelbajoaragon.es\/en\/wp-json\/wp\/v2\/users\/1"}],"replies":[{"embeddable":true,"href":"https:\/\/aceitedelbajoaragon.es\/en\/wp-json\/wp\/v2\/comments?post=895"}],"version-history":[{"count":0,"href":"https:\/\/aceitedelbajoaragon.es\/en\/wp-json\/wp\/v2\/pages\/895\/revisions"}],"up":[{"embeddable":true,"href":"https:\/\/aceitedelbajoaragon.es\/en\/wp-json\/wp\/v2\/pages\/887"}],"wp:attachment":[{"href":"https:\/\/aceitedelbajoaragon.es\/en\/wp-json\/wp\/v2\/media?parent=895"}],"curies":[{"name":"wp","href":"https:\/\/api.w.org\/{rel}","templated":true}]}}