{"id":907,"date":"2022-11-24T15:31:48","date_gmt":"2022-11-24T15:31:48","guid":{"rendered":"https:\/\/aceitedelbajoaragon.es\/olive-oil-a-world-of-sensations\/mediterranean-recipes\/garlic-paste-mousse\/"},"modified":"2023-11-21T12:26:51","modified_gmt":"2023-11-21T12:26:51","slug":"garlic-paste-mousse","status":"publish","type":"page","link":"https:\/\/aceitedelbajoaragon.es\/en\/olive-oil-a-world-of-sensations\/mediterranean-recipes\/garlic-paste-mousse","title":{"rendered":"Garlic paste mousse"},"content":{"rendered":"\n<h2 class=\"wp-block-heading\"><a href=\"https:\/\/aceitedelbajoaragon.es\/en\/olive-oil-a-world-of-sensations\/mediterranean-recipes\/\">Recipe with olive oil<\/a><\/h2>\n\n<h2 class=\"has-text-color wp-block-heading\" style=\"color:#4f7537\">Garlic paste mousse<\/h2>\n\n<div class=\"wp-block-columns is-layout-flex wp-container-core-columns-is-layout-9d6595d7 wp-block-columns-is-layout-flex\">\n<div class=\"wp-block-column is-layout-flow wp-block-column-is-layout-flow\" style=\"flex-basis:66.66%\">\n<p><strong>Ingredients<\/strong><\/p>\n\n\n\n<p>FOR WHITE GARLIC<br\/>1 garlic clove<br\/>300 gr. of almond<br\/>180 gr. of pan candela<br\/>100 ml. of extra virgin olive oil<br\/>1 tablespoon vinegar<br\/>1 pinch of salt<br\/>\u00bd l. of water<\/p>\n\n\n\n<p>FOR MOUSSE<br\/>14 gr. of gelatine<br\/>200 ml. of egg whites<\/p>\n\n\n\n<p>FOR GAZPACHO<br\/>3 red tomatoes<br\/>\u00bd cucumber<br\/>\u00bd pepper<br\/>1 garlic clove<br\/>50 gr. of onion<br\/>2 tablespoons vinegar<br\/>6 spoonfuls of extra virgin olive oil<br\/>Salt<\/p>\n\n\n\n<p>FOR THE GARNISH<br\/>Muscat grapes<br\/>Peppermint leaves<\/p>\n\n\n\n<p><strong>Preparation<\/strong><\/p>\n\n\n\n<p>WHITE GARLIC<br\/>Leave all the ingredients to soak in a bowl for two hours and then grind until a homogeneous mass is obtained.<\/p>\n\n\n\n<p>MOUSSE<br\/>Melt the gelatine. Beat the egg whites until stiff and add the gelatine. Mix with the white garlic and transfer to the moulds. Leave to stand for two hours in the refrigerator.<\/p>\n\n\n\n<p>GAZPACHO<br\/>Prepare a gazpacho with all the ingredients.<\/p>\n\n\n\n<p><strong>Finish and presentation<\/strong><\/p>\n\n\n\n<p>Unmould the mousse and place it in the centre of the plate. Serve with the gazpacho and garnish with the peeled grapes and a sprig of mint.<\/p>\n<\/div>\n\n\n\n<div class=\"wp-block-column is-layout-flow wp-block-column-is-layout-flow\" style=\"flex-basis:33.33%\">\n<figure class=\"wp-block-image size-full\"><img decoding=\"async\" width=\"250\" height=\"250\" src=\"\/wp-content\/uploads\/2022\/11\/6c9882bbac1c7093bd25041881277658g.jpg\" alt=\"\" class=\"wp-image-419\" srcset=\"https:\/\/aceitedelbajoaragon.es\/wp-content\/uploads\/2022\/11\/6c9882bbac1c7093bd25041881277658g-66x66.jpg 66w, https:\/\/aceitedelbajoaragon.es\/wp-content\/uploads\/2022\/11\/6c9882bbac1c7093bd25041881277658g-150x150.jpg 150w, https:\/\/aceitedelbajoaragon.es\/wp-content\/uploads\/2022\/11\/6c9882bbac1c7093bd25041881277658g-200x200.jpg 200w, https:\/\/aceitedelbajoaragon.es\/wp-content\/uploads\/2022\/11\/6c9882bbac1c7093bd25041881277658g.jpg 250w\" sizes=\"(max-width: 250px) 100vw, 250px\" \/><\/figure><\/div>\n<\/div>\n","protected":false},"excerpt":{"rendered":"<p>Recipe with olive oil Garlic paste mousse Ingredients FOR WHITE [&hellip;]<\/p>\n","protected":false},"author":1,"featured_media":0,"parent":887,"menu_order":0,"comment_status":"closed","ping_status":"closed","template":"","meta":{"footnotes":""},"class_list":["post-907","page","type-page","status-publish","hentry"],"yoast_head":"<!-- This site is optimized with the Yoast SEO plugin v27.4 - https:\/\/yoast.com\/product\/yoast-seo-wordpress\/ -->\n<title>Garlic paste mousse - Aceite del Bajo Arag\u00f3n<\/title>\n<meta name=\"robots\" content=\"index, follow, max-snippet:-1, max-image-preview:large, max-video-preview:-1\" \/>\n<link rel=\"canonical\" href=\"https:\/\/aceitedelbajoaragon.es\/en\/olive-oil-a-world-of-sensations\/mediterranean-recipes\/garlic-paste-mousse\" \/>\n<meta property=\"og:locale\" content=\"en_US\" \/>\n<meta property=\"og:type\" content=\"article\" \/>\n<meta property=\"og:title\" content=\"Garlic paste mousse - Aceite del Bajo Arag\u00f3n\" \/>\n<meta property=\"og:description\" content=\"Recipe with olive oil Garlic paste mousse Ingredients FOR WHITE [&hellip;]\" \/>\n<meta property=\"og:url\" content=\"https:\/\/aceitedelbajoaragon.es\/en\/olive-oil-a-world-of-sensations\/mediterranean-recipes\/garlic-paste-mousse\" \/>\n<meta property=\"og:site_name\" content=\"Aceite del Bajo Arag\u00f3n\" \/>\n<meta property=\"article:publisher\" content=\"https:\/\/www.facebook.com\/aceitedelbajoaragon.d.o.p\/timeline\/\" \/>\n<meta property=\"article:modified_time\" content=\"2023-11-21T12:26:51+00:00\" \/>\n<meta name=\"twitter:card\" content=\"summary_large_image\" \/>\n<meta name=\"twitter:site\" content=\"@DOPAceiteBA\" \/>\n<meta name=\"twitter:label1\" content=\"Est. reading time\" \/>\n\t<meta name=\"twitter:data1\" content=\"1 minute\" \/>\n<script type=\"application\/ld+json\" class=\"yoast-schema-graph\">{\"@context\":\"https:\\\/\\\/schema.org\",\"@graph\":[{\"@type\":\"WebPage\",\"@id\":\"https:\\\/\\\/aceitedelbajoaragon.es\\\/en\\\/olive-oil-a-world-of-sensations\\\/mediterranean-recipes\\\/garlic-paste-mousse\",\"url\":\"https:\\\/\\\/aceitedelbajoaragon.es\\\/en\\\/olive-oil-a-world-of-sensations\\\/mediterranean-recipes\\\/garlic-paste-mousse\",\"name\":\"Garlic paste mousse - Aceite del Bajo Arag\u00f3n\",\"isPartOf\":{\"@id\":\"https:\\\/\\\/aceitedelbajoaragon.es\\\/en#website\"},\"datePublished\":\"2022-11-24T15:31:48+00:00\",\"dateModified\":\"2023-11-21T12:26:51+00:00\",\"breadcrumb\":{\"@id\":\"https:\\\/\\\/aceitedelbajoaragon.es\\\/en\\\/olive-oil-a-world-of-sensations\\\/mediterranean-recipes\\\/garlic-paste-mousse#breadcrumb\"},\"inLanguage\":\"en-US\",\"potentialAction\":[{\"@type\":\"ReadAction\",\"target\":[\"https:\\\/\\\/aceitedelbajoaragon.es\\\/en\\\/olive-oil-a-world-of-sensations\\\/mediterranean-recipes\\\/garlic-paste-mousse\"]}]},{\"@type\":\"BreadcrumbList\",\"@id\":\"https:\\\/\\\/aceitedelbajoaragon.es\\\/en\\\/olive-oil-a-world-of-sensations\\\/mediterranean-recipes\\\/garlic-paste-mousse#breadcrumb\",\"itemListElement\":[{\"@type\":\"ListItem\",\"position\":1,\"name\":\"Inicio\",\"item\":\"https:\\\/\\\/aceitedelbajoaragon.es\\\/en\"},{\"@type\":\"ListItem\",\"position\":2,\"name\":\"Olive oil. A world of sensations\",\"item\":\"https:\\\/\\\/aceitedelbajoaragon.es\\\/en\\\/olive-oil-a-world-of-sensations\"},{\"@type\":\"ListItem\",\"position\":3,\"name\":\"Mediterranean recipes\",\"item\":\"https:\\\/\\\/aceitedelbajoaragon.es\\\/en\\\/olive-oil-a-world-of-sensations\\\/mediterranean-recipes\"},{\"@type\":\"ListItem\",\"position\":4,\"name\":\"Garlic paste mousse\"}]},{\"@type\":\"WebSite\",\"@id\":\"https:\\\/\\\/aceitedelbajoaragon.es\\\/en#website\",\"url\":\"https:\\\/\\\/aceitedelbajoaragon.es\\\/en\",\"name\":\"Aceite del Bajo Arag\u00f3n\",\"description\":\"El Bajo Arag\u00f3n, una de las zonas m\u00e1s propicias del mundo para el cultivo del olivo y donde se produce el mejor aceite de oliva.\",\"publisher\":{\"@id\":\"https:\\\/\\\/aceitedelbajoaragon.es\\\/en#organization\"},\"potentialAction\":[{\"@type\":\"SearchAction\",\"target\":{\"@type\":\"EntryPoint\",\"urlTemplate\":\"https:\\\/\\\/aceitedelbajoaragon.es\\\/en?s={search_term_string}\"},\"query-input\":{\"@type\":\"PropertyValueSpecification\",\"valueRequired\":true,\"valueName\":\"search_term_string\"}}],\"inLanguage\":\"en-US\"},{\"@type\":\"Organization\",\"@id\":\"https:\\\/\\\/aceitedelbajoaragon.es\\\/en#organization\",\"name\":\"Aceite del Bajo Arag\u00f3n\",\"url\":\"https:\\\/\\\/aceitedelbajoaragon.es\\\/en\",\"logo\":{\"@type\":\"ImageObject\",\"inLanguage\":\"en-US\",\"@id\":\"https:\\\/\\\/aceitedelbajoaragon.es\\\/en#\\\/schema\\\/logo\\\/image\\\/\",\"url\":\"\",\"contentUrl\":\"\",\"caption\":\"Aceite del Bajo Arag\u00f3n\"},\"image\":{\"@id\":\"https:\\\/\\\/aceitedelbajoaragon.es\\\/en#\\\/schema\\\/logo\\\/image\\\/\"},\"sameAs\":[\"https:\\\/\\\/www.facebook.com\\\/aceitedelbajoaragon.d.o.p\\\/timeline\\\/\",\"https:\\\/\\\/x.com\\\/DOPAceiteBA\",\"https:\\\/\\\/www.youtube.com\\\/user\\\/aceitedelbajoaragon\"]}]}<\/script>\n<!-- \/ Yoast SEO plugin. -->","yoast_head_json":{"title":"Garlic paste mousse - Aceite del Bajo Arag\u00f3n","robots":{"index":"index","follow":"follow","max-snippet":"max-snippet:-1","max-image-preview":"max-image-preview:large","max-video-preview":"max-video-preview:-1"},"canonical":"https:\/\/aceitedelbajoaragon.es\/en\/olive-oil-a-world-of-sensations\/mediterranean-recipes\/garlic-paste-mousse","og_locale":"en_US","og_type":"article","og_title":"Garlic paste mousse - Aceite del Bajo Arag\u00f3n","og_description":"Recipe with olive oil Garlic paste mousse Ingredients FOR WHITE [&hellip;]","og_url":"https:\/\/aceitedelbajoaragon.es\/en\/olive-oil-a-world-of-sensations\/mediterranean-recipes\/garlic-paste-mousse","og_site_name":"Aceite del Bajo Arag\u00f3n","article_publisher":"https:\/\/www.facebook.com\/aceitedelbajoaragon.d.o.p\/timeline\/","article_modified_time":"2023-11-21T12:26:51+00:00","twitter_card":"summary_large_image","twitter_site":"@DOPAceiteBA","twitter_misc":{"Est. reading time":"1 minute"},"schema":{"@context":"https:\/\/schema.org","@graph":[{"@type":"WebPage","@id":"https:\/\/aceitedelbajoaragon.es\/en\/olive-oil-a-world-of-sensations\/mediterranean-recipes\/garlic-paste-mousse","url":"https:\/\/aceitedelbajoaragon.es\/en\/olive-oil-a-world-of-sensations\/mediterranean-recipes\/garlic-paste-mousse","name":"Garlic paste mousse - Aceite del Bajo Arag\u00f3n","isPartOf":{"@id":"https:\/\/aceitedelbajoaragon.es\/en#website"},"datePublished":"2022-11-24T15:31:48+00:00","dateModified":"2023-11-21T12:26:51+00:00","breadcrumb":{"@id":"https:\/\/aceitedelbajoaragon.es\/en\/olive-oil-a-world-of-sensations\/mediterranean-recipes\/garlic-paste-mousse#breadcrumb"},"inLanguage":"en-US","potentialAction":[{"@type":"ReadAction","target":["https:\/\/aceitedelbajoaragon.es\/en\/olive-oil-a-world-of-sensations\/mediterranean-recipes\/garlic-paste-mousse"]}]},{"@type":"BreadcrumbList","@id":"https:\/\/aceitedelbajoaragon.es\/en\/olive-oil-a-world-of-sensations\/mediterranean-recipes\/garlic-paste-mousse#breadcrumb","itemListElement":[{"@type":"ListItem","position":1,"name":"Inicio","item":"https:\/\/aceitedelbajoaragon.es\/en"},{"@type":"ListItem","position":2,"name":"Olive oil. A world of sensations","item":"https:\/\/aceitedelbajoaragon.es\/en\/olive-oil-a-world-of-sensations"},{"@type":"ListItem","position":3,"name":"Mediterranean recipes","item":"https:\/\/aceitedelbajoaragon.es\/en\/olive-oil-a-world-of-sensations\/mediterranean-recipes"},{"@type":"ListItem","position":4,"name":"Garlic paste mousse"}]},{"@type":"WebSite","@id":"https:\/\/aceitedelbajoaragon.es\/en#website","url":"https:\/\/aceitedelbajoaragon.es\/en","name":"Aceite del Bajo Arag\u00f3n","description":"El Bajo Arag\u00f3n, una de las zonas m\u00e1s propicias del mundo para el cultivo del olivo y donde se produce el mejor aceite de oliva.","publisher":{"@id":"https:\/\/aceitedelbajoaragon.es\/en#organization"},"potentialAction":[{"@type":"SearchAction","target":{"@type":"EntryPoint","urlTemplate":"https:\/\/aceitedelbajoaragon.es\/en?s={search_term_string}"},"query-input":{"@type":"PropertyValueSpecification","valueRequired":true,"valueName":"search_term_string"}}],"inLanguage":"en-US"},{"@type":"Organization","@id":"https:\/\/aceitedelbajoaragon.es\/en#organization","name":"Aceite del Bajo Arag\u00f3n","url":"https:\/\/aceitedelbajoaragon.es\/en","logo":{"@type":"ImageObject","inLanguage":"en-US","@id":"https:\/\/aceitedelbajoaragon.es\/en#\/schema\/logo\/image\/","url":"","contentUrl":"","caption":"Aceite del Bajo Arag\u00f3n"},"image":{"@id":"https:\/\/aceitedelbajoaragon.es\/en#\/schema\/logo\/image\/"},"sameAs":["https:\/\/www.facebook.com\/aceitedelbajoaragon.d.o.p\/timeline\/","https:\/\/x.com\/DOPAceiteBA","https:\/\/www.youtube.com\/user\/aceitedelbajoaragon"]}]}},"_links":{"self":[{"href":"https:\/\/aceitedelbajoaragon.es\/en\/wp-json\/wp\/v2\/pages\/907","targetHints":{"allow":["GET"]}}],"collection":[{"href":"https:\/\/aceitedelbajoaragon.es\/en\/wp-json\/wp\/v2\/pages"}],"about":[{"href":"https:\/\/aceitedelbajoaragon.es\/en\/wp-json\/wp\/v2\/types\/page"}],"author":[{"embeddable":true,"href":"https:\/\/aceitedelbajoaragon.es\/en\/wp-json\/wp\/v2\/users\/1"}],"replies":[{"embeddable":true,"href":"https:\/\/aceitedelbajoaragon.es\/en\/wp-json\/wp\/v2\/comments?post=907"}],"version-history":[{"count":0,"href":"https:\/\/aceitedelbajoaragon.es\/en\/wp-json\/wp\/v2\/pages\/907\/revisions"}],"up":[{"embeddable":true,"href":"https:\/\/aceitedelbajoaragon.es\/en\/wp-json\/wp\/v2\/pages\/887"}],"wp:attachment":[{"href":"https:\/\/aceitedelbajoaragon.es\/en\/wp-json\/wp\/v2\/media?parent=907"}],"curies":[{"name":"wp","href":"https:\/\/api.w.org\/{rel}","templated":true}]}}