{"id":909,"date":"2022-11-25T09:27:47","date_gmt":"2022-11-25T09:27:47","guid":{"rendered":"https:\/\/aceitedelbajoaragon.es\/olive-oil-a-world-of-sensations\/mediterranean-recipes\/lobster-and-monkfish-ragout-with-asparagus-sauce-soy-mayonnaise-and-virgin-olive-oil\/"},"modified":"2023-11-21T12:29:08","modified_gmt":"2023-11-21T12:29:08","slug":"lobster-and-monkfish-ragout-with-asparagus-sauce-soy-mayonnaise-and-virgin-olive-oil","status":"publish","type":"page","link":"https:\/\/aceitedelbajoaragon.es\/en\/olive-oil-a-world-of-sensations\/mediterranean-recipes\/lobster-and-monkfish-ragout-with-asparagus-sauce-soy-mayonnaise-and-virgin-olive-oil","title":{"rendered":"Lobster and monkfish ragout with asparagus sauce, soy mayonnaise and virgin olive oil"},"content":{"rendered":"\n<h2 class=\"wp-block-heading\"><a href=\"https:\/\/aceitedelbajoaragon.es\/en\/olive-oil-a-world-of-sensations\/mediterranean-recipes\/\">Recipe with olive oil<\/a><\/h2>\n\n<h2 class=\"has-text-color wp-block-heading\" style=\"color:#4f7537\">Lobster and monkfish ragout with asparagus sauce, soy mayonnaise and virgin olive oil<\/h2>\n\n<div class=\"wp-block-columns is-layout-flex wp-container-core-columns-is-layout-9d6595d7 wp-block-columns-is-layout-flex\">\n<div class=\"wp-block-column is-layout-flow wp-block-column-is-layout-flow\" style=\"flex-basis:66.66%\">\n<p><strong>Ingredients<\/strong><\/p>\n\n\n\n<p>Extra virgin olive oil<br\/>1 monkfish<br\/>200 gr. of lobster<br\/>Parsley<br\/>Garlic<br\/>Chives<br\/>Soy mayonnaise (200 gr. of extra virgin olive oil, \u00bd lemon, 2 egg yokes, 15 gr. of soy sauce)<br\/>6 green and white asparagus tips<br\/>Asparagus sauce (6 asparagus stalks, 50 gr. of butter, 50 gr. of liquid cream and 250 cc. of water)<\/p>\n\n\n\n<p><strong>Preparation<\/strong><\/p>\n\n\n\n<p>Thinly slice the green and white asparagus and brown it lightly on a pan. Put half of it aside. Crush the other half and add asparagus juice until you obtain a thin sauce.<br\/>Bake the lobster and then remove all the flesh. Saut\u00e9 the monkfish in the frying pan with garlic, parsley and virgin olive oil.<\/p>\n\n\n\n<p><strong>Finish and presentation<\/strong><\/p>\n\n\n\n<p>Place the lobster and pieces of monkfish in the centre of a soup dish with the fried asparagus tips referred to above and cover with asparagus sauce.<br\/>Place a touch of soy mayonnaise on top, with a little chive.<\/p>\n<\/div>\n\n\n\n<div class=\"wp-block-column is-layout-flow wp-block-column-is-layout-flow\" style=\"flex-basis:33.33%\">\n<figure class=\"wp-block-image size-full\"><img decoding=\"async\" width=\"250\" height=\"250\" src=\"\/wp-content\/uploads\/2022\/11\/07cdfd23373b17c6b337251c22b7ea57g.jpg\" alt=\"\" class=\"wp-image-422\" srcset=\"https:\/\/aceitedelbajoaragon.es\/wp-content\/uploads\/2022\/11\/07cdfd23373b17c6b337251c22b7ea57g-66x66.jpg 66w, https:\/\/aceitedelbajoaragon.es\/wp-content\/uploads\/2022\/11\/07cdfd23373b17c6b337251c22b7ea57g-150x150.jpg 150w, https:\/\/aceitedelbajoaragon.es\/wp-content\/uploads\/2022\/11\/07cdfd23373b17c6b337251c22b7ea57g-200x200.jpg 200w, https:\/\/aceitedelbajoaragon.es\/wp-content\/uploads\/2022\/11\/07cdfd23373b17c6b337251c22b7ea57g.jpg 250w\" sizes=\"(max-width: 250px) 100vw, 250px\" \/><\/figure><\/div>\n<\/div>\n","protected":false},"excerpt":{"rendered":"<p>Recipe with olive oil Lobster and monkfish ragout with asparagus [&hellip;]<\/p>\n","protected":false},"author":1,"featured_media":0,"parent":887,"menu_order":0,"comment_status":"closed","ping_status":"closed","template":"","meta":{"footnotes":""},"class_list":["post-909","page","type-page","status-publish","hentry"],"yoast_head":"<!-- This site is optimized with the Yoast SEO plugin v27.3 - https:\/\/yoast.com\/product\/yoast-seo-wordpress\/ -->\n<title>Lobster and monkfish ragout with asparagus sauce, soy mayonnaise and virgin olive oil - Aceite del Bajo Arag\u00f3n<\/title>\n<meta name=\"robots\" content=\"index, follow, max-snippet:-1, max-image-preview:large, max-video-preview:-1\" \/>\n<link rel=\"canonical\" href=\"https:\/\/aceitedelbajoaragon.es\/en\/olive-oil-a-world-of-sensations\/mediterranean-recipes\/lobster-and-monkfish-ragout-with-asparagus-sauce-soy-mayonnaise-and-virgin-olive-oil\" \/>\n<meta property=\"og:locale\" content=\"en_US\" \/>\n<meta property=\"og:type\" content=\"article\" \/>\n<meta property=\"og:title\" content=\"Lobster and monkfish ragout with asparagus sauce, soy mayonnaise and virgin olive oil - Aceite del Bajo Arag\u00f3n\" \/>\n<meta property=\"og:description\" content=\"Recipe with olive oil Lobster and monkfish ragout with asparagus [&hellip;]\" \/>\n<meta property=\"og:url\" content=\"https:\/\/aceitedelbajoaragon.es\/en\/olive-oil-a-world-of-sensations\/mediterranean-recipes\/lobster-and-monkfish-ragout-with-asparagus-sauce-soy-mayonnaise-and-virgin-olive-oil\" \/>\n<meta property=\"og:site_name\" content=\"Aceite del Bajo Arag\u00f3n\" \/>\n<meta property=\"article:publisher\" content=\"https:\/\/www.facebook.com\/aceitedelbajoaragon.d.o.p\/timeline\/\" \/>\n<meta property=\"article:modified_time\" content=\"2023-11-21T12:29:08+00:00\" \/>\n<meta name=\"twitter:card\" content=\"summary_large_image\" \/>\n<meta name=\"twitter:site\" content=\"@DOPAceiteBA\" \/>\n<meta name=\"twitter:label1\" content=\"Est. reading time\" \/>\n\t<meta name=\"twitter:data1\" content=\"1 minute\" \/>\n<script type=\"application\/ld+json\" class=\"yoast-schema-graph\">{\"@context\":\"https:\\\/\\\/schema.org\",\"@graph\":[{\"@type\":\"WebPage\",\"@id\":\"https:\\\/\\\/aceitedelbajoaragon.es\\\/en\\\/olive-oil-a-world-of-sensations\\\/mediterranean-recipes\\\/lobster-and-monkfish-ragout-with-asparagus-sauce-soy-mayonnaise-and-virgin-olive-oil\",\"url\":\"https:\\\/\\\/aceitedelbajoaragon.es\\\/en\\\/olive-oil-a-world-of-sensations\\\/mediterranean-recipes\\\/lobster-and-monkfish-ragout-with-asparagus-sauce-soy-mayonnaise-and-virgin-olive-oil\",\"name\":\"Lobster and monkfish ragout with asparagus sauce, soy mayonnaise and virgin olive oil - Aceite del Bajo Arag\u00f3n\",\"isPartOf\":{\"@id\":\"https:\\\/\\\/aceitedelbajoaragon.es\\\/en#website\"},\"datePublished\":\"2022-11-25T09:27:47+00:00\",\"dateModified\":\"2023-11-21T12:29:08+00:00\",\"breadcrumb\":{\"@id\":\"https:\\\/\\\/aceitedelbajoaragon.es\\\/en\\\/olive-oil-a-world-of-sensations\\\/mediterranean-recipes\\\/lobster-and-monkfish-ragout-with-asparagus-sauce-soy-mayonnaise-and-virgin-olive-oil#breadcrumb\"},\"inLanguage\":\"en-US\",\"potentialAction\":[{\"@type\":\"ReadAction\",\"target\":[\"https:\\\/\\\/aceitedelbajoaragon.es\\\/en\\\/olive-oil-a-world-of-sensations\\\/mediterranean-recipes\\\/lobster-and-monkfish-ragout-with-asparagus-sauce-soy-mayonnaise-and-virgin-olive-oil\"]}]},{\"@type\":\"BreadcrumbList\",\"@id\":\"https:\\\/\\\/aceitedelbajoaragon.es\\\/en\\\/olive-oil-a-world-of-sensations\\\/mediterranean-recipes\\\/lobster-and-monkfish-ragout-with-asparagus-sauce-soy-mayonnaise-and-virgin-olive-oil#breadcrumb\",\"itemListElement\":[{\"@type\":\"ListItem\",\"position\":1,\"name\":\"Inicio\",\"item\":\"https:\\\/\\\/aceitedelbajoaragon.es\\\/en\"},{\"@type\":\"ListItem\",\"position\":2,\"name\":\"Olive oil. A world of sensations\",\"item\":\"https:\\\/\\\/aceitedelbajoaragon.es\\\/en\\\/olive-oil-a-world-of-sensations\"},{\"@type\":\"ListItem\",\"position\":3,\"name\":\"Mediterranean recipes\",\"item\":\"https:\\\/\\\/aceitedelbajoaragon.es\\\/en\\\/olive-oil-a-world-of-sensations\\\/mediterranean-recipes\"},{\"@type\":\"ListItem\",\"position\":4,\"name\":\"Lobster and monkfish ragout with asparagus sauce, soy mayonnaise and virgin olive oil\"}]},{\"@type\":\"WebSite\",\"@id\":\"https:\\\/\\\/aceitedelbajoaragon.es\\\/en#website\",\"url\":\"https:\\\/\\\/aceitedelbajoaragon.es\\\/en\",\"name\":\"Aceite del Bajo Arag\u00f3n\",\"description\":\"El Bajo Arag\u00f3n, una de las zonas m\u00e1s propicias del mundo para el cultivo del olivo y donde se produce el mejor aceite de oliva.\",\"publisher\":{\"@id\":\"https:\\\/\\\/aceitedelbajoaragon.es\\\/en#organization\"},\"potentialAction\":[{\"@type\":\"SearchAction\",\"target\":{\"@type\":\"EntryPoint\",\"urlTemplate\":\"https:\\\/\\\/aceitedelbajoaragon.es\\\/en?s={search_term_string}\"},\"query-input\":{\"@type\":\"PropertyValueSpecification\",\"valueRequired\":true,\"valueName\":\"search_term_string\"}}],\"inLanguage\":\"en-US\"},{\"@type\":\"Organization\",\"@id\":\"https:\\\/\\\/aceitedelbajoaragon.es\\\/en#organization\",\"name\":\"Aceite del Bajo Arag\u00f3n\",\"url\":\"https:\\\/\\\/aceitedelbajoaragon.es\\\/en\",\"logo\":{\"@type\":\"ImageObject\",\"inLanguage\":\"en-US\",\"@id\":\"https:\\\/\\\/aceitedelbajoaragon.es\\\/en#\\\/schema\\\/logo\\\/image\\\/\",\"url\":\"\",\"contentUrl\":\"\",\"caption\":\"Aceite del Bajo Arag\u00f3n\"},\"image\":{\"@id\":\"https:\\\/\\\/aceitedelbajoaragon.es\\\/en#\\\/schema\\\/logo\\\/image\\\/\"},\"sameAs\":[\"https:\\\/\\\/www.facebook.com\\\/aceitedelbajoaragon.d.o.p\\\/timeline\\\/\",\"https:\\\/\\\/x.com\\\/DOPAceiteBA\",\"https:\\\/\\\/www.youtube.com\\\/user\\\/aceitedelbajoaragon\"]}]}<\/script>\n<!-- \/ Yoast SEO plugin. -->","yoast_head_json":{"title":"Lobster and monkfish ragout with asparagus sauce, soy mayonnaise and virgin olive oil - Aceite del Bajo Arag\u00f3n","robots":{"index":"index","follow":"follow","max-snippet":"max-snippet:-1","max-image-preview":"max-image-preview:large","max-video-preview":"max-video-preview:-1"},"canonical":"https:\/\/aceitedelbajoaragon.es\/en\/olive-oil-a-world-of-sensations\/mediterranean-recipes\/lobster-and-monkfish-ragout-with-asparagus-sauce-soy-mayonnaise-and-virgin-olive-oil","og_locale":"en_US","og_type":"article","og_title":"Lobster and monkfish ragout with asparagus sauce, soy mayonnaise and virgin olive oil - Aceite del Bajo Arag\u00f3n","og_description":"Recipe with olive oil Lobster and monkfish ragout with asparagus [&hellip;]","og_url":"https:\/\/aceitedelbajoaragon.es\/en\/olive-oil-a-world-of-sensations\/mediterranean-recipes\/lobster-and-monkfish-ragout-with-asparagus-sauce-soy-mayonnaise-and-virgin-olive-oil","og_site_name":"Aceite del Bajo Arag\u00f3n","article_publisher":"https:\/\/www.facebook.com\/aceitedelbajoaragon.d.o.p\/timeline\/","article_modified_time":"2023-11-21T12:29:08+00:00","twitter_card":"summary_large_image","twitter_site":"@DOPAceiteBA","twitter_misc":{"Est. reading time":"1 minute"},"schema":{"@context":"https:\/\/schema.org","@graph":[{"@type":"WebPage","@id":"https:\/\/aceitedelbajoaragon.es\/en\/olive-oil-a-world-of-sensations\/mediterranean-recipes\/lobster-and-monkfish-ragout-with-asparagus-sauce-soy-mayonnaise-and-virgin-olive-oil","url":"https:\/\/aceitedelbajoaragon.es\/en\/olive-oil-a-world-of-sensations\/mediterranean-recipes\/lobster-and-monkfish-ragout-with-asparagus-sauce-soy-mayonnaise-and-virgin-olive-oil","name":"Lobster and monkfish ragout with asparagus sauce, soy mayonnaise and virgin olive oil - Aceite del Bajo Arag\u00f3n","isPartOf":{"@id":"https:\/\/aceitedelbajoaragon.es\/en#website"},"datePublished":"2022-11-25T09:27:47+00:00","dateModified":"2023-11-21T12:29:08+00:00","breadcrumb":{"@id":"https:\/\/aceitedelbajoaragon.es\/en\/olive-oil-a-world-of-sensations\/mediterranean-recipes\/lobster-and-monkfish-ragout-with-asparagus-sauce-soy-mayonnaise-and-virgin-olive-oil#breadcrumb"},"inLanguage":"en-US","potentialAction":[{"@type":"ReadAction","target":["https:\/\/aceitedelbajoaragon.es\/en\/olive-oil-a-world-of-sensations\/mediterranean-recipes\/lobster-and-monkfish-ragout-with-asparagus-sauce-soy-mayonnaise-and-virgin-olive-oil"]}]},{"@type":"BreadcrumbList","@id":"https:\/\/aceitedelbajoaragon.es\/en\/olive-oil-a-world-of-sensations\/mediterranean-recipes\/lobster-and-monkfish-ragout-with-asparagus-sauce-soy-mayonnaise-and-virgin-olive-oil#breadcrumb","itemListElement":[{"@type":"ListItem","position":1,"name":"Inicio","item":"https:\/\/aceitedelbajoaragon.es\/en"},{"@type":"ListItem","position":2,"name":"Olive oil. A world of sensations","item":"https:\/\/aceitedelbajoaragon.es\/en\/olive-oil-a-world-of-sensations"},{"@type":"ListItem","position":3,"name":"Mediterranean recipes","item":"https:\/\/aceitedelbajoaragon.es\/en\/olive-oil-a-world-of-sensations\/mediterranean-recipes"},{"@type":"ListItem","position":4,"name":"Lobster and monkfish ragout with asparagus sauce, soy mayonnaise and virgin olive oil"}]},{"@type":"WebSite","@id":"https:\/\/aceitedelbajoaragon.es\/en#website","url":"https:\/\/aceitedelbajoaragon.es\/en","name":"Aceite del Bajo Arag\u00f3n","description":"El Bajo Arag\u00f3n, una de las zonas m\u00e1s propicias del mundo para el cultivo del olivo y donde se produce el mejor aceite de oliva.","publisher":{"@id":"https:\/\/aceitedelbajoaragon.es\/en#organization"},"potentialAction":[{"@type":"SearchAction","target":{"@type":"EntryPoint","urlTemplate":"https:\/\/aceitedelbajoaragon.es\/en?s={search_term_string}"},"query-input":{"@type":"PropertyValueSpecification","valueRequired":true,"valueName":"search_term_string"}}],"inLanguage":"en-US"},{"@type":"Organization","@id":"https:\/\/aceitedelbajoaragon.es\/en#organization","name":"Aceite del Bajo Arag\u00f3n","url":"https:\/\/aceitedelbajoaragon.es\/en","logo":{"@type":"ImageObject","inLanguage":"en-US","@id":"https:\/\/aceitedelbajoaragon.es\/en#\/schema\/logo\/image\/","url":"","contentUrl":"","caption":"Aceite del Bajo Arag\u00f3n"},"image":{"@id":"https:\/\/aceitedelbajoaragon.es\/en#\/schema\/logo\/image\/"},"sameAs":["https:\/\/www.facebook.com\/aceitedelbajoaragon.d.o.p\/timeline\/","https:\/\/x.com\/DOPAceiteBA","https:\/\/www.youtube.com\/user\/aceitedelbajoaragon"]}]}},"_links":{"self":[{"href":"https:\/\/aceitedelbajoaragon.es\/en\/wp-json\/wp\/v2\/pages\/909","targetHints":{"allow":["GET"]}}],"collection":[{"href":"https:\/\/aceitedelbajoaragon.es\/en\/wp-json\/wp\/v2\/pages"}],"about":[{"href":"https:\/\/aceitedelbajoaragon.es\/en\/wp-json\/wp\/v2\/types\/page"}],"author":[{"embeddable":true,"href":"https:\/\/aceitedelbajoaragon.es\/en\/wp-json\/wp\/v2\/users\/1"}],"replies":[{"embeddable":true,"href":"https:\/\/aceitedelbajoaragon.es\/en\/wp-json\/wp\/v2\/comments?post=909"}],"version-history":[{"count":0,"href":"https:\/\/aceitedelbajoaragon.es\/en\/wp-json\/wp\/v2\/pages\/909\/revisions"}],"up":[{"embeddable":true,"href":"https:\/\/aceitedelbajoaragon.es\/en\/wp-json\/wp\/v2\/pages\/887"}],"wp:attachment":[{"href":"https:\/\/aceitedelbajoaragon.es\/en\/wp-json\/wp\/v2\/media?parent=909"}],"curies":[{"name":"wp","href":"https:\/\/api.w.org\/{rel}","templated":true}]}}