{"id":927,"date":"2022-11-25T10:00:28","date_gmt":"2022-11-25T10:00:28","guid":{"rendered":"https:\/\/aceitedelbajoaragon.es\/olive-oil-a-world-of-sensations\/mediterranean-recipes-2\/pate-of-partridge-and-gelee-of-its-marinade-with-celery-texture-and-virgin-olive-oil\/"},"modified":"2023-11-22T08:23:33","modified_gmt":"2023-11-22T08:23:33","slug":"pate-of-partridge-and-gelee-of-its-marinade-with-celery-texture-and-virgin-olive-oil","status":"publish","type":"page","link":"https:\/\/aceitedelbajoaragon.es\/en\/olive-oil-a-world-of-sensations\/mediterranean-recipes-2\/pate-of-partridge-and-gelee-of-its-marinade-with-celery-texture-and-virgin-olive-oil","title":{"rendered":"P\u00e2t\u00e9 of partridge and gel\u00e9e of its marinade with celery texture and virgin olive oil"},"content":{"rendered":"\n<h2 class=\"wp-block-heading\"><a href=\"https:\/\/aceitedelbajoaragon.es\/en\/olive-oil-a-world-of-sensations\/mediterranean-recipes-2\/\">Recipe with olive oil<\/a><\/h2>\n\n<h2 class=\"has-text-color wp-block-heading\" style=\"color:#4f7537\">P\u00e2t\u00e9 of partridge and gel\u00e9e of its marinade with celery texture and virgin olive oil<\/h2>\n\n<div class=\"wp-block-columns is-layout-flex wp-container-core-columns-is-layout-9d6595d7 wp-block-columns-is-layout-flex\">\n<div class=\"wp-block-column is-layout-flow wp-block-column-is-layout-flow\" style=\"flex-basis:66.66%\">\n<p><strong>Ingredients for 4 people<\/strong><\/p>\n\n\n\n<p>FOR PARTRIDGE P\u00c2T\u00c9 AND GEL\u00c9E OF ITS MARINADE<br\/>1 home pickled partridge<br\/>1 fresh celery<br\/>1 dl. of extra virgin olive oil<br\/>Bay vinegar and pepper<br\/>Pickled onion<br\/>Gelatine leaves<br\/>100 gr. double cream flavoured with spices<\/p>\n\n\n\n<p><br\/>FOR THE LENTIL VINAIGRETTE<br\/>100 g of stewed lentils<br\/>Modena vinegar<br\/>Extra virgin olive oil<br\/>Salt<\/p>\n\n\n\n<p>FOR THE TEMPURA<br\/>\u00bd l. of water<br\/>3 tablespoons sea salt<br\/>3 tablespoons salt<br\/>3 tablespoons sugar<br\/>3 gr. yeast<\/p>\n\n\n\n<p><br\/><strong>Preparation<\/strong><\/p>\n\n\n\n<p>Clean the pickled partridge of bones and skins. To make the emulsion, grind the partridge meat with the traditional marinade ingredients (pickled onion, bay leaf vinegar and pepper and 1 dl. of olive oil).<br\/>Once emulsified, mix in a 2\/1 ratio with the flavoured and whipped cream.<br\/>Leave to stand for 20 hours in the chamber.<br\/>Make the marinade gel\u00e9e by adding \u00bd sheet of gelatine per 1 \/2 litre of marinade stock. Make the traditional tempura by mixing the ingredients and sieving them. Mix the ingredients for the lentil vinaigrette.<\/p>\n\n\n\n<p><br\/><strong>Finish and presentation<\/strong><\/p>\n\n\n\n<p>Clean the celery, place the stalk shavings at the bottom of the plate and reserve the leaves for frying in tempura. Top the celery salad with a quenelle of the partridge emulsion and the tempura celery leaves. Dress with the lentil and Modena vinaigrette and the pickle gel\u00e9e.<\/p>\n<\/div>\n\n\n\n<div class=\"wp-block-column is-layout-flow wp-block-column-is-layout-flow\" style=\"flex-basis:33.33%\">\n<figure class=\"wp-block-image size-full\"><img decoding=\"async\" width=\"250\" height=\"278\" src=\"\/wp-content\/uploads\/2022\/11\/39059724f73a9969845dfe4146c5660eg.jpg\" alt=\"\" class=\"wp-image-394\" srcset=\"https:\/\/aceitedelbajoaragon.es\/wp-content\/uploads\/2022\/11\/39059724f73a9969845dfe4146c5660eg-200x222.jpg 200w, https:\/\/aceitedelbajoaragon.es\/wp-content\/uploads\/2022\/11\/39059724f73a9969845dfe4146c5660eg.jpg 250w\" sizes=\"(max-width: 250px) 100vw, 250px\" \/><\/figure><\/div>\n<\/div>\n","protected":false},"excerpt":{"rendered":"<p>Recipe with olive oil P\u00e2t\u00e9 of partridge and gel\u00e9e of [&hellip;]<\/p>\n","protected":false},"author":1,"featured_media":0,"parent":893,"menu_order":0,"comment_status":"closed","ping_status":"closed","template":"","meta":{"footnotes":""},"class_list":["post-927","page","type-page","status-publish","hentry"],"yoast_head":"<!-- This site is optimized with the Yoast SEO plugin v27.4 - https:\/\/yoast.com\/product\/yoast-seo-wordpress\/ -->\n<title>P\u00e2t\u00e9 of partridge and gel\u00e9e of its marinade with celery texture and virgin olive oil - Aceite del Bajo Arag\u00f3n<\/title>\n<meta name=\"robots\" content=\"index, follow, max-snippet:-1, max-image-preview:large, max-video-preview:-1\" \/>\n<link rel=\"canonical\" href=\"https:\/\/aceitedelbajoaragon.es\/en\/olive-oil-a-world-of-sensations\/mediterranean-recipes-2\/pate-of-partridge-and-gelee-of-its-marinade-with-celery-texture-and-virgin-olive-oil\" \/>\n<meta property=\"og:locale\" content=\"en_US\" \/>\n<meta property=\"og:type\" content=\"article\" \/>\n<meta property=\"og:title\" content=\"P\u00e2t\u00e9 of partridge and gel\u00e9e of its marinade with celery texture and virgin olive oil - Aceite del Bajo Arag\u00f3n\" \/>\n<meta property=\"og:description\" content=\"Recipe with olive oil P\u00e2t\u00e9 of partridge and gel\u00e9e of [&hellip;]\" \/>\n<meta property=\"og:url\" content=\"https:\/\/aceitedelbajoaragon.es\/en\/olive-oil-a-world-of-sensations\/mediterranean-recipes-2\/pate-of-partridge-and-gelee-of-its-marinade-with-celery-texture-and-virgin-olive-oil\" \/>\n<meta property=\"og:site_name\" content=\"Aceite del Bajo Arag\u00f3n\" \/>\n<meta property=\"article:publisher\" content=\"https:\/\/www.facebook.com\/aceitedelbajoaragon.d.o.p\/timeline\/\" \/>\n<meta property=\"article:modified_time\" content=\"2023-11-22T08:23:33+00:00\" \/>\n<meta name=\"twitter:card\" content=\"summary_large_image\" \/>\n<meta name=\"twitter:site\" content=\"@DOPAceiteBA\" \/>\n<meta name=\"twitter:label1\" content=\"Est. reading time\" \/>\n\t<meta name=\"twitter:data1\" content=\"1 minute\" \/>\n<script type=\"application\/ld+json\" class=\"yoast-schema-graph\">{\"@context\":\"https:\\\/\\\/schema.org\",\"@graph\":[{\"@type\":\"WebPage\",\"@id\":\"https:\\\/\\\/aceitedelbajoaragon.es\\\/en\\\/olive-oil-a-world-of-sensations\\\/mediterranean-recipes-2\\\/pate-of-partridge-and-gelee-of-its-marinade-with-celery-texture-and-virgin-olive-oil\",\"url\":\"https:\\\/\\\/aceitedelbajoaragon.es\\\/en\\\/olive-oil-a-world-of-sensations\\\/mediterranean-recipes-2\\\/pate-of-partridge-and-gelee-of-its-marinade-with-celery-texture-and-virgin-olive-oil\",\"name\":\"P\u00e2t\u00e9 of partridge and gel\u00e9e of its marinade with celery texture and virgin olive oil - Aceite del Bajo Arag\u00f3n\",\"isPartOf\":{\"@id\":\"https:\\\/\\\/aceitedelbajoaragon.es\\\/en#website\"},\"datePublished\":\"2022-11-25T10:00:28+00:00\",\"dateModified\":\"2023-11-22T08:23:33+00:00\",\"breadcrumb\":{\"@id\":\"https:\\\/\\\/aceitedelbajoaragon.es\\\/en\\\/olive-oil-a-world-of-sensations\\\/mediterranean-recipes-2\\\/pate-of-partridge-and-gelee-of-its-marinade-with-celery-texture-and-virgin-olive-oil#breadcrumb\"},\"inLanguage\":\"en-US\",\"potentialAction\":[{\"@type\":\"ReadAction\",\"target\":[\"https:\\\/\\\/aceitedelbajoaragon.es\\\/en\\\/olive-oil-a-world-of-sensations\\\/mediterranean-recipes-2\\\/pate-of-partridge-and-gelee-of-its-marinade-with-celery-texture-and-virgin-olive-oil\"]}]},{\"@type\":\"BreadcrumbList\",\"@id\":\"https:\\\/\\\/aceitedelbajoaragon.es\\\/en\\\/olive-oil-a-world-of-sensations\\\/mediterranean-recipes-2\\\/pate-of-partridge-and-gelee-of-its-marinade-with-celery-texture-and-virgin-olive-oil#breadcrumb\",\"itemListElement\":[{\"@type\":\"ListItem\",\"position\":1,\"name\":\"Inicio\",\"item\":\"https:\\\/\\\/aceitedelbajoaragon.es\\\/en\"},{\"@type\":\"ListItem\",\"position\":2,\"name\":\"Olive oil. A world of sensations\",\"item\":\"https:\\\/\\\/aceitedelbajoaragon.es\\\/en\\\/olive-oil-a-world-of-sensations\"},{\"@type\":\"ListItem\",\"position\":3,\"name\":\"Mediterranean recipes 2\",\"item\":\"https:\\\/\\\/aceitedelbajoaragon.es\\\/en\\\/olive-oil-a-world-of-sensations\\\/mediterranean-recipes-2\"},{\"@type\":\"ListItem\",\"position\":4,\"name\":\"P\u00e2t\u00e9 of partridge and gel\u00e9e of its marinade with celery texture and virgin olive oil\"}]},{\"@type\":\"WebSite\",\"@id\":\"https:\\\/\\\/aceitedelbajoaragon.es\\\/en#website\",\"url\":\"https:\\\/\\\/aceitedelbajoaragon.es\\\/en\",\"name\":\"Aceite del Bajo Arag\u00f3n\",\"description\":\"El Bajo Arag\u00f3n, una de las zonas m\u00e1s propicias del mundo para el cultivo del olivo y donde se produce el mejor aceite de oliva.\",\"publisher\":{\"@id\":\"https:\\\/\\\/aceitedelbajoaragon.es\\\/en#organization\"},\"potentialAction\":[{\"@type\":\"SearchAction\",\"target\":{\"@type\":\"EntryPoint\",\"urlTemplate\":\"https:\\\/\\\/aceitedelbajoaragon.es\\\/en?s={search_term_string}\"},\"query-input\":{\"@type\":\"PropertyValueSpecification\",\"valueRequired\":true,\"valueName\":\"search_term_string\"}}],\"inLanguage\":\"en-US\"},{\"@type\":\"Organization\",\"@id\":\"https:\\\/\\\/aceitedelbajoaragon.es\\\/en#organization\",\"name\":\"Aceite del Bajo Arag\u00f3n\",\"url\":\"https:\\\/\\\/aceitedelbajoaragon.es\\\/en\",\"logo\":{\"@type\":\"ImageObject\",\"inLanguage\":\"en-US\",\"@id\":\"https:\\\/\\\/aceitedelbajoaragon.es\\\/en#\\\/schema\\\/logo\\\/image\\\/\",\"url\":\"\",\"contentUrl\":\"\",\"caption\":\"Aceite del Bajo Arag\u00f3n\"},\"image\":{\"@id\":\"https:\\\/\\\/aceitedelbajoaragon.es\\\/en#\\\/schema\\\/logo\\\/image\\\/\"},\"sameAs\":[\"https:\\\/\\\/www.facebook.com\\\/aceitedelbajoaragon.d.o.p\\\/timeline\\\/\",\"https:\\\/\\\/x.com\\\/DOPAceiteBA\",\"https:\\\/\\\/www.youtube.com\\\/user\\\/aceitedelbajoaragon\"]}]}<\/script>\n<!-- \/ Yoast SEO plugin. -->","yoast_head_json":{"title":"P\u00e2t\u00e9 of partridge and gel\u00e9e of its marinade with celery texture and virgin olive oil - Aceite del Bajo Arag\u00f3n","robots":{"index":"index","follow":"follow","max-snippet":"max-snippet:-1","max-image-preview":"max-image-preview:large","max-video-preview":"max-video-preview:-1"},"canonical":"https:\/\/aceitedelbajoaragon.es\/en\/olive-oil-a-world-of-sensations\/mediterranean-recipes-2\/pate-of-partridge-and-gelee-of-its-marinade-with-celery-texture-and-virgin-olive-oil","og_locale":"en_US","og_type":"article","og_title":"P\u00e2t\u00e9 of partridge and gel\u00e9e of its marinade with celery texture and virgin olive oil - Aceite del Bajo Arag\u00f3n","og_description":"Recipe with olive oil P\u00e2t\u00e9 of partridge and gel\u00e9e of [&hellip;]","og_url":"https:\/\/aceitedelbajoaragon.es\/en\/olive-oil-a-world-of-sensations\/mediterranean-recipes-2\/pate-of-partridge-and-gelee-of-its-marinade-with-celery-texture-and-virgin-olive-oil","og_site_name":"Aceite del Bajo Arag\u00f3n","article_publisher":"https:\/\/www.facebook.com\/aceitedelbajoaragon.d.o.p\/timeline\/","article_modified_time":"2023-11-22T08:23:33+00:00","twitter_card":"summary_large_image","twitter_site":"@DOPAceiteBA","twitter_misc":{"Est. reading time":"1 minute"},"schema":{"@context":"https:\/\/schema.org","@graph":[{"@type":"WebPage","@id":"https:\/\/aceitedelbajoaragon.es\/en\/olive-oil-a-world-of-sensations\/mediterranean-recipes-2\/pate-of-partridge-and-gelee-of-its-marinade-with-celery-texture-and-virgin-olive-oil","url":"https:\/\/aceitedelbajoaragon.es\/en\/olive-oil-a-world-of-sensations\/mediterranean-recipes-2\/pate-of-partridge-and-gelee-of-its-marinade-with-celery-texture-and-virgin-olive-oil","name":"P\u00e2t\u00e9 of partridge and gel\u00e9e of its marinade with celery texture and virgin olive oil - Aceite del Bajo Arag\u00f3n","isPartOf":{"@id":"https:\/\/aceitedelbajoaragon.es\/en#website"},"datePublished":"2022-11-25T10:00:28+00:00","dateModified":"2023-11-22T08:23:33+00:00","breadcrumb":{"@id":"https:\/\/aceitedelbajoaragon.es\/en\/olive-oil-a-world-of-sensations\/mediterranean-recipes-2\/pate-of-partridge-and-gelee-of-its-marinade-with-celery-texture-and-virgin-olive-oil#breadcrumb"},"inLanguage":"en-US","potentialAction":[{"@type":"ReadAction","target":["https:\/\/aceitedelbajoaragon.es\/en\/olive-oil-a-world-of-sensations\/mediterranean-recipes-2\/pate-of-partridge-and-gelee-of-its-marinade-with-celery-texture-and-virgin-olive-oil"]}]},{"@type":"BreadcrumbList","@id":"https:\/\/aceitedelbajoaragon.es\/en\/olive-oil-a-world-of-sensations\/mediterranean-recipes-2\/pate-of-partridge-and-gelee-of-its-marinade-with-celery-texture-and-virgin-olive-oil#breadcrumb","itemListElement":[{"@type":"ListItem","position":1,"name":"Inicio","item":"https:\/\/aceitedelbajoaragon.es\/en"},{"@type":"ListItem","position":2,"name":"Olive oil. A world of sensations","item":"https:\/\/aceitedelbajoaragon.es\/en\/olive-oil-a-world-of-sensations"},{"@type":"ListItem","position":3,"name":"Mediterranean recipes 2","item":"https:\/\/aceitedelbajoaragon.es\/en\/olive-oil-a-world-of-sensations\/mediterranean-recipes-2"},{"@type":"ListItem","position":4,"name":"P\u00e2t\u00e9 of partridge and gel\u00e9e of its marinade with celery texture and virgin olive oil"}]},{"@type":"WebSite","@id":"https:\/\/aceitedelbajoaragon.es\/en#website","url":"https:\/\/aceitedelbajoaragon.es\/en","name":"Aceite del Bajo Arag\u00f3n","description":"El Bajo Arag\u00f3n, una de las zonas m\u00e1s propicias del mundo para el cultivo del olivo y donde se produce el mejor aceite de oliva.","publisher":{"@id":"https:\/\/aceitedelbajoaragon.es\/en#organization"},"potentialAction":[{"@type":"SearchAction","target":{"@type":"EntryPoint","urlTemplate":"https:\/\/aceitedelbajoaragon.es\/en?s={search_term_string}"},"query-input":{"@type":"PropertyValueSpecification","valueRequired":true,"valueName":"search_term_string"}}],"inLanguage":"en-US"},{"@type":"Organization","@id":"https:\/\/aceitedelbajoaragon.es\/en#organization","name":"Aceite del Bajo Arag\u00f3n","url":"https:\/\/aceitedelbajoaragon.es\/en","logo":{"@type":"ImageObject","inLanguage":"en-US","@id":"https:\/\/aceitedelbajoaragon.es\/en#\/schema\/logo\/image\/","url":"","contentUrl":"","caption":"Aceite del Bajo Arag\u00f3n"},"image":{"@id":"https:\/\/aceitedelbajoaragon.es\/en#\/schema\/logo\/image\/"},"sameAs":["https:\/\/www.facebook.com\/aceitedelbajoaragon.d.o.p\/timeline\/","https:\/\/x.com\/DOPAceiteBA","https:\/\/www.youtube.com\/user\/aceitedelbajoaragon"]}]}},"_links":{"self":[{"href":"https:\/\/aceitedelbajoaragon.es\/en\/wp-json\/wp\/v2\/pages\/927","targetHints":{"allow":["GET"]}}],"collection":[{"href":"https:\/\/aceitedelbajoaragon.es\/en\/wp-json\/wp\/v2\/pages"}],"about":[{"href":"https:\/\/aceitedelbajoaragon.es\/en\/wp-json\/wp\/v2\/types\/page"}],"author":[{"embeddable":true,"href":"https:\/\/aceitedelbajoaragon.es\/en\/wp-json\/wp\/v2\/users\/1"}],"replies":[{"embeddable":true,"href":"https:\/\/aceitedelbajoaragon.es\/en\/wp-json\/wp\/v2\/comments?post=927"}],"version-history":[{"count":0,"href":"https:\/\/aceitedelbajoaragon.es\/en\/wp-json\/wp\/v2\/pages\/927\/revisions"}],"up":[{"embeddable":true,"href":"https:\/\/aceitedelbajoaragon.es\/en\/wp-json\/wp\/v2\/pages\/893"}],"wp:attachment":[{"href":"https:\/\/aceitedelbajoaragon.es\/en\/wp-json\/wp\/v2\/media?parent=927"}],"curies":[{"name":"wp","href":"https:\/\/api.w.org\/{rel}","templated":true}]}}