{"id":937,"date":"2022-11-22T08:05:41","date_gmt":"2022-11-22T08:05:41","guid":{"rendered":"https:\/\/aceitedelbajoaragon.es\/legal-notice\/"},"modified":"2023-11-22T09:51:18","modified_gmt":"2023-11-22T09:51:18","slug":"legal-notice","status":"publish","type":"page","link":"https:\/\/aceitedelbajoaragon.es\/en\/legal-notice","title":{"rendered":"Legal notice"},"content":{"rendered":"\n<h2 class=\"wp-block-heading has-text-color\" style=\"color:#4f7537\">Legal Information<\/h2>\n\n<h4 class=\"wp-block-heading has-cyan-bluish-gray-color has-text-color\"><strong>IDENTIFICATION AND OWNERSHIP<\/strong><\/h4>\n\n<p>In order to comply with the provisions of article 10 of Law 34\/2002, of 11 July, on information society services and electronic commerce, we provide you with the following general information:<\/p>\n\n<p>CIF: G44170421<\/p>\n\n<p>Address: C\/ Muro Sta. Mar\u00eda, s\/n; Edif. Molino Mayor, 1st floor, Alca\u00f1iz, TERUEL.<\/p>\n\n<p>Email: <a href=\"mailto:info@aceitedelbajoaragon.es\">info@aceitedelbajoaragon.es<\/a><\/p>\n\n<h4 class=\"wp-block-heading has-cyan-bluish-gray-color has-text-color\"><strong>DATA PROTECTION<\/strong><\/h4>\n\n<p>1. RESPONSIBLE: Who is the Data Controller for the processing of your data?<br\/>Identity: Designation of Origin &#8220;Aceite del Bajo Arag\u00f3n&#8221; Regulatory Council, CIF: G44170421<\/p>\n\n<p>Address: C\/ Muro Sta. Mar\u00eda, s\/n; Edif. Molino Mayor, 1st floor, Alca\u00f1iz, TERUEL.<\/p>\n\n<p>Email: <a href=\"mailto:info@aceitesdelbajoaragon.com\"><\/a><a href=\"mailto:info@aceitedelbajoaragon.es\">info@aceitedelbajoaragon.es<\/a> <\/p>\n\n<p>2. PURPOSE: For what purpose do we process your personal data?<br\/>We process the information provided by interested parties for the following purposes:<\/p>\n\n<ul class=\"wp-block-list\">\n<li>Provide information about our products and services<ul><li>To provide the contracted service<\/li><\/ul>\n<ul class=\"wp-block-list\">\n<li>To carry out the invoicing of the same.<\/li>\n<\/ul>\n<\/li>\n<\/ul>\n\n<p>3. LIMITATION OF STORAGE PERIOD How long will we keep your data?<br\/>The data provided will be retained for the duration of the business relationship or for the years necessary to comply with legal obligations.<\/p>\n\n<p>4. LEGITIMACY: What is the legitimacy for the processing of your data?<br\/>The legal basis for the processing of data is the consent obtained from the data subject, in addition to the contracting of services.<\/p>\n\n<p>5. RIGHTS: What are your rights when you provide us with your data?<br\/>Any person has the right to obtain confirmation as to whether or not Consejo Regulador de la Denominaci\u00f3n de Origen Protegida Aceite del Bajo Arag\u00f3n is processing personal data concerning them. Interested parties have the right to access their personal data, as well as to request the rectification of inaccurate data or, where appropriate, to request its deletion when, among other reasons, the data is no longer necessary for the purposes for which it was collected. In certain circumstances, data subjects may request that we restrict the processing of their data, in which case we will only retain the data for the purpose of exercising or defending claims.<\/p>\n\n<p>In certain circumstances and on grounds relating to their particular situation, data subjects may object to the processing of their data. Designation of Origin &#8220;Aceite del Bajo Arag\u00f3n&#8221; Regulatory Council, shall cease to process the data, except for imperative legitimate reasons, or the exercise or defence of possible claims.<\/p>\n\n<p>The data subject has the right to withdraw consent at any time, without affecting the lawfulness of the processing based on consent prior to its withdrawal.<\/p>\n\n<p>For further information on your rights, please visit the website of the Agencia Espa\u00f1ola de Protecci\u00f3n de Datos (<a href=\"https:\/\/www.aepd.es\/\" target=\"_blank\" rel=\"noreferrer noopener\">https:\/\/www.aepd.es\/<\/a>)<\/p>\n\n<p>To exercise your rights you can write an e-mail to <a href=\"mailto:info@aceitedelbajoaragon.es%3e\">info@aceitedelbajoaragon.es<\/a> in which you must identify yourself by attaching a copy of your ID card and indicate the right you wish to exercise and the reason.<\/p>\n\n<p>6. PROVENANCE: How did we obtain your data?<\/p>\n\n<ol class=\"wp-block-list\" type=\"1\">\n<li>The personal data that we process at Designation of Origin &#8220;Aceite del Bajo Arag\u00f3n&#8221; Regulatory Council (G44170421) comes from the interested party and\/or their Representative.<\/li>\n\n\n\n<li>The categories of data processed are:<ol><li>Identification data.<\/li><\/ol><ol><li>Postal or e-mail addresses.<\/li><\/ol>\n<ol class=\"wp-block-list\">\n<li>Economic Data.<\/li>\n<\/ol>\n<\/li>\n\n\n\n<li>No processing of specially protected data<\/li>\n<\/ol>\n\n<h4 class=\"wp-block-heading has-cyan-bluish-gray-color has-text-color\">LINKS TO THIRD PARTIES<\/h4>\n\n<p>This website may contain links to other websites, without the foregoing implying or implying any endorsement, validation or approval of the contents of the destination websites. <\/p>\n\n<p>In this respect, the Designation of Origin &#8220;Aceite del Bajo Arag\u00f3n&#8221; Regulatory Council accepts no responsibility whatsoever with regard to the information, contents of any kind, products or services provided or offered through the aforementioned websites. The civil, criminal or administrative liability of the Designation of Origin &#8220;Aceite del Bajo Arag\u00f3n&#8221; Regulatory Council for the content of the linked sites is limited by the provisions of Law 34\/2002 of 11 July, on Information Society Services and Electronic Commerce. <\/p>\n\n<h4 class=\"wp-block-heading has-cyan-bluish-gray-color has-text-color\">APPLICABLE LAW AND JURISDICTION<\/h4>\n\n<p>The user accepts that the applicable legislation for all website activity is solely that of Spain. Any type of claim or conflict regarding the use or activity of the same will be subject to the jurisdiction and competence of the courts and tribunals of Zaragoza city, except in those cases in which this is not permitted in accordance with the regulations on consumers and users.<\/p>\n","protected":false},"excerpt":{"rendered":"<p>Legal Information IDENTIFICATION AND OWNERSHIP In order to comply with [&hellip;]<\/p>\n","protected":false},"author":1,"featured_media":0,"parent":0,"menu_order":0,"comment_status":"closed","ping_status":"closed","template":"","meta":{"footnotes":""},"class_list":["post-937","page","type-page","status-publish","hentry"],"yoast_head":"<!-- This site is optimized with the Yoast SEO plugin v27.4 - https:\/\/yoast.com\/product\/yoast-seo-wordpress\/ -->\n<title>Legal notice - Aceite del Bajo Arag\u00f3n<\/title>\n<meta name=\"robots\" content=\"index, follow, max-snippet:-1, max-image-preview:large, max-video-preview:-1\" \/>\n<link rel=\"canonical\" href=\"https:\/\/aceitedelbajoaragon.es\/en\/legal-notice\" \/>\n<meta property=\"og:locale\" content=\"en_US\" \/>\n<meta property=\"og:type\" content=\"article\" \/>\n<meta property=\"og:title\" content=\"Legal notice - Aceite del Bajo Arag\u00f3n\" \/>\n<meta property=\"og:description\" content=\"Legal Information IDENTIFICATION AND OWNERSHIP In order to comply with [&hellip;]\" \/>\n<meta property=\"og:url\" content=\"https:\/\/aceitedelbajoaragon.es\/en\/legal-notice\" \/>\n<meta property=\"og:site_name\" content=\"Aceite del Bajo Arag\u00f3n\" \/>\n<meta property=\"article:publisher\" content=\"https:\/\/www.facebook.com\/aceitedelbajoaragon.d.o.p\/timeline\/\" \/>\n<meta property=\"article:modified_time\" content=\"2023-11-22T09:51:18+00:00\" \/>\n<meta name=\"twitter:card\" content=\"summary_large_image\" \/>\n<meta name=\"twitter:site\" content=\"@DOPAceiteBA\" \/>\n<meta name=\"twitter:label1\" content=\"Est. reading time\" \/>\n\t<meta name=\"twitter:data1\" content=\"4 minutes\" \/>\n<script type=\"application\/ld+json\" class=\"yoast-schema-graph\">{\"@context\":\"https:\\\/\\\/schema.org\",\"@graph\":[{\"@type\":\"WebPage\",\"@id\":\"https:\\\/\\\/aceitedelbajoaragon.es\\\/en\\\/legal-notice\",\"url\":\"https:\\\/\\\/aceitedelbajoaragon.es\\\/en\\\/legal-notice\",\"name\":\"Legal notice - Aceite del Bajo Arag\u00f3n\",\"isPartOf\":{\"@id\":\"https:\\\/\\\/aceitedelbajoaragon.es\\\/en#website\"},\"datePublished\":\"2022-11-22T08:05:41+00:00\",\"dateModified\":\"2023-11-22T09:51:18+00:00\",\"breadcrumb\":{\"@id\":\"https:\\\/\\\/aceitedelbajoaragon.es\\\/en\\\/legal-notice#breadcrumb\"},\"inLanguage\":\"en-US\",\"potentialAction\":[{\"@type\":\"ReadAction\",\"target\":[\"https:\\\/\\\/aceitedelbajoaragon.es\\\/en\\\/legal-notice\"]}]},{\"@type\":\"BreadcrumbList\",\"@id\":\"https:\\\/\\\/aceitedelbajoaragon.es\\\/en\\\/legal-notice#breadcrumb\",\"itemListElement\":[{\"@type\":\"ListItem\",\"position\":1,\"name\":\"Inicio\",\"item\":\"https:\\\/\\\/aceitedelbajoaragon.es\\\/en\"},{\"@type\":\"ListItem\",\"position\":2,\"name\":\"Legal notice\"}]},{\"@type\":\"WebSite\",\"@id\":\"https:\\\/\\\/aceitedelbajoaragon.es\\\/en#website\",\"url\":\"https:\\\/\\\/aceitedelbajoaragon.es\\\/en\",\"name\":\"Aceite del Bajo Arag\u00f3n\",\"description\":\"El Bajo Arag\u00f3n, una de las zonas m\u00e1s propicias del mundo para el cultivo del olivo y donde se produce el mejor aceite de oliva.\",\"publisher\":{\"@id\":\"https:\\\/\\\/aceitedelbajoaragon.es\\\/en#organization\"},\"potentialAction\":[{\"@type\":\"SearchAction\",\"target\":{\"@type\":\"EntryPoint\",\"urlTemplate\":\"https:\\\/\\\/aceitedelbajoaragon.es\\\/en?s={search_term_string}\"},\"query-input\":{\"@type\":\"PropertyValueSpecification\",\"valueRequired\":true,\"valueName\":\"search_term_string\"}}],\"inLanguage\":\"en-US\"},{\"@type\":\"Organization\",\"@id\":\"https:\\\/\\\/aceitedelbajoaragon.es\\\/en#organization\",\"name\":\"Aceite del Bajo Arag\u00f3n\",\"url\":\"https:\\\/\\\/aceitedelbajoaragon.es\\\/en\",\"logo\":{\"@type\":\"ImageObject\",\"inLanguage\":\"en-US\",\"@id\":\"https:\\\/\\\/aceitedelbajoaragon.es\\\/en#\\\/schema\\\/logo\\\/image\\\/\",\"url\":\"\",\"contentUrl\":\"\",\"caption\":\"Aceite del Bajo Arag\u00f3n\"},\"image\":{\"@id\":\"https:\\\/\\\/aceitedelbajoaragon.es\\\/en#\\\/schema\\\/logo\\\/image\\\/\"},\"sameAs\":[\"https:\\\/\\\/www.facebook.com\\\/aceitedelbajoaragon.d.o.p\\\/timeline\\\/\",\"https:\\\/\\\/x.com\\\/DOPAceiteBA\",\"https:\\\/\\\/www.youtube.com\\\/user\\\/aceitedelbajoaragon\"]}]}<\/script>\n<!-- \/ Yoast SEO plugin. -->","yoast_head_json":{"title":"Legal notice - Aceite del Bajo Arag\u00f3n","robots":{"index":"index","follow":"follow","max-snippet":"max-snippet:-1","max-image-preview":"max-image-preview:large","max-video-preview":"max-video-preview:-1"},"canonical":"https:\/\/aceitedelbajoaragon.es\/en\/legal-notice","og_locale":"en_US","og_type":"article","og_title":"Legal notice - Aceite del Bajo Arag\u00f3n","og_description":"Legal Information IDENTIFICATION AND OWNERSHIP In order to comply with [&hellip;]","og_url":"https:\/\/aceitedelbajoaragon.es\/en\/legal-notice","og_site_name":"Aceite del Bajo Arag\u00f3n","article_publisher":"https:\/\/www.facebook.com\/aceitedelbajoaragon.d.o.p\/timeline\/","article_modified_time":"2023-11-22T09:51:18+00:00","twitter_card":"summary_large_image","twitter_site":"@DOPAceiteBA","twitter_misc":{"Est. reading time":"4 minutes"},"schema":{"@context":"https:\/\/schema.org","@graph":[{"@type":"WebPage","@id":"https:\/\/aceitedelbajoaragon.es\/en\/legal-notice","url":"https:\/\/aceitedelbajoaragon.es\/en\/legal-notice","name":"Legal notice - Aceite del Bajo Arag\u00f3n","isPartOf":{"@id":"https:\/\/aceitedelbajoaragon.es\/en#website"},"datePublished":"2022-11-22T08:05:41+00:00","dateModified":"2023-11-22T09:51:18+00:00","breadcrumb":{"@id":"https:\/\/aceitedelbajoaragon.es\/en\/legal-notice#breadcrumb"},"inLanguage":"en-US","potentialAction":[{"@type":"ReadAction","target":["https:\/\/aceitedelbajoaragon.es\/en\/legal-notice"]}]},{"@type":"BreadcrumbList","@id":"https:\/\/aceitedelbajoaragon.es\/en\/legal-notice#breadcrumb","itemListElement":[{"@type":"ListItem","position":1,"name":"Inicio","item":"https:\/\/aceitedelbajoaragon.es\/en"},{"@type":"ListItem","position":2,"name":"Legal notice"}]},{"@type":"WebSite","@id":"https:\/\/aceitedelbajoaragon.es\/en#website","url":"https:\/\/aceitedelbajoaragon.es\/en","name":"Aceite del Bajo Arag\u00f3n","description":"El Bajo Arag\u00f3n, una de las zonas m\u00e1s propicias del mundo para el cultivo del olivo y donde se produce el mejor aceite de oliva.","publisher":{"@id":"https:\/\/aceitedelbajoaragon.es\/en#organization"},"potentialAction":[{"@type":"SearchAction","target":{"@type":"EntryPoint","urlTemplate":"https:\/\/aceitedelbajoaragon.es\/en?s={search_term_string}"},"query-input":{"@type":"PropertyValueSpecification","valueRequired":true,"valueName":"search_term_string"}}],"inLanguage":"en-US"},{"@type":"Organization","@id":"https:\/\/aceitedelbajoaragon.es\/en#organization","name":"Aceite del Bajo Arag\u00f3n","url":"https:\/\/aceitedelbajoaragon.es\/en","logo":{"@type":"ImageObject","inLanguage":"en-US","@id":"https:\/\/aceitedelbajoaragon.es\/en#\/schema\/logo\/image\/","url":"","contentUrl":"","caption":"Aceite del Bajo Arag\u00f3n"},"image":{"@id":"https:\/\/aceitedelbajoaragon.es\/en#\/schema\/logo\/image\/"},"sameAs":["https:\/\/www.facebook.com\/aceitedelbajoaragon.d.o.p\/timeline\/","https:\/\/x.com\/DOPAceiteBA","https:\/\/www.youtube.com\/user\/aceitedelbajoaragon"]}]}},"_links":{"self":[{"href":"https:\/\/aceitedelbajoaragon.es\/en\/wp-json\/wp\/v2\/pages\/937","targetHints":{"allow":["GET"]}}],"collection":[{"href":"https:\/\/aceitedelbajoaragon.es\/en\/wp-json\/wp\/v2\/pages"}],"about":[{"href":"https:\/\/aceitedelbajoaragon.es\/en\/wp-json\/wp\/v2\/types\/page"}],"author":[{"embeddable":true,"href":"https:\/\/aceitedelbajoaragon.es\/en\/wp-json\/wp\/v2\/users\/1"}],"replies":[{"embeddable":true,"href":"https:\/\/aceitedelbajoaragon.es\/en\/wp-json\/wp\/v2\/comments?post=937"}],"version-history":[{"count":0,"href":"https:\/\/aceitedelbajoaragon.es\/en\/wp-json\/wp\/v2\/pages\/937\/revisions"}],"wp:attachment":[{"href":"https:\/\/aceitedelbajoaragon.es\/en\/wp-json\/wp\/v2\/media?parent=937"}],"curies":[{"name":"wp","href":"https:\/\/api.w.org\/{rel}","templated":true}]}}