{"id":940,"date":"2022-11-21T12:50:02","date_gmt":"2022-11-21T12:50:02","guid":{"rendered":"https:\/\/aceitedelbajoaragon.es\/regulatory-council\/designation-of-origin-aceite-del-bajo-aragon-regulatory-council\/"},"modified":"2023-11-22T09:58:09","modified_gmt":"2023-11-22T09:58:09","slug":"designation-of-origin-aceite-del-bajo-aragon-regulatory-council","status":"publish","type":"page","link":"https:\/\/aceitedelbajoaragon.es\/en\/regulatory-council\/designation-of-origin-aceite-del-bajo-aragon-regulatory-council","title":{"rendered":"Designation of Origin &#8220;Aceite del Bajo Arag\u00f3n&#8221; Regulatory Council"},"content":{"rendered":"\n<h2 class=\"wp-block-heading has-text-color\" style=\"color:#4f7537\">Designation of Origin &#8220;Aceite del Bajo Arag\u00f3n&#8221; Regulatory Council<\/h2>\n\n<p>The Association for the Defense and Promotion of the Bajo Aragon Olive Oil (A.D.A.B.A) was interested on having a specific reglament to protect and warrant the quality of their production, so given the social and economic importance of the olive oil production, it solicit the creation of the Denomination of Origin &#8220;Bajo Arag\u00f3n Oil&#8221;.<\/p>\n\n<p>For this reason, and in accordance with the Autonomous Community of Aragon on the regulation of D.O&#8217;s, the provisional Regulatory Council of the Designation of Origin &#8220;Aceite del Bajo Arag\u00f3n&#8221; was created (B.O.A. No. 79 of 23 June 1999), with definitive recognition by the European Commission in October 2001. This Regulatory Council is made up of the following persons:<\/p>\n\n<figure class=\"wp-block-table is-style-stripes\"><table><tbody><tr><td class=\"has-text-align-left\" data-align=\"left\"><strong>President of the DO Aceite de Oliva del Bajo Arag\u00f3n<\/strong><\/td><td>Alfredo Cald\u00fa Celma<\/td><\/tr><tr><td class=\"has-text-align-left\" data-align=\"left\"><strong>Vice-president DO Aceite del Bajo Arag\u00f3n<\/strong><\/td><td>Ram\u00f3n Gonz\u00e1lez Bielsa<\/td><\/tr><tr><td class=\"has-text-align-left\" data-align=\"left\"><strong>DO Secretary and DO Aceite del Bajo Arag\u00f3n Technical Director<\/strong><\/td><td>Juan Baseda Torruella<\/td><\/tr><tr><td class=\"has-text-align-left\" data-align=\"left\"><strong>Members representing the Production Sector<\/strong><\/td><td>Roberto Pueyo Pueyo<br\/>Javier S\u00e1nchez Pedr\u00f3s<br\/>Arturo Peris Bad\u00eda<\/td><\/tr><tr><td class=\"has-text-align-left\" data-align=\"left\"><strong>Members representing the mills and bottling companies<\/strong><\/td><td>Alejandra Jaime Mart\u00ednez (Almazara de Jaime S.L.)<br\/>Antonio Garc\u00eda M\u00e1s (Soc. Coop. Agr\u00edcola San Lorenzo)<br\/>Florentino Alfonso Casas (Florentino Alfonso Casas)<br\/>Joaqu\u00edn Riba Torrente (Coop. de Aceites del Matarra\u00f1a, S.C.L)<br\/>Pedro Sancho Faci (Coop. del Mezqu\u00edn, S.C.L)<br\/>Gabriel Alcober Dilla (Fernando Alcober e Hijos, S.A)<br\/>Ram\u00f3n Gonz\u00e1lez Bielsa (La Calandina, S.C.L)<\/td><\/tr><\/tbody><\/table><\/figure>","protected":false},"excerpt":{"rendered":"<p>Designation of Origin &#8220;Aceite del Bajo Arag\u00f3n&#8221; Regulatory Council The [&hellip;]<\/p>\n","protected":false},"author":1,"featured_media":0,"parent":939,"menu_order":0,"comment_status":"closed","ping_status":"closed","template":"","meta":{"footnotes":""},"class_list":["post-940","page","type-page","status-publish","hentry"],"yoast_head":"<!-- This site is optimized with the Yoast SEO plugin v27.4 - https:\/\/yoast.com\/product\/yoast-seo-wordpress\/ -->\n<title>Designation of Origin &quot;Aceite del Bajo Arag\u00f3n&quot; Regulatory Council - Aceite del Bajo Arag\u00f3n<\/title>\n<meta name=\"robots\" content=\"index, follow, max-snippet:-1, max-image-preview:large, max-video-preview:-1\" \/>\n<link rel=\"canonical\" href=\"https:\/\/aceitedelbajoaragon.es\/en\/regulatory-council\/designation-of-origin-aceite-del-bajo-aragon-regulatory-council\" \/>\n<meta property=\"og:locale\" content=\"en_US\" \/>\n<meta property=\"og:type\" content=\"article\" \/>\n<meta property=\"og:title\" content=\"Designation of Origin &quot;Aceite del Bajo Arag\u00f3n&quot; Regulatory Council - Aceite del Bajo Arag\u00f3n\" \/>\n<meta property=\"og:description\" content=\"Designation of Origin &#8220;Aceite del Bajo Arag\u00f3n&#8221; Regulatory Council The [&hellip;]\" \/>\n<meta property=\"og:url\" content=\"https:\/\/aceitedelbajoaragon.es\/en\/regulatory-council\/designation-of-origin-aceite-del-bajo-aragon-regulatory-council\" \/>\n<meta property=\"og:site_name\" content=\"Aceite del Bajo Arag\u00f3n\" \/>\n<meta property=\"article:publisher\" content=\"https:\/\/www.facebook.com\/aceitedelbajoaragon.d.o.p\/timeline\/\" \/>\n<meta property=\"article:modified_time\" content=\"2023-11-22T09:58:09+00:00\" \/>\n<meta name=\"twitter:card\" content=\"summary_large_image\" \/>\n<meta name=\"twitter:site\" content=\"@DOPAceiteBA\" \/>\n<meta name=\"twitter:label1\" content=\"Est. reading time\" \/>\n\t<meta name=\"twitter:data1\" content=\"1 minute\" \/>\n<script type=\"application\/ld+json\" class=\"yoast-schema-graph\">{\"@context\":\"https:\\\/\\\/schema.org\",\"@graph\":[{\"@type\":\"WebPage\",\"@id\":\"https:\\\/\\\/aceitedelbajoaragon.es\\\/en\\\/regulatory-council\\\/designation-of-origin-aceite-del-bajo-aragon-regulatory-council\",\"url\":\"https:\\\/\\\/aceitedelbajoaragon.es\\\/en\\\/regulatory-council\\\/designation-of-origin-aceite-del-bajo-aragon-regulatory-council\",\"name\":\"Designation of Origin \\\"Aceite del Bajo Arag\u00f3n\\\" Regulatory Council - Aceite del Bajo Arag\u00f3n\",\"isPartOf\":{\"@id\":\"https:\\\/\\\/aceitedelbajoaragon.es\\\/en#website\"},\"datePublished\":\"2022-11-21T12:50:02+00:00\",\"dateModified\":\"2023-11-22T09:58:09+00:00\",\"breadcrumb\":{\"@id\":\"https:\\\/\\\/aceitedelbajoaragon.es\\\/en\\\/regulatory-council\\\/designation-of-origin-aceite-del-bajo-aragon-regulatory-council#breadcrumb\"},\"inLanguage\":\"en-US\",\"potentialAction\":[{\"@type\":\"ReadAction\",\"target\":[\"https:\\\/\\\/aceitedelbajoaragon.es\\\/en\\\/regulatory-council\\\/designation-of-origin-aceite-del-bajo-aragon-regulatory-council\"]}]},{\"@type\":\"BreadcrumbList\",\"@id\":\"https:\\\/\\\/aceitedelbajoaragon.es\\\/en\\\/regulatory-council\\\/designation-of-origin-aceite-del-bajo-aragon-regulatory-council#breadcrumb\",\"itemListElement\":[{\"@type\":\"ListItem\",\"position\":1,\"name\":\"Inicio\",\"item\":\"https:\\\/\\\/aceitedelbajoaragon.es\\\/en\"},{\"@type\":\"ListItem\",\"position\":2,\"name\":\"Regulatory council\",\"item\":\"https:\\\/\\\/aceitedelbajoaragon.es\\\/en\\\/regulatory-council\"},{\"@type\":\"ListItem\",\"position\":3,\"name\":\"Designation of Origin &#8220;Aceite del Bajo Arag\u00f3n&#8221; Regulatory Council\"}]},{\"@type\":\"WebSite\",\"@id\":\"https:\\\/\\\/aceitedelbajoaragon.es\\\/en#website\",\"url\":\"https:\\\/\\\/aceitedelbajoaragon.es\\\/en\",\"name\":\"Aceite del Bajo Arag\u00f3n\",\"description\":\"El Bajo Arag\u00f3n, una de las zonas m\u00e1s propicias del mundo para el cultivo del olivo y donde se produce el mejor aceite de oliva.\",\"publisher\":{\"@id\":\"https:\\\/\\\/aceitedelbajoaragon.es\\\/en#organization\"},\"potentialAction\":[{\"@type\":\"SearchAction\",\"target\":{\"@type\":\"EntryPoint\",\"urlTemplate\":\"https:\\\/\\\/aceitedelbajoaragon.es\\\/en?s={search_term_string}\"},\"query-input\":{\"@type\":\"PropertyValueSpecification\",\"valueRequired\":true,\"valueName\":\"search_term_string\"}}],\"inLanguage\":\"en-US\"},{\"@type\":\"Organization\",\"@id\":\"https:\\\/\\\/aceitedelbajoaragon.es\\\/en#organization\",\"name\":\"Aceite del Bajo Arag\u00f3n\",\"url\":\"https:\\\/\\\/aceitedelbajoaragon.es\\\/en\",\"logo\":{\"@type\":\"ImageObject\",\"inLanguage\":\"en-US\",\"@id\":\"https:\\\/\\\/aceitedelbajoaragon.es\\\/en#\\\/schema\\\/logo\\\/image\\\/\",\"url\":\"\",\"contentUrl\":\"\",\"caption\":\"Aceite del Bajo Arag\u00f3n\"},\"image\":{\"@id\":\"https:\\\/\\\/aceitedelbajoaragon.es\\\/en#\\\/schema\\\/logo\\\/image\\\/\"},\"sameAs\":[\"https:\\\/\\\/www.facebook.com\\\/aceitedelbajoaragon.d.o.p\\\/timeline\\\/\",\"https:\\\/\\\/x.com\\\/DOPAceiteBA\",\"https:\\\/\\\/www.youtube.com\\\/user\\\/aceitedelbajoaragon\"]}]}<\/script>\n<!-- \/ Yoast SEO plugin. -->","yoast_head_json":{"title":"Designation of Origin \"Aceite del Bajo Arag\u00f3n\" Regulatory Council - Aceite del Bajo Arag\u00f3n","robots":{"index":"index","follow":"follow","max-snippet":"max-snippet:-1","max-image-preview":"max-image-preview:large","max-video-preview":"max-video-preview:-1"},"canonical":"https:\/\/aceitedelbajoaragon.es\/en\/regulatory-council\/designation-of-origin-aceite-del-bajo-aragon-regulatory-council","og_locale":"en_US","og_type":"article","og_title":"Designation of Origin \"Aceite del Bajo Arag\u00f3n\" Regulatory Council - Aceite del Bajo Arag\u00f3n","og_description":"Designation of Origin &#8220;Aceite del Bajo Arag\u00f3n&#8221; Regulatory Council The [&hellip;]","og_url":"https:\/\/aceitedelbajoaragon.es\/en\/regulatory-council\/designation-of-origin-aceite-del-bajo-aragon-regulatory-council","og_site_name":"Aceite del Bajo Arag\u00f3n","article_publisher":"https:\/\/www.facebook.com\/aceitedelbajoaragon.d.o.p\/timeline\/","article_modified_time":"2023-11-22T09:58:09+00:00","twitter_card":"summary_large_image","twitter_site":"@DOPAceiteBA","twitter_misc":{"Est. reading time":"1 minute"},"schema":{"@context":"https:\/\/schema.org","@graph":[{"@type":"WebPage","@id":"https:\/\/aceitedelbajoaragon.es\/en\/regulatory-council\/designation-of-origin-aceite-del-bajo-aragon-regulatory-council","url":"https:\/\/aceitedelbajoaragon.es\/en\/regulatory-council\/designation-of-origin-aceite-del-bajo-aragon-regulatory-council","name":"Designation of Origin \"Aceite del Bajo Arag\u00f3n\" Regulatory Council - Aceite del Bajo Arag\u00f3n","isPartOf":{"@id":"https:\/\/aceitedelbajoaragon.es\/en#website"},"datePublished":"2022-11-21T12:50:02+00:00","dateModified":"2023-11-22T09:58:09+00:00","breadcrumb":{"@id":"https:\/\/aceitedelbajoaragon.es\/en\/regulatory-council\/designation-of-origin-aceite-del-bajo-aragon-regulatory-council#breadcrumb"},"inLanguage":"en-US","potentialAction":[{"@type":"ReadAction","target":["https:\/\/aceitedelbajoaragon.es\/en\/regulatory-council\/designation-of-origin-aceite-del-bajo-aragon-regulatory-council"]}]},{"@type":"BreadcrumbList","@id":"https:\/\/aceitedelbajoaragon.es\/en\/regulatory-council\/designation-of-origin-aceite-del-bajo-aragon-regulatory-council#breadcrumb","itemListElement":[{"@type":"ListItem","position":1,"name":"Inicio","item":"https:\/\/aceitedelbajoaragon.es\/en"},{"@type":"ListItem","position":2,"name":"Regulatory council","item":"https:\/\/aceitedelbajoaragon.es\/en\/regulatory-council"},{"@type":"ListItem","position":3,"name":"Designation of Origin &#8220;Aceite del Bajo Arag\u00f3n&#8221; Regulatory Council"}]},{"@type":"WebSite","@id":"https:\/\/aceitedelbajoaragon.es\/en#website","url":"https:\/\/aceitedelbajoaragon.es\/en","name":"Aceite del Bajo Arag\u00f3n","description":"El Bajo Arag\u00f3n, una de las zonas m\u00e1s propicias del mundo para el cultivo del olivo y donde se produce el mejor aceite de oliva.","publisher":{"@id":"https:\/\/aceitedelbajoaragon.es\/en#organization"},"potentialAction":[{"@type":"SearchAction","target":{"@type":"EntryPoint","urlTemplate":"https:\/\/aceitedelbajoaragon.es\/en?s={search_term_string}"},"query-input":{"@type":"PropertyValueSpecification","valueRequired":true,"valueName":"search_term_string"}}],"inLanguage":"en-US"},{"@type":"Organization","@id":"https:\/\/aceitedelbajoaragon.es\/en#organization","name":"Aceite del Bajo Arag\u00f3n","url":"https:\/\/aceitedelbajoaragon.es\/en","logo":{"@type":"ImageObject","inLanguage":"en-US","@id":"https:\/\/aceitedelbajoaragon.es\/en#\/schema\/logo\/image\/","url":"","contentUrl":"","caption":"Aceite del Bajo Arag\u00f3n"},"image":{"@id":"https:\/\/aceitedelbajoaragon.es\/en#\/schema\/logo\/image\/"},"sameAs":["https:\/\/www.facebook.com\/aceitedelbajoaragon.d.o.p\/timeline\/","https:\/\/x.com\/DOPAceiteBA","https:\/\/www.youtube.com\/user\/aceitedelbajoaragon"]}]}},"_links":{"self":[{"href":"https:\/\/aceitedelbajoaragon.es\/en\/wp-json\/wp\/v2\/pages\/940","targetHints":{"allow":["GET"]}}],"collection":[{"href":"https:\/\/aceitedelbajoaragon.es\/en\/wp-json\/wp\/v2\/pages"}],"about":[{"href":"https:\/\/aceitedelbajoaragon.es\/en\/wp-json\/wp\/v2\/types\/page"}],"author":[{"embeddable":true,"href":"https:\/\/aceitedelbajoaragon.es\/en\/wp-json\/wp\/v2\/users\/1"}],"replies":[{"embeddable":true,"href":"https:\/\/aceitedelbajoaragon.es\/en\/wp-json\/wp\/v2\/comments?post=940"}],"version-history":[{"count":0,"href":"https:\/\/aceitedelbajoaragon.es\/en\/wp-json\/wp\/v2\/pages\/940\/revisions"}],"up":[{"embeddable":true,"href":"https:\/\/aceitedelbajoaragon.es\/en\/wp-json\/wp\/v2\/pages\/939"}],"wp:attachment":[{"href":"https:\/\/aceitedelbajoaragon.es\/en\/wp-json\/wp\/v2\/media?parent=940"}],"curies":[{"name":"wp","href":"https:\/\/api.w.org\/{rel}","templated":true}]}}