{"id":948,"date":"2022-11-21T13:24:51","date_gmt":"2022-11-21T13:24:51","guid":{"rendered":"https:\/\/aceitedelbajoaragon.es\/tips-around-oil\/"},"modified":"2023-11-22T13:52:23","modified_gmt":"2023-11-22T13:52:23","slug":"tips-around-oil","status":"publish","type":"page","link":"https:\/\/aceitedelbajoaragon.es\/en\/tips-around-oil","title":{"rendered":"Tips around oil"},"content":{"rendered":"\n<h2 class=\"has-text-color wp-block-heading\" style=\"color:#4f7537\">Tips around oil<\/h2>\n\n<p>Here is some advice on oil: its purchase, qualities and use:<\/p>\n\n<ul class=\"wp-block-list\">\n<li><a href=\"https:\/\/aceitedelbajoaragon.es\/consejos-alrededor-del-aceite\/saber-leer-una-etiqueta\/\">How to read a label<\/a><\/li>\n\n\n\n<li><a href=\"https:\/\/aceitedelbajoaragon.es\/consejos-alrededor-del-aceite\/categorias-de-aceites-de-oliva\/\">Olive oil categories<\/a><\/li>\n\n\n\n<li><a href=\"https:\/\/aceitedelbajoaragon.es\/consejos-alrededor-del-aceite\/la-acidez-del-aceite-de-oliva\/\">The acidity of olive oil<\/a><\/li>\n\n\n\n<li><a href=\"https:\/\/aceitedelbajoaragon.es\/consejos-alrededor-del-aceite\/cocinar-con-aceite-de-oliva\/\">Cooking with olive oil<\/a><\/li>\n<\/ul>\n","protected":false},"excerpt":{"rendered":"<p>Tips around oil Here is some advice on oil: its [&hellip;]<\/p>\n","protected":false},"author":1,"featured_media":0,"parent":0,"menu_order":0,"comment_status":"closed","ping_status":"closed","template":"","meta":{"footnotes":""},"class_list":["post-948","page","type-page","status-publish","hentry"],"yoast_head":"<!-- This site is optimized with the Yoast SEO plugin v27.4 - https:\/\/yoast.com\/product\/yoast-seo-wordpress\/ -->\n<title>Tips around oil - Aceite del Bajo Arag\u00f3n<\/title>\n<meta name=\"robots\" content=\"index, follow, max-snippet:-1, max-image-preview:large, max-video-preview:-1\" \/>\n<link rel=\"canonical\" href=\"https:\/\/aceitedelbajoaragon.es\/en\/tips-around-oil\" \/>\n<meta property=\"og:locale\" content=\"en_US\" \/>\n<meta property=\"og:type\" content=\"article\" \/>\n<meta property=\"og:title\" content=\"Tips around oil - Aceite del Bajo Arag\u00f3n\" \/>\n<meta property=\"og:description\" content=\"Tips around oil Here is some advice on oil: its [&hellip;]\" \/>\n<meta property=\"og:url\" content=\"https:\/\/aceitedelbajoaragon.es\/en\/tips-around-oil\" \/>\n<meta property=\"og:site_name\" content=\"Aceite del Bajo Arag\u00f3n\" \/>\n<meta property=\"article:publisher\" content=\"https:\/\/www.facebook.com\/aceitedelbajoaragon.d.o.p\/timeline\/\" \/>\n<meta property=\"article:modified_time\" content=\"2023-11-22T13:52:23+00:00\" \/>\n<meta name=\"twitter:card\" content=\"summary_large_image\" \/>\n<meta name=\"twitter:site\" content=\"@DOPAceiteBA\" \/>\n<script type=\"application\/ld+json\" class=\"yoast-schema-graph\">{\"@context\":\"https:\\\/\\\/schema.org\",\"@graph\":[{\"@type\":\"WebPage\",\"@id\":\"https:\\\/\\\/aceitedelbajoaragon.es\\\/en\\\/tips-around-oil\",\"url\":\"https:\\\/\\\/aceitedelbajoaragon.es\\\/en\\\/tips-around-oil\",\"name\":\"Tips around oil - Aceite del Bajo Arag\u00f3n\",\"isPartOf\":{\"@id\":\"https:\\\/\\\/aceitedelbajoaragon.es\\\/en#website\"},\"datePublished\":\"2022-11-21T13:24:51+00:00\",\"dateModified\":\"2023-11-22T13:52:23+00:00\",\"breadcrumb\":{\"@id\":\"https:\\\/\\\/aceitedelbajoaragon.es\\\/en\\\/tips-around-oil#breadcrumb\"},\"inLanguage\":\"en-US\",\"potentialAction\":[{\"@type\":\"ReadAction\",\"target\":[\"https:\\\/\\\/aceitedelbajoaragon.es\\\/en\\\/tips-around-oil\"]}]},{\"@type\":\"BreadcrumbList\",\"@id\":\"https:\\\/\\\/aceitedelbajoaragon.es\\\/en\\\/tips-around-oil#breadcrumb\",\"itemListElement\":[{\"@type\":\"ListItem\",\"position\":1,\"name\":\"Inicio\",\"item\":\"https:\\\/\\\/aceitedelbajoaragon.es\\\/en\"},{\"@type\":\"ListItem\",\"position\":2,\"name\":\"Tips around oil\"}]},{\"@type\":\"WebSite\",\"@id\":\"https:\\\/\\\/aceitedelbajoaragon.es\\\/en#website\",\"url\":\"https:\\\/\\\/aceitedelbajoaragon.es\\\/en\",\"name\":\"Aceite del Bajo Arag\u00f3n\",\"description\":\"El Bajo Arag\u00f3n, una de las zonas m\u00e1s propicias del mundo para el cultivo del olivo y donde se produce el mejor aceite de oliva.\",\"publisher\":{\"@id\":\"https:\\\/\\\/aceitedelbajoaragon.es\\\/en#organization\"},\"potentialAction\":[{\"@type\":\"SearchAction\",\"target\":{\"@type\":\"EntryPoint\",\"urlTemplate\":\"https:\\\/\\\/aceitedelbajoaragon.es\\\/en?s={search_term_string}\"},\"query-input\":{\"@type\":\"PropertyValueSpecification\",\"valueRequired\":true,\"valueName\":\"search_term_string\"}}],\"inLanguage\":\"en-US\"},{\"@type\":\"Organization\",\"@id\":\"https:\\\/\\\/aceitedelbajoaragon.es\\\/en#organization\",\"name\":\"Aceite del Bajo Arag\u00f3n\",\"url\":\"https:\\\/\\\/aceitedelbajoaragon.es\\\/en\",\"logo\":{\"@type\":\"ImageObject\",\"inLanguage\":\"en-US\",\"@id\":\"https:\\\/\\\/aceitedelbajoaragon.es\\\/en#\\\/schema\\\/logo\\\/image\\\/\",\"url\":\"\",\"contentUrl\":\"\",\"caption\":\"Aceite del Bajo Arag\u00f3n\"},\"image\":{\"@id\":\"https:\\\/\\\/aceitedelbajoaragon.es\\\/en#\\\/schema\\\/logo\\\/image\\\/\"},\"sameAs\":[\"https:\\\/\\\/www.facebook.com\\\/aceitedelbajoaragon.d.o.p\\\/timeline\\\/\",\"https:\\\/\\\/x.com\\\/DOPAceiteBA\",\"https:\\\/\\\/www.youtube.com\\\/user\\\/aceitedelbajoaragon\"]}]}<\/script>\n<!-- \/ Yoast SEO plugin. -->","yoast_head_json":{"title":"Tips around oil - Aceite del Bajo Arag\u00f3n","robots":{"index":"index","follow":"follow","max-snippet":"max-snippet:-1","max-image-preview":"max-image-preview:large","max-video-preview":"max-video-preview:-1"},"canonical":"https:\/\/aceitedelbajoaragon.es\/en\/tips-around-oil","og_locale":"en_US","og_type":"article","og_title":"Tips around oil - Aceite del Bajo Arag\u00f3n","og_description":"Tips around oil Here is some advice on oil: its [&hellip;]","og_url":"https:\/\/aceitedelbajoaragon.es\/en\/tips-around-oil","og_site_name":"Aceite del Bajo Arag\u00f3n","article_publisher":"https:\/\/www.facebook.com\/aceitedelbajoaragon.d.o.p\/timeline\/","article_modified_time":"2023-11-22T13:52:23+00:00","twitter_card":"summary_large_image","twitter_site":"@DOPAceiteBA","schema":{"@context":"https:\/\/schema.org","@graph":[{"@type":"WebPage","@id":"https:\/\/aceitedelbajoaragon.es\/en\/tips-around-oil","url":"https:\/\/aceitedelbajoaragon.es\/en\/tips-around-oil","name":"Tips around oil - Aceite del Bajo Arag\u00f3n","isPartOf":{"@id":"https:\/\/aceitedelbajoaragon.es\/en#website"},"datePublished":"2022-11-21T13:24:51+00:00","dateModified":"2023-11-22T13:52:23+00:00","breadcrumb":{"@id":"https:\/\/aceitedelbajoaragon.es\/en\/tips-around-oil#breadcrumb"},"inLanguage":"en-US","potentialAction":[{"@type":"ReadAction","target":["https:\/\/aceitedelbajoaragon.es\/en\/tips-around-oil"]}]},{"@type":"BreadcrumbList","@id":"https:\/\/aceitedelbajoaragon.es\/en\/tips-around-oil#breadcrumb","itemListElement":[{"@type":"ListItem","position":1,"name":"Inicio","item":"https:\/\/aceitedelbajoaragon.es\/en"},{"@type":"ListItem","position":2,"name":"Tips around oil"}]},{"@type":"WebSite","@id":"https:\/\/aceitedelbajoaragon.es\/en#website","url":"https:\/\/aceitedelbajoaragon.es\/en","name":"Aceite del Bajo Arag\u00f3n","description":"El Bajo Arag\u00f3n, una de las zonas m\u00e1s propicias del mundo para el cultivo del olivo y donde se produce el mejor aceite de oliva.","publisher":{"@id":"https:\/\/aceitedelbajoaragon.es\/en#organization"},"potentialAction":[{"@type":"SearchAction","target":{"@type":"EntryPoint","urlTemplate":"https:\/\/aceitedelbajoaragon.es\/en?s={search_term_string}"},"query-input":{"@type":"PropertyValueSpecification","valueRequired":true,"valueName":"search_term_string"}}],"inLanguage":"en-US"},{"@type":"Organization","@id":"https:\/\/aceitedelbajoaragon.es\/en#organization","name":"Aceite del Bajo Arag\u00f3n","url":"https:\/\/aceitedelbajoaragon.es\/en","logo":{"@type":"ImageObject","inLanguage":"en-US","@id":"https:\/\/aceitedelbajoaragon.es\/en#\/schema\/logo\/image\/","url":"","contentUrl":"","caption":"Aceite del Bajo Arag\u00f3n"},"image":{"@id":"https:\/\/aceitedelbajoaragon.es\/en#\/schema\/logo\/image\/"},"sameAs":["https:\/\/www.facebook.com\/aceitedelbajoaragon.d.o.p\/timeline\/","https:\/\/x.com\/DOPAceiteBA","https:\/\/www.youtube.com\/user\/aceitedelbajoaragon"]}]}},"_links":{"self":[{"href":"https:\/\/aceitedelbajoaragon.es\/en\/wp-json\/wp\/v2\/pages\/948","targetHints":{"allow":["GET"]}}],"collection":[{"href":"https:\/\/aceitedelbajoaragon.es\/en\/wp-json\/wp\/v2\/pages"}],"about":[{"href":"https:\/\/aceitedelbajoaragon.es\/en\/wp-json\/wp\/v2\/types\/page"}],"author":[{"embeddable":true,"href":"https:\/\/aceitedelbajoaragon.es\/en\/wp-json\/wp\/v2\/users\/1"}],"replies":[{"embeddable":true,"href":"https:\/\/aceitedelbajoaragon.es\/en\/wp-json\/wp\/v2\/comments?post=948"}],"version-history":[{"count":0,"href":"https:\/\/aceitedelbajoaragon.es\/en\/wp-json\/wp\/v2\/pages\/948\/revisions"}],"wp:attachment":[{"href":"https:\/\/aceitedelbajoaragon.es\/en\/wp-json\/wp\/v2\/media?parent=948"}],"curies":[{"name":"wp","href":"https:\/\/api.w.org\/{rel}","templated":true}]}}