{"id":952,"date":"2022-11-24T14:52:16","date_gmt":"2022-11-24T14:52:16","guid":{"rendered":"https:\/\/aceitedelbajoaragon.es\/tips-around-oil\/cooking-with-olive-oil\/"},"modified":"2023-11-22T14:01:48","modified_gmt":"2023-11-22T14:01:48","slug":"cooking-with-olive-oil","status":"publish","type":"page","link":"https:\/\/aceitedelbajoaragon.es\/en\/tips-around-oil\/cooking-with-olive-oil","title":{"rendered":"Cooking with olive oil"},"content":{"rendered":"\n<h2 class=\"has-black-color has-text-color wp-block-heading\"><a href=\"https:\/\/aceitedelbajoaragon.es\/en\/tips-around-oil\/\">Advice<\/a><\/h2>\n\n<h2 class=\"has-text-color wp-block-heading\" style=\"color:#4f7537\">Cooking with olive oil<\/h2>\n\n<p>There are plenty of reasons to recommend the use of extra virgin olive oil for cooking, where it proves to be extremely versatile. In the sphere of gastronomy, there is also a parallelism between oil and wine; gourmets maintain that there is an appropriate oil for each kind of food. The oil must be chosen carefully because, regardless of whether it is used as seasoning or for frying, it is of decisive influence in the flavour of the dish.<\/p>\n\n<ul class=\"wp-block-list\">\n<li>The choice of one oil type or another depends on each individual\u2019s taste, but even so an unwritten rule insists on the fact that smoother virgin olive oils are ideal for the salads and vegetables, while more strongly flavoured oils are more suitable for frying, grills and roasts.<br\/><\/li>\n\n\n\n<li>One thing that is generally accepted as true is that virgin olive oil is perfect for frying because it is not damaged at high temperatures, it does not lose its qualities and it can be reused, unlike what occurs with other vegetable oils. It also goes further on the frying pan: it increases visibly through the effect of heat. When fried, virgin olive oil does not penetrate into the food, but lends it the perfect touch so as not to distort the food\u2019s own flavour.<br\/><\/li>\n\n\n\n<li>Higher quality oil is best appreciated taken raw, when it allows one to savour all the nuances that make up its flavour. In this respect it is clearly differentiated from insipid oils made from seeds whose taste is neutral and standardised.<br\/><\/li>\n\n\n\n<li>It should not be forgotten that more intensely flavoured oil runs the risk of drowning the flavour of the food or that lighter texture oil is hardly noticed if it accompanies strongly-flavoured dishes.<br\/><\/li>\n\n\n\n<li>Unlike good wines, oil does not mature or improve with the passage of time. An open bottle should be used up fairly quickly because the content only maintains its qualities for about one year and from then on begins to deteriorate and become rancid. For this reason, it is very important when buying a bottle of extra virgin olive oil that you check the packaging date.<br\/><\/li>\n\n\n\n<li>Bottles or cans of virgin olive oil should be stored in a cool dry place away from light and heat.<\/li>\n<\/ul>\n","protected":false},"excerpt":{"rendered":"<p>Advice Cooking with olive oil There are plenty of reasons [&hellip;]<\/p>\n","protected":false},"author":1,"featured_media":0,"parent":948,"menu_order":0,"comment_status":"closed","ping_status":"closed","template":"","meta":{"footnotes":""},"class_list":["post-952","page","type-page","status-publish","hentry"],"yoast_head":"<!-- This site is optimized with the Yoast SEO plugin v27.3 - https:\/\/yoast.com\/product\/yoast-seo-wordpress\/ -->\n<title>Cooking with olive oil - Aceite del Bajo Arag\u00f3n<\/title>\n<meta name=\"robots\" content=\"index, follow, max-snippet:-1, max-image-preview:large, max-video-preview:-1\" \/>\n<link rel=\"canonical\" href=\"https:\/\/aceitedelbajoaragon.es\/en\/tips-around-oil\/cooking-with-olive-oil\" \/>\n<meta property=\"og:locale\" content=\"en_US\" \/>\n<meta property=\"og:type\" content=\"article\" \/>\n<meta property=\"og:title\" content=\"Cooking with olive oil - Aceite del Bajo Arag\u00f3n\" \/>\n<meta property=\"og:description\" content=\"Advice Cooking with olive oil There are plenty of reasons [&hellip;]\" \/>\n<meta property=\"og:url\" content=\"https:\/\/aceitedelbajoaragon.es\/en\/tips-around-oil\/cooking-with-olive-oil\" \/>\n<meta property=\"og:site_name\" content=\"Aceite del Bajo Arag\u00f3n\" \/>\n<meta property=\"article:publisher\" content=\"https:\/\/www.facebook.com\/aceitedelbajoaragon.d.o.p\/timeline\/\" \/>\n<meta property=\"article:modified_time\" content=\"2023-11-22T14:01:48+00:00\" \/>\n<meta name=\"twitter:card\" content=\"summary_large_image\" \/>\n<meta name=\"twitter:site\" content=\"@DOPAceiteBA\" \/>\n<meta name=\"twitter:label1\" content=\"Est. reading time\" \/>\n\t<meta name=\"twitter:data1\" content=\"2 minutes\" \/>\n<script type=\"application\/ld+json\" class=\"yoast-schema-graph\">{\"@context\":\"https:\\\/\\\/schema.org\",\"@graph\":[{\"@type\":\"WebPage\",\"@id\":\"https:\\\/\\\/aceitedelbajoaragon.es\\\/en\\\/tips-around-oil\\\/cooking-with-olive-oil\",\"url\":\"https:\\\/\\\/aceitedelbajoaragon.es\\\/en\\\/tips-around-oil\\\/cooking-with-olive-oil\",\"name\":\"Cooking with olive oil - Aceite del Bajo Arag\u00f3n\",\"isPartOf\":{\"@id\":\"https:\\\/\\\/aceitedelbajoaragon.es\\\/en#website\"},\"datePublished\":\"2022-11-24T14:52:16+00:00\",\"dateModified\":\"2023-11-22T14:01:48+00:00\",\"breadcrumb\":{\"@id\":\"https:\\\/\\\/aceitedelbajoaragon.es\\\/en\\\/tips-around-oil\\\/cooking-with-olive-oil#breadcrumb\"},\"inLanguage\":\"en-US\",\"potentialAction\":[{\"@type\":\"ReadAction\",\"target\":[\"https:\\\/\\\/aceitedelbajoaragon.es\\\/en\\\/tips-around-oil\\\/cooking-with-olive-oil\"]}]},{\"@type\":\"BreadcrumbList\",\"@id\":\"https:\\\/\\\/aceitedelbajoaragon.es\\\/en\\\/tips-around-oil\\\/cooking-with-olive-oil#breadcrumb\",\"itemListElement\":[{\"@type\":\"ListItem\",\"position\":1,\"name\":\"Inicio\",\"item\":\"https:\\\/\\\/aceitedelbajoaragon.es\\\/en\"},{\"@type\":\"ListItem\",\"position\":2,\"name\":\"Tips around oil\",\"item\":\"https:\\\/\\\/aceitedelbajoaragon.es\\\/en\\\/tips-around-oil\"},{\"@type\":\"ListItem\",\"position\":3,\"name\":\"Cooking with olive oil\"}]},{\"@type\":\"WebSite\",\"@id\":\"https:\\\/\\\/aceitedelbajoaragon.es\\\/en#website\",\"url\":\"https:\\\/\\\/aceitedelbajoaragon.es\\\/en\",\"name\":\"Aceite del Bajo Arag\u00f3n\",\"description\":\"El Bajo Arag\u00f3n, una de las zonas m\u00e1s propicias del mundo para el cultivo del olivo y donde se produce el mejor aceite de oliva.\",\"publisher\":{\"@id\":\"https:\\\/\\\/aceitedelbajoaragon.es\\\/en#organization\"},\"potentialAction\":[{\"@type\":\"SearchAction\",\"target\":{\"@type\":\"EntryPoint\",\"urlTemplate\":\"https:\\\/\\\/aceitedelbajoaragon.es\\\/en?s={search_term_string}\"},\"query-input\":{\"@type\":\"PropertyValueSpecification\",\"valueRequired\":true,\"valueName\":\"search_term_string\"}}],\"inLanguage\":\"en-US\"},{\"@type\":\"Organization\",\"@id\":\"https:\\\/\\\/aceitedelbajoaragon.es\\\/en#organization\",\"name\":\"Aceite del Bajo Arag\u00f3n\",\"url\":\"https:\\\/\\\/aceitedelbajoaragon.es\\\/en\",\"logo\":{\"@type\":\"ImageObject\",\"inLanguage\":\"en-US\",\"@id\":\"https:\\\/\\\/aceitedelbajoaragon.es\\\/en#\\\/schema\\\/logo\\\/image\\\/\",\"url\":\"\",\"contentUrl\":\"\",\"caption\":\"Aceite del Bajo Arag\u00f3n\"},\"image\":{\"@id\":\"https:\\\/\\\/aceitedelbajoaragon.es\\\/en#\\\/schema\\\/logo\\\/image\\\/\"},\"sameAs\":[\"https:\\\/\\\/www.facebook.com\\\/aceitedelbajoaragon.d.o.p\\\/timeline\\\/\",\"https:\\\/\\\/x.com\\\/DOPAceiteBA\",\"https:\\\/\\\/www.youtube.com\\\/user\\\/aceitedelbajoaragon\"]}]}<\/script>\n<!-- \/ Yoast SEO plugin. -->","yoast_head_json":{"title":"Cooking with olive oil - Aceite del Bajo Arag\u00f3n","robots":{"index":"index","follow":"follow","max-snippet":"max-snippet:-1","max-image-preview":"max-image-preview:large","max-video-preview":"max-video-preview:-1"},"canonical":"https:\/\/aceitedelbajoaragon.es\/en\/tips-around-oil\/cooking-with-olive-oil","og_locale":"en_US","og_type":"article","og_title":"Cooking with olive oil - Aceite del Bajo Arag\u00f3n","og_description":"Advice Cooking with olive oil There are plenty of reasons [&hellip;]","og_url":"https:\/\/aceitedelbajoaragon.es\/en\/tips-around-oil\/cooking-with-olive-oil","og_site_name":"Aceite del Bajo Arag\u00f3n","article_publisher":"https:\/\/www.facebook.com\/aceitedelbajoaragon.d.o.p\/timeline\/","article_modified_time":"2023-11-22T14:01:48+00:00","twitter_card":"summary_large_image","twitter_site":"@DOPAceiteBA","twitter_misc":{"Est. reading time":"2 minutes"},"schema":{"@context":"https:\/\/schema.org","@graph":[{"@type":"WebPage","@id":"https:\/\/aceitedelbajoaragon.es\/en\/tips-around-oil\/cooking-with-olive-oil","url":"https:\/\/aceitedelbajoaragon.es\/en\/tips-around-oil\/cooking-with-olive-oil","name":"Cooking with olive oil - Aceite del Bajo Arag\u00f3n","isPartOf":{"@id":"https:\/\/aceitedelbajoaragon.es\/en#website"},"datePublished":"2022-11-24T14:52:16+00:00","dateModified":"2023-11-22T14:01:48+00:00","breadcrumb":{"@id":"https:\/\/aceitedelbajoaragon.es\/en\/tips-around-oil\/cooking-with-olive-oil#breadcrumb"},"inLanguage":"en-US","potentialAction":[{"@type":"ReadAction","target":["https:\/\/aceitedelbajoaragon.es\/en\/tips-around-oil\/cooking-with-olive-oil"]}]},{"@type":"BreadcrumbList","@id":"https:\/\/aceitedelbajoaragon.es\/en\/tips-around-oil\/cooking-with-olive-oil#breadcrumb","itemListElement":[{"@type":"ListItem","position":1,"name":"Inicio","item":"https:\/\/aceitedelbajoaragon.es\/en"},{"@type":"ListItem","position":2,"name":"Tips around oil","item":"https:\/\/aceitedelbajoaragon.es\/en\/tips-around-oil"},{"@type":"ListItem","position":3,"name":"Cooking with olive oil"}]},{"@type":"WebSite","@id":"https:\/\/aceitedelbajoaragon.es\/en#website","url":"https:\/\/aceitedelbajoaragon.es\/en","name":"Aceite del Bajo Arag\u00f3n","description":"El Bajo Arag\u00f3n, una de las zonas m\u00e1s propicias del mundo para el cultivo del olivo y donde se produce el mejor aceite de oliva.","publisher":{"@id":"https:\/\/aceitedelbajoaragon.es\/en#organization"},"potentialAction":[{"@type":"SearchAction","target":{"@type":"EntryPoint","urlTemplate":"https:\/\/aceitedelbajoaragon.es\/en?s={search_term_string}"},"query-input":{"@type":"PropertyValueSpecification","valueRequired":true,"valueName":"search_term_string"}}],"inLanguage":"en-US"},{"@type":"Organization","@id":"https:\/\/aceitedelbajoaragon.es\/en#organization","name":"Aceite del Bajo Arag\u00f3n","url":"https:\/\/aceitedelbajoaragon.es\/en","logo":{"@type":"ImageObject","inLanguage":"en-US","@id":"https:\/\/aceitedelbajoaragon.es\/en#\/schema\/logo\/image\/","url":"","contentUrl":"","caption":"Aceite del Bajo Arag\u00f3n"},"image":{"@id":"https:\/\/aceitedelbajoaragon.es\/en#\/schema\/logo\/image\/"},"sameAs":["https:\/\/www.facebook.com\/aceitedelbajoaragon.d.o.p\/timeline\/","https:\/\/x.com\/DOPAceiteBA","https:\/\/www.youtube.com\/user\/aceitedelbajoaragon"]}]}},"_links":{"self":[{"href":"https:\/\/aceitedelbajoaragon.es\/en\/wp-json\/wp\/v2\/pages\/952","targetHints":{"allow":["GET"]}}],"collection":[{"href":"https:\/\/aceitedelbajoaragon.es\/en\/wp-json\/wp\/v2\/pages"}],"about":[{"href":"https:\/\/aceitedelbajoaragon.es\/en\/wp-json\/wp\/v2\/types\/page"}],"author":[{"embeddable":true,"href":"https:\/\/aceitedelbajoaragon.es\/en\/wp-json\/wp\/v2\/users\/1"}],"replies":[{"embeddable":true,"href":"https:\/\/aceitedelbajoaragon.es\/en\/wp-json\/wp\/v2\/comments?post=952"}],"version-history":[{"count":0,"href":"https:\/\/aceitedelbajoaragon.es\/en\/wp-json\/wp\/v2\/pages\/952\/revisions"}],"up":[{"embeddable":true,"href":"https:\/\/aceitedelbajoaragon.es\/en\/wp-json\/wp\/v2\/pages\/948"}],"wp:attachment":[{"href":"https:\/\/aceitedelbajoaragon.es\/en\/wp-json\/wp\/v2\/media?parent=952"}],"curies":[{"name":"wp","href":"https:\/\/api.w.org\/{rel}","templated":true}]}}