{"id":954,"date":"2022-11-24T14:46:30","date_gmt":"2022-11-24T14:46:30","guid":{"rendered":"https:\/\/aceitedelbajoaragon.es\/tips-around-oil\/the-acidity-of-olive-oil\/"},"modified":"2023-11-22T14:04:21","modified_gmt":"2023-11-22T14:04:21","slug":"the-acidity-of-olive-oil","status":"publish","type":"page","link":"https:\/\/aceitedelbajoaragon.es\/en\/tips-around-oil\/the-acidity-of-olive-oil","title":{"rendered":"The acidity of olive oil"},"content":{"rendered":"\n<h2 class=\"wp-block-heading\"><a href=\"https:\/\/aceitedelbajoaragon.es\/en\/tips-around-oil\/\">Advice<\/a><\/h2>\n\n<h2 class=\"has-text-color wp-block-heading\" style=\"color:#4f7537\">The acidity of olive oil<\/h2>\n\n<p>It should be borne in mind when speaking of olive oils that the degree of acidity does not refer to an acid flavour, nor does it apply to greater or lesser intensity of flavour. It is simply a laboratory coefficient that measures the proportion of free fatty acids contained in a given sample. This parameter is measured in degrees and, within normal limits, does not bear any relation to the sensorial characteristics of the sample in question. It is a stage that serves only to classify the oils.<\/p>\n\n<p>Due to a deep-rooted but false belief, the Spanish often suppose that mild flavours apply to low acidity and that more fruity, stronger flavours indicate a larger proportion of fatty acids; a big mistake, as shown by many extra virgin oils of great quality and intense flavour, whose acidity is lower than 0.2\u00ba or 0.3\u00ba, or even less.<\/p>\n\n<p>The fact that an oil\u2019s acidity is low does not mean it is mild or insipid. Acidity is a parameter that will probably be removed from labels in the future. Why do oil-producing companies insist on providing this disconcerting information? There is a simple explanation. There is a direct relation between the biological condition of the olives and the fatty acid content of the oil they produce.<\/p>\n\n<p>Low acidity means that the oil comes from healthy fruit and has been processed in optimum conditions. This is obviously something worth boasting about.<\/p>\n","protected":false},"excerpt":{"rendered":"<p>Advice The acidity of olive oil It should be borne [&hellip;]<\/p>\n","protected":false},"author":1,"featured_media":0,"parent":948,"menu_order":0,"comment_status":"closed","ping_status":"closed","template":"","meta":{"footnotes":""},"class_list":["post-954","page","type-page","status-publish","hentry"],"yoast_head":"<!-- This site is optimized with the Yoast SEO plugin v27.3 - https:\/\/yoast.com\/product\/yoast-seo-wordpress\/ -->\n<title>The acidity of olive oil - Aceite del Bajo Arag\u00f3n<\/title>\n<meta name=\"robots\" content=\"index, follow, max-snippet:-1, max-image-preview:large, max-video-preview:-1\" \/>\n<link rel=\"canonical\" href=\"https:\/\/aceitedelbajoaragon.es\/en\/tips-around-oil\/the-acidity-of-olive-oil\" \/>\n<meta property=\"og:locale\" content=\"en_US\" \/>\n<meta property=\"og:type\" content=\"article\" \/>\n<meta property=\"og:title\" content=\"The acidity of olive oil - Aceite del Bajo Arag\u00f3n\" \/>\n<meta property=\"og:description\" content=\"Advice The acidity of olive oil It should be borne [&hellip;]\" \/>\n<meta property=\"og:url\" content=\"https:\/\/aceitedelbajoaragon.es\/en\/tips-around-oil\/the-acidity-of-olive-oil\" \/>\n<meta property=\"og:site_name\" content=\"Aceite del Bajo Arag\u00f3n\" \/>\n<meta property=\"article:publisher\" content=\"https:\/\/www.facebook.com\/aceitedelbajoaragon.d.o.p\/timeline\/\" \/>\n<meta property=\"article:modified_time\" content=\"2023-11-22T14:04:21+00:00\" \/>\n<meta name=\"twitter:card\" content=\"summary_large_image\" \/>\n<meta name=\"twitter:site\" content=\"@DOPAceiteBA\" \/>\n<meta name=\"twitter:label1\" content=\"Est. reading time\" \/>\n\t<meta name=\"twitter:data1\" content=\"1 minute\" \/>\n<script type=\"application\/ld+json\" class=\"yoast-schema-graph\">{\"@context\":\"https:\\\/\\\/schema.org\",\"@graph\":[{\"@type\":\"WebPage\",\"@id\":\"https:\\\/\\\/aceitedelbajoaragon.es\\\/en\\\/tips-around-oil\\\/the-acidity-of-olive-oil\",\"url\":\"https:\\\/\\\/aceitedelbajoaragon.es\\\/en\\\/tips-around-oil\\\/the-acidity-of-olive-oil\",\"name\":\"The acidity of olive oil - Aceite del Bajo Arag\u00f3n\",\"isPartOf\":{\"@id\":\"https:\\\/\\\/aceitedelbajoaragon.es\\\/en#website\"},\"datePublished\":\"2022-11-24T14:46:30+00:00\",\"dateModified\":\"2023-11-22T14:04:21+00:00\",\"breadcrumb\":{\"@id\":\"https:\\\/\\\/aceitedelbajoaragon.es\\\/en\\\/tips-around-oil\\\/the-acidity-of-olive-oil#breadcrumb\"},\"inLanguage\":\"en-US\",\"potentialAction\":[{\"@type\":\"ReadAction\",\"target\":[\"https:\\\/\\\/aceitedelbajoaragon.es\\\/en\\\/tips-around-oil\\\/the-acidity-of-olive-oil\"]}]},{\"@type\":\"BreadcrumbList\",\"@id\":\"https:\\\/\\\/aceitedelbajoaragon.es\\\/en\\\/tips-around-oil\\\/the-acidity-of-olive-oil#breadcrumb\",\"itemListElement\":[{\"@type\":\"ListItem\",\"position\":1,\"name\":\"Inicio\",\"item\":\"https:\\\/\\\/aceitedelbajoaragon.es\\\/en\"},{\"@type\":\"ListItem\",\"position\":2,\"name\":\"Tips around oil\",\"item\":\"https:\\\/\\\/aceitedelbajoaragon.es\\\/en\\\/tips-around-oil\"},{\"@type\":\"ListItem\",\"position\":3,\"name\":\"The acidity of olive oil\"}]},{\"@type\":\"WebSite\",\"@id\":\"https:\\\/\\\/aceitedelbajoaragon.es\\\/en#website\",\"url\":\"https:\\\/\\\/aceitedelbajoaragon.es\\\/en\",\"name\":\"Aceite del Bajo Arag\u00f3n\",\"description\":\"El Bajo Arag\u00f3n, una de las zonas m\u00e1s propicias del mundo para el cultivo del olivo y donde se produce el mejor aceite de oliva.\",\"publisher\":{\"@id\":\"https:\\\/\\\/aceitedelbajoaragon.es\\\/en#organization\"},\"potentialAction\":[{\"@type\":\"SearchAction\",\"target\":{\"@type\":\"EntryPoint\",\"urlTemplate\":\"https:\\\/\\\/aceitedelbajoaragon.es\\\/en?s={search_term_string}\"},\"query-input\":{\"@type\":\"PropertyValueSpecification\",\"valueRequired\":true,\"valueName\":\"search_term_string\"}}],\"inLanguage\":\"en-US\"},{\"@type\":\"Organization\",\"@id\":\"https:\\\/\\\/aceitedelbajoaragon.es\\\/en#organization\",\"name\":\"Aceite del Bajo Arag\u00f3n\",\"url\":\"https:\\\/\\\/aceitedelbajoaragon.es\\\/en\",\"logo\":{\"@type\":\"ImageObject\",\"inLanguage\":\"en-US\",\"@id\":\"https:\\\/\\\/aceitedelbajoaragon.es\\\/en#\\\/schema\\\/logo\\\/image\\\/\",\"url\":\"\",\"contentUrl\":\"\",\"caption\":\"Aceite del Bajo Arag\u00f3n\"},\"image\":{\"@id\":\"https:\\\/\\\/aceitedelbajoaragon.es\\\/en#\\\/schema\\\/logo\\\/image\\\/\"},\"sameAs\":[\"https:\\\/\\\/www.facebook.com\\\/aceitedelbajoaragon.d.o.p\\\/timeline\\\/\",\"https:\\\/\\\/x.com\\\/DOPAceiteBA\",\"https:\\\/\\\/www.youtube.com\\\/user\\\/aceitedelbajoaragon\"]}]}<\/script>\n<!-- \/ Yoast SEO plugin. -->","yoast_head_json":{"title":"The acidity of olive oil - Aceite del Bajo Arag\u00f3n","robots":{"index":"index","follow":"follow","max-snippet":"max-snippet:-1","max-image-preview":"max-image-preview:large","max-video-preview":"max-video-preview:-1"},"canonical":"https:\/\/aceitedelbajoaragon.es\/en\/tips-around-oil\/the-acidity-of-olive-oil","og_locale":"en_US","og_type":"article","og_title":"The acidity of olive oil - Aceite del Bajo Arag\u00f3n","og_description":"Advice The acidity of olive oil It should be borne [&hellip;]","og_url":"https:\/\/aceitedelbajoaragon.es\/en\/tips-around-oil\/the-acidity-of-olive-oil","og_site_name":"Aceite del Bajo Arag\u00f3n","article_publisher":"https:\/\/www.facebook.com\/aceitedelbajoaragon.d.o.p\/timeline\/","article_modified_time":"2023-11-22T14:04:21+00:00","twitter_card":"summary_large_image","twitter_site":"@DOPAceiteBA","twitter_misc":{"Est. reading time":"1 minute"},"schema":{"@context":"https:\/\/schema.org","@graph":[{"@type":"WebPage","@id":"https:\/\/aceitedelbajoaragon.es\/en\/tips-around-oil\/the-acidity-of-olive-oil","url":"https:\/\/aceitedelbajoaragon.es\/en\/tips-around-oil\/the-acidity-of-olive-oil","name":"The acidity of olive oil - Aceite del Bajo Arag\u00f3n","isPartOf":{"@id":"https:\/\/aceitedelbajoaragon.es\/en#website"},"datePublished":"2022-11-24T14:46:30+00:00","dateModified":"2023-11-22T14:04:21+00:00","breadcrumb":{"@id":"https:\/\/aceitedelbajoaragon.es\/en\/tips-around-oil\/the-acidity-of-olive-oil#breadcrumb"},"inLanguage":"en-US","potentialAction":[{"@type":"ReadAction","target":["https:\/\/aceitedelbajoaragon.es\/en\/tips-around-oil\/the-acidity-of-olive-oil"]}]},{"@type":"BreadcrumbList","@id":"https:\/\/aceitedelbajoaragon.es\/en\/tips-around-oil\/the-acidity-of-olive-oil#breadcrumb","itemListElement":[{"@type":"ListItem","position":1,"name":"Inicio","item":"https:\/\/aceitedelbajoaragon.es\/en"},{"@type":"ListItem","position":2,"name":"Tips around oil","item":"https:\/\/aceitedelbajoaragon.es\/en\/tips-around-oil"},{"@type":"ListItem","position":3,"name":"The acidity of olive oil"}]},{"@type":"WebSite","@id":"https:\/\/aceitedelbajoaragon.es\/en#website","url":"https:\/\/aceitedelbajoaragon.es\/en","name":"Aceite del Bajo Arag\u00f3n","description":"El Bajo Arag\u00f3n, una de las zonas m\u00e1s propicias del mundo para el cultivo del olivo y donde se produce el mejor aceite de oliva.","publisher":{"@id":"https:\/\/aceitedelbajoaragon.es\/en#organization"},"potentialAction":[{"@type":"SearchAction","target":{"@type":"EntryPoint","urlTemplate":"https:\/\/aceitedelbajoaragon.es\/en?s={search_term_string}"},"query-input":{"@type":"PropertyValueSpecification","valueRequired":true,"valueName":"search_term_string"}}],"inLanguage":"en-US"},{"@type":"Organization","@id":"https:\/\/aceitedelbajoaragon.es\/en#organization","name":"Aceite del Bajo Arag\u00f3n","url":"https:\/\/aceitedelbajoaragon.es\/en","logo":{"@type":"ImageObject","inLanguage":"en-US","@id":"https:\/\/aceitedelbajoaragon.es\/en#\/schema\/logo\/image\/","url":"","contentUrl":"","caption":"Aceite del Bajo Arag\u00f3n"},"image":{"@id":"https:\/\/aceitedelbajoaragon.es\/en#\/schema\/logo\/image\/"},"sameAs":["https:\/\/www.facebook.com\/aceitedelbajoaragon.d.o.p\/timeline\/","https:\/\/x.com\/DOPAceiteBA","https:\/\/www.youtube.com\/user\/aceitedelbajoaragon"]}]}},"_links":{"self":[{"href":"https:\/\/aceitedelbajoaragon.es\/en\/wp-json\/wp\/v2\/pages\/954","targetHints":{"allow":["GET"]}}],"collection":[{"href":"https:\/\/aceitedelbajoaragon.es\/en\/wp-json\/wp\/v2\/pages"}],"about":[{"href":"https:\/\/aceitedelbajoaragon.es\/en\/wp-json\/wp\/v2\/types\/page"}],"author":[{"embeddable":true,"href":"https:\/\/aceitedelbajoaragon.es\/en\/wp-json\/wp\/v2\/users\/1"}],"replies":[{"embeddable":true,"href":"https:\/\/aceitedelbajoaragon.es\/en\/wp-json\/wp\/v2\/comments?post=954"}],"version-history":[{"count":0,"href":"https:\/\/aceitedelbajoaragon.es\/en\/wp-json\/wp\/v2\/pages\/954\/revisions"}],"up":[{"embeddable":true,"href":"https:\/\/aceitedelbajoaragon.es\/en\/wp-json\/wp\/v2\/pages\/948"}],"wp:attachment":[{"href":"https:\/\/aceitedelbajoaragon.es\/en\/wp-json\/wp\/v2\/media?parent=954"}],"curies":[{"name":"wp","href":"https:\/\/api.w.org\/{rel}","templated":true}]}}