{"id":956,"date":"2022-11-24T13:54:41","date_gmt":"2022-11-24T13:54:41","guid":{"rendered":"https:\/\/aceitedelbajoaragon.es\/tips-around-oil\/how-to-read-a-label\/"},"modified":"2023-11-22T14:07:38","modified_gmt":"2023-11-22T14:07:38","slug":"how-to-read-a-label","status":"publish","type":"page","link":"https:\/\/aceitedelbajoaragon.es\/en\/tips-around-oil\/how-to-read-a-label","title":{"rendered":"How to read a label"},"content":{"rendered":"\n<h2 class=\"wp-block-heading\"><a href=\"https:\/\/aceitedelbajoaragon.es\/en\/tips-around-oil\/\">Advice<\/a><\/h2>\n\n<h2 class=\"has-text-color wp-block-heading\" style=\"color:#4f7537\">How to read a label<\/h2>\n\n<p>Labels provide increasingly accurate information of interest regarding the oil packaged. There are also booklets attached to the necks of the bottles, which specify culinary recommendations and advice and describe their sensory characteristics, authentic tasting notes. Basic data for choosing the oil you are looking for.<\/p>\n\n<p>When you look at a bottle made of transparent glass, the colour of the oil reveals many of its secrets. The colour scale of the oils covers a wide range of transparencies, which reveal some of its gustatory features.<\/p>\n\n<p>Like all fruit, olives too reach a critical point in their maturity after which they enter a phase in which they gradually become black (veraison or turning) and acquire greater vegetative development. The features of any virgin oil depend, among other factors, on the degree of ripeness of the fruit.<\/p>\n\n<p>In general, golden yellow tones apply to sweet oils , extracted from late harvest olives, while darker greenish glints are typical of fruity and slightly bitter liquids from olives that have not quite completed their ripening period.<\/p>\n\n<p>It should be borne in mind that within the commercial categories \u2013 extra virgin, virgin and olive oil \u2013 the acidity reference that appears on the labels is unrelated to the taste. Low acidity simply means healthy fruit.<\/p>\n\n<p>The strange expression &#8220;young oil&#8221; that appears on some bottles, means that the oil comes from olives that have been harvested early.<\/p>\n\n<p>To be sure that the contents of the bottle are in good condition, one must be sure that it has been properly stored. In any event, it is essential to observe the best before date (\u201cbest before &#8230;\u201d), which is usually indicated in very small lettering.<\/p>\n\n<p><strong>A label of guarantee<\/strong><br\/><em>&#8220;Bajo Arag\u00f3n&#8221; Protected Designation of Origin<\/em><br\/>The Designation of Origin Regulatory Council label guarantees the Quality and food safety controls required by the Aragonese, Spanish and European Administrations.<\/p>\n","protected":false},"excerpt":{"rendered":"<p>Advice How to read a label Labels provide increasingly accurate [&hellip;]<\/p>\n","protected":false},"author":1,"featured_media":0,"parent":948,"menu_order":0,"comment_status":"closed","ping_status":"closed","template":"","meta":{"footnotes":""},"class_list":["post-956","page","type-page","status-publish","hentry"],"yoast_head":"<!-- This site is optimized with the Yoast SEO plugin v27.4 - https:\/\/yoast.com\/product\/yoast-seo-wordpress\/ -->\n<title>How to read a label - Aceite del Bajo Arag\u00f3n<\/title>\n<meta name=\"robots\" content=\"index, follow, max-snippet:-1, max-image-preview:large, max-video-preview:-1\" \/>\n<link rel=\"canonical\" href=\"https:\/\/aceitedelbajoaragon.es\/en\/tips-around-oil\/how-to-read-a-label\" \/>\n<meta property=\"og:locale\" content=\"en_US\" \/>\n<meta property=\"og:type\" content=\"article\" \/>\n<meta property=\"og:title\" content=\"How to read a label - Aceite del Bajo Arag\u00f3n\" \/>\n<meta property=\"og:description\" content=\"Advice How to read a label Labels provide increasingly accurate [&hellip;]\" \/>\n<meta property=\"og:url\" content=\"https:\/\/aceitedelbajoaragon.es\/en\/tips-around-oil\/how-to-read-a-label\" \/>\n<meta property=\"og:site_name\" content=\"Aceite del Bajo Arag\u00f3n\" \/>\n<meta property=\"article:publisher\" content=\"https:\/\/www.facebook.com\/aceitedelbajoaragon.d.o.p\/timeline\/\" \/>\n<meta property=\"article:modified_time\" content=\"2023-11-22T14:07:38+00:00\" \/>\n<meta name=\"twitter:card\" content=\"summary_large_image\" \/>\n<meta name=\"twitter:site\" content=\"@DOPAceiteBA\" \/>\n<meta name=\"twitter:label1\" content=\"Est. reading time\" \/>\n\t<meta name=\"twitter:data1\" content=\"2 minutes\" \/>\n<script type=\"application\/ld+json\" class=\"yoast-schema-graph\">{\"@context\":\"https:\\\/\\\/schema.org\",\"@graph\":[{\"@type\":\"WebPage\",\"@id\":\"https:\\\/\\\/aceitedelbajoaragon.es\\\/en\\\/tips-around-oil\\\/how-to-read-a-label\",\"url\":\"https:\\\/\\\/aceitedelbajoaragon.es\\\/en\\\/tips-around-oil\\\/how-to-read-a-label\",\"name\":\"How to read a label - Aceite del Bajo Arag\u00f3n\",\"isPartOf\":{\"@id\":\"https:\\\/\\\/aceitedelbajoaragon.es\\\/en#website\"},\"datePublished\":\"2022-11-24T13:54:41+00:00\",\"dateModified\":\"2023-11-22T14:07:38+00:00\",\"breadcrumb\":{\"@id\":\"https:\\\/\\\/aceitedelbajoaragon.es\\\/en\\\/tips-around-oil\\\/how-to-read-a-label#breadcrumb\"},\"inLanguage\":\"en-US\",\"potentialAction\":[{\"@type\":\"ReadAction\",\"target\":[\"https:\\\/\\\/aceitedelbajoaragon.es\\\/en\\\/tips-around-oil\\\/how-to-read-a-label\"]}]},{\"@type\":\"BreadcrumbList\",\"@id\":\"https:\\\/\\\/aceitedelbajoaragon.es\\\/en\\\/tips-around-oil\\\/how-to-read-a-label#breadcrumb\",\"itemListElement\":[{\"@type\":\"ListItem\",\"position\":1,\"name\":\"Inicio\",\"item\":\"https:\\\/\\\/aceitedelbajoaragon.es\\\/en\"},{\"@type\":\"ListItem\",\"position\":2,\"name\":\"Tips around oil\",\"item\":\"https:\\\/\\\/aceitedelbajoaragon.es\\\/en\\\/tips-around-oil\"},{\"@type\":\"ListItem\",\"position\":3,\"name\":\"How to read a label\"}]},{\"@type\":\"WebSite\",\"@id\":\"https:\\\/\\\/aceitedelbajoaragon.es\\\/en#website\",\"url\":\"https:\\\/\\\/aceitedelbajoaragon.es\\\/en\",\"name\":\"Aceite del Bajo Arag\u00f3n\",\"description\":\"El Bajo Arag\u00f3n, una de las zonas m\u00e1s propicias del mundo para el cultivo del olivo y donde se produce el mejor aceite de oliva.\",\"publisher\":{\"@id\":\"https:\\\/\\\/aceitedelbajoaragon.es\\\/en#organization\"},\"potentialAction\":[{\"@type\":\"SearchAction\",\"target\":{\"@type\":\"EntryPoint\",\"urlTemplate\":\"https:\\\/\\\/aceitedelbajoaragon.es\\\/en?s={search_term_string}\"},\"query-input\":{\"@type\":\"PropertyValueSpecification\",\"valueRequired\":true,\"valueName\":\"search_term_string\"}}],\"inLanguage\":\"en-US\"},{\"@type\":\"Organization\",\"@id\":\"https:\\\/\\\/aceitedelbajoaragon.es\\\/en#organization\",\"name\":\"Aceite del Bajo Arag\u00f3n\",\"url\":\"https:\\\/\\\/aceitedelbajoaragon.es\\\/en\",\"logo\":{\"@type\":\"ImageObject\",\"inLanguage\":\"en-US\",\"@id\":\"https:\\\/\\\/aceitedelbajoaragon.es\\\/en#\\\/schema\\\/logo\\\/image\\\/\",\"url\":\"\",\"contentUrl\":\"\",\"caption\":\"Aceite del Bajo Arag\u00f3n\"},\"image\":{\"@id\":\"https:\\\/\\\/aceitedelbajoaragon.es\\\/en#\\\/schema\\\/logo\\\/image\\\/\"},\"sameAs\":[\"https:\\\/\\\/www.facebook.com\\\/aceitedelbajoaragon.d.o.p\\\/timeline\\\/\",\"https:\\\/\\\/x.com\\\/DOPAceiteBA\",\"https:\\\/\\\/www.youtube.com\\\/user\\\/aceitedelbajoaragon\"]}]}<\/script>\n<!-- \/ Yoast SEO plugin. -->","yoast_head_json":{"title":"How to read a label - Aceite del Bajo Arag\u00f3n","robots":{"index":"index","follow":"follow","max-snippet":"max-snippet:-1","max-image-preview":"max-image-preview:large","max-video-preview":"max-video-preview:-1"},"canonical":"https:\/\/aceitedelbajoaragon.es\/en\/tips-around-oil\/how-to-read-a-label","og_locale":"en_US","og_type":"article","og_title":"How to read a label - Aceite del Bajo Arag\u00f3n","og_description":"Advice How to read a label Labels provide increasingly accurate [&hellip;]","og_url":"https:\/\/aceitedelbajoaragon.es\/en\/tips-around-oil\/how-to-read-a-label","og_site_name":"Aceite del Bajo Arag\u00f3n","article_publisher":"https:\/\/www.facebook.com\/aceitedelbajoaragon.d.o.p\/timeline\/","article_modified_time":"2023-11-22T14:07:38+00:00","twitter_card":"summary_large_image","twitter_site":"@DOPAceiteBA","twitter_misc":{"Est. reading time":"2 minutes"},"schema":{"@context":"https:\/\/schema.org","@graph":[{"@type":"WebPage","@id":"https:\/\/aceitedelbajoaragon.es\/en\/tips-around-oil\/how-to-read-a-label","url":"https:\/\/aceitedelbajoaragon.es\/en\/tips-around-oil\/how-to-read-a-label","name":"How to read a label - Aceite del Bajo Arag\u00f3n","isPartOf":{"@id":"https:\/\/aceitedelbajoaragon.es\/en#website"},"datePublished":"2022-11-24T13:54:41+00:00","dateModified":"2023-11-22T14:07:38+00:00","breadcrumb":{"@id":"https:\/\/aceitedelbajoaragon.es\/en\/tips-around-oil\/how-to-read-a-label#breadcrumb"},"inLanguage":"en-US","potentialAction":[{"@type":"ReadAction","target":["https:\/\/aceitedelbajoaragon.es\/en\/tips-around-oil\/how-to-read-a-label"]}]},{"@type":"BreadcrumbList","@id":"https:\/\/aceitedelbajoaragon.es\/en\/tips-around-oil\/how-to-read-a-label#breadcrumb","itemListElement":[{"@type":"ListItem","position":1,"name":"Inicio","item":"https:\/\/aceitedelbajoaragon.es\/en"},{"@type":"ListItem","position":2,"name":"Tips around oil","item":"https:\/\/aceitedelbajoaragon.es\/en\/tips-around-oil"},{"@type":"ListItem","position":3,"name":"How to read a label"}]},{"@type":"WebSite","@id":"https:\/\/aceitedelbajoaragon.es\/en#website","url":"https:\/\/aceitedelbajoaragon.es\/en","name":"Aceite del Bajo Arag\u00f3n","description":"El Bajo Arag\u00f3n, una de las zonas m\u00e1s propicias del mundo para el cultivo del olivo y donde se produce el mejor aceite de oliva.","publisher":{"@id":"https:\/\/aceitedelbajoaragon.es\/en#organization"},"potentialAction":[{"@type":"SearchAction","target":{"@type":"EntryPoint","urlTemplate":"https:\/\/aceitedelbajoaragon.es\/en?s={search_term_string}"},"query-input":{"@type":"PropertyValueSpecification","valueRequired":true,"valueName":"search_term_string"}}],"inLanguage":"en-US"},{"@type":"Organization","@id":"https:\/\/aceitedelbajoaragon.es\/en#organization","name":"Aceite del Bajo Arag\u00f3n","url":"https:\/\/aceitedelbajoaragon.es\/en","logo":{"@type":"ImageObject","inLanguage":"en-US","@id":"https:\/\/aceitedelbajoaragon.es\/en#\/schema\/logo\/image\/","url":"","contentUrl":"","caption":"Aceite del Bajo Arag\u00f3n"},"image":{"@id":"https:\/\/aceitedelbajoaragon.es\/en#\/schema\/logo\/image\/"},"sameAs":["https:\/\/www.facebook.com\/aceitedelbajoaragon.d.o.p\/timeline\/","https:\/\/x.com\/DOPAceiteBA","https:\/\/www.youtube.com\/user\/aceitedelbajoaragon"]}]}},"_links":{"self":[{"href":"https:\/\/aceitedelbajoaragon.es\/en\/wp-json\/wp\/v2\/pages\/956","targetHints":{"allow":["GET"]}}],"collection":[{"href":"https:\/\/aceitedelbajoaragon.es\/en\/wp-json\/wp\/v2\/pages"}],"about":[{"href":"https:\/\/aceitedelbajoaragon.es\/en\/wp-json\/wp\/v2\/types\/page"}],"author":[{"embeddable":true,"href":"https:\/\/aceitedelbajoaragon.es\/en\/wp-json\/wp\/v2\/users\/1"}],"replies":[{"embeddable":true,"href":"https:\/\/aceitedelbajoaragon.es\/en\/wp-json\/wp\/v2\/comments?post=956"}],"version-history":[{"count":0,"href":"https:\/\/aceitedelbajoaragon.es\/en\/wp-json\/wp\/v2\/pages\/956\/revisions"}],"up":[{"embeddable":true,"href":"https:\/\/aceitedelbajoaragon.es\/en\/wp-json\/wp\/v2\/pages\/948"}],"wp:attachment":[{"href":"https:\/\/aceitedelbajoaragon.es\/en\/wp-json\/wp\/v2\/media?parent=956"}],"curies":[{"name":"wp","href":"https:\/\/api.w.org\/{rel}","templated":true}]}}