{"id":965,"date":"2022-11-21T13:19:09","date_gmt":"2022-11-21T13:19:09","guid":{"rendered":"https:\/\/aceitedelbajoaragon.es\/designation-of-origin-oil\/olive-oil-from-bajo-aragon\/"},"modified":"2023-11-23T08:37:57","modified_gmt":"2023-11-23T08:37:57","slug":"olive-oil-from-bajo-aragon","status":"publish","type":"page","link":"https:\/\/aceitedelbajoaragon.es\/en\/designation-of-origin-oil\/olive-oil-from-bajo-aragon","title":{"rendered":"Olive oil from &#8220;Bajo Arag\u00f3n&#8221;"},"content":{"rendered":"\n<h2 class=\"has-text-color wp-block-heading\" style=\"color:#4f7537\">Olive oil from &#8220;Bajo Arag\u00f3n&#8221;<\/h2>\n\n<div class=\"wp-block-columns is-layout-flex wp-container-core-columns-is-layout-9d6595d7 wp-block-columns-is-layout-flex\">\n<div class=\"wp-block-column is-layout-flow wp-block-column-is-layout-flow\" style=\"flex-basis:66.66%\">\n<p><strong>&#8220;Bajo Arag\u00f3n&#8221; Olive Oil<\/strong> is understood to be Extra Virgin Olive Oil from olives grown, processed, bottled and marketed in this region. Extraction procedures shall be exclusively mechanical. Mechanical processes means grinding, beating, pressing, centrifuging, decanting and filtering, without the product undergoing any processing which alters its natural characteristics. The characteristics that distinguish Aceite del Bajo Arag\u00f3n can be defined through three points: appearance (Clear with no indication of cloudiness, colour (yellow with nuances of golden yellow to old gold, which are characteristic of the Empeltre variety) and taste (smooth, fluid oil, very pleasant on the palate with flavours that recall the fragrance of the olive tree).<\/p>\n\n\n\n<p>The beginnings of the oil-producing activity in Southern Aragon are lost a long way back in time, although the appearance of the activity goes hand in hand with the appearance of olive-tree cultivation in the area. The area devoted to cultivating this tree gradually increased and at one point amounted to over 80,000 has. At present, due to various factors that will be dealt with in subsequent sections, the area has been decreased to 37,000 Has., of which over two thirds are cultivated in the province of Teruel and the rest in the province of Zaragoza.<\/p>\n<\/div>\n\n\n\n<div class=\"wp-block-column is-layout-flow wp-block-column-is-layout-flow\" style=\"flex-basis:33.33%\">\n<figure class=\"wp-block-image size-full is-resized\"><img decoding=\"async\" src=\"\/wp-content\/uploads\/2022\/11\/caracteristicas1.jpg\" alt=\"\" class=\"wp-image-333\" width=\"280\" height=\"430\" srcset=\"https:\/\/aceitedelbajoaragon.es\/wp-content\/uploads\/2022\/11\/caracteristicas1-196x300.jpg 196w, https:\/\/aceitedelbajoaragon.es\/wp-content\/uploads\/2022\/11\/caracteristicas1-200x307.jpg 200w, https:\/\/aceitedelbajoaragon.es\/wp-content\/uploads\/2022\/11\/caracteristicas1-400x613.jpg 400w, https:\/\/aceitedelbajoaragon.es\/wp-content\/uploads\/2022\/11\/caracteristicas1.jpg 420w\" sizes=\"(max-width: 280px) 100vw, 280px\" \/><\/figure><\/div>\n<\/div>\n\n<p>60 % of the farming establishments are family farms, with less than 20 Has of crop being farmed and extensive division of land into plots. The average area of the family farms on unirrigated land is less than 2.5 Has. and olive growing is often combined with the growth of almond trees or cereals. On irrigated land, with an average area ranging from 1 to 2 Has., the farmers also tend to devote themselves to other crops such as late peach trees or almond trees. These combinations coincide to a great extent with the area in which the olive tree is grown.<\/p>\n\n<h3 class=\"has-text-color wp-block-heading\" style=\"color:#818181\">Olives empeltre<\/h3>\n<div class=\"wp-block-image\">\n<figure class=\"aligncenter size-full\"><img decoding=\"async\" width=\"703\" height=\"316\" src=\"\/wp-content\/uploads\/2022\/11\/empeltre-1.jpg\" alt=\"\" class=\"wp-image-334\" srcset=\"https:\/\/aceitedelbajoaragon.es\/wp-content\/uploads\/2022\/11\/empeltre-1-200x90.jpg 200w, https:\/\/aceitedelbajoaragon.es\/wp-content\/uploads\/2022\/11\/empeltre-1-300x135.jpg 300w, https:\/\/aceitedelbajoaragon.es\/wp-content\/uploads\/2022\/11\/empeltre-1-400x180.jpg 400w, https:\/\/aceitedelbajoaragon.es\/wp-content\/uploads\/2022\/11\/empeltre-1-600x270.jpg 600w, https:\/\/aceitedelbajoaragon.es\/wp-content\/uploads\/2022\/11\/empeltre-1-700x316.jpg 700w, https:\/\/aceitedelbajoaragon.es\/wp-content\/uploads\/2022\/11\/empeltre-1.jpg 703w\" sizes=\"(max-width: 703px) 100vw, 703px\" \/><\/figure><\/div>\n<p>Very productive olive variety, with early fruiting and black olives, native to &#8220;Bajo Arag\u00f3n&#8221;. Of all the varieties covered by the Regulatory Council, Empeltre participates in the production of protected oils in a minimum proportion of 80% and Arbequina and Royal may never exceed 20%. With this guarantee, the Designation of Origin protects and promotes the use and consumption of the Aragonese lowland olive par excellence.<\/p>\n","protected":false},"excerpt":{"rendered":"<p>Olive oil from &#8220;Bajo Arag\u00f3n&#8221; &#8220;Bajo Arag\u00f3n&#8221; Olive Oil is [&hellip;]<\/p>\n","protected":false},"author":1,"featured_media":0,"parent":964,"menu_order":0,"comment_status":"closed","ping_status":"closed","template":"","meta":{"footnotes":""},"class_list":["post-965","page","type-page","status-publish","hentry"],"yoast_head":"<!-- This site is optimized with the Yoast SEO plugin v27.3 - https:\/\/yoast.com\/product\/yoast-seo-wordpress\/ -->\n<title>Olive oil from &quot;Bajo Arag\u00f3n&quot; - Aceite del Bajo Arag\u00f3n<\/title>\n<meta name=\"robots\" content=\"index, follow, max-snippet:-1, max-image-preview:large, max-video-preview:-1\" \/>\n<link rel=\"canonical\" href=\"https:\/\/aceitedelbajoaragon.es\/en\/designation-of-origin-oil\/olive-oil-from-bajo-aragon\" \/>\n<meta property=\"og:locale\" content=\"en_US\" \/>\n<meta property=\"og:type\" content=\"article\" \/>\n<meta property=\"og:title\" content=\"Olive oil from &quot;Bajo Arag\u00f3n&quot; - Aceite del Bajo Arag\u00f3n\" \/>\n<meta property=\"og:description\" content=\"Olive oil from &#8220;Bajo Arag\u00f3n&#8221; &#8220;Bajo Arag\u00f3n&#8221; Olive Oil is [&hellip;]\" \/>\n<meta property=\"og:url\" content=\"https:\/\/aceitedelbajoaragon.es\/en\/designation-of-origin-oil\/olive-oil-from-bajo-aragon\" \/>\n<meta property=\"og:site_name\" content=\"Aceite del Bajo Arag\u00f3n\" \/>\n<meta property=\"article:publisher\" content=\"https:\/\/www.facebook.com\/aceitedelbajoaragon.d.o.p\/timeline\/\" \/>\n<meta property=\"article:modified_time\" content=\"2023-11-23T08:37:57+00:00\" \/>\n<meta name=\"twitter:card\" content=\"summary_large_image\" \/>\n<meta name=\"twitter:site\" content=\"@DOPAceiteBA\" \/>\n<meta name=\"twitter:label1\" content=\"Est. reading time\" \/>\n\t<meta name=\"twitter:data1\" content=\"2 minutes\" \/>\n<script type=\"application\/ld+json\" class=\"yoast-schema-graph\">{\"@context\":\"https:\\\/\\\/schema.org\",\"@graph\":[{\"@type\":\"WebPage\",\"@id\":\"https:\\\/\\\/aceitedelbajoaragon.es\\\/en\\\/designation-of-origin-oil\\\/olive-oil-from-bajo-aragon\",\"url\":\"https:\\\/\\\/aceitedelbajoaragon.es\\\/en\\\/designation-of-origin-oil\\\/olive-oil-from-bajo-aragon\",\"name\":\"Olive oil from \\\"Bajo Arag\u00f3n\\\" - Aceite del Bajo Arag\u00f3n\",\"isPartOf\":{\"@id\":\"https:\\\/\\\/aceitedelbajoaragon.es\\\/en#website\"},\"datePublished\":\"2022-11-21T13:19:09+00:00\",\"dateModified\":\"2023-11-23T08:37:57+00:00\",\"breadcrumb\":{\"@id\":\"https:\\\/\\\/aceitedelbajoaragon.es\\\/en\\\/designation-of-origin-oil\\\/olive-oil-from-bajo-aragon#breadcrumb\"},\"inLanguage\":\"en-US\",\"potentialAction\":[{\"@type\":\"ReadAction\",\"target\":[\"https:\\\/\\\/aceitedelbajoaragon.es\\\/en\\\/designation-of-origin-oil\\\/olive-oil-from-bajo-aragon\"]}]},{\"@type\":\"BreadcrumbList\",\"@id\":\"https:\\\/\\\/aceitedelbajoaragon.es\\\/en\\\/designation-of-origin-oil\\\/olive-oil-from-bajo-aragon#breadcrumb\",\"itemListElement\":[{\"@type\":\"ListItem\",\"position\":1,\"name\":\"Inicio\",\"item\":\"https:\\\/\\\/aceitedelbajoaragon.es\\\/en\"},{\"@type\":\"ListItem\",\"position\":2,\"name\":\"Designation of Origin Oil\",\"item\":\"https:\\\/\\\/aceitedelbajoaragon.es\\\/en\\\/designation-of-origin-oil\"},{\"@type\":\"ListItem\",\"position\":3,\"name\":\"Olive oil from &#8220;Bajo Arag\u00f3n&#8221;\"}]},{\"@type\":\"WebSite\",\"@id\":\"https:\\\/\\\/aceitedelbajoaragon.es\\\/en#website\",\"url\":\"https:\\\/\\\/aceitedelbajoaragon.es\\\/en\",\"name\":\"Aceite del Bajo Arag\u00f3n\",\"description\":\"El Bajo Arag\u00f3n, una de las zonas m\u00e1s propicias del mundo para el cultivo del olivo y donde se produce el mejor aceite de oliva.\",\"publisher\":{\"@id\":\"https:\\\/\\\/aceitedelbajoaragon.es\\\/en#organization\"},\"potentialAction\":[{\"@type\":\"SearchAction\",\"target\":{\"@type\":\"EntryPoint\",\"urlTemplate\":\"https:\\\/\\\/aceitedelbajoaragon.es\\\/en?s={search_term_string}\"},\"query-input\":{\"@type\":\"PropertyValueSpecification\",\"valueRequired\":true,\"valueName\":\"search_term_string\"}}],\"inLanguage\":\"en-US\"},{\"@type\":\"Organization\",\"@id\":\"https:\\\/\\\/aceitedelbajoaragon.es\\\/en#organization\",\"name\":\"Aceite del Bajo Arag\u00f3n\",\"url\":\"https:\\\/\\\/aceitedelbajoaragon.es\\\/en\",\"logo\":{\"@type\":\"ImageObject\",\"inLanguage\":\"en-US\",\"@id\":\"https:\\\/\\\/aceitedelbajoaragon.es\\\/en#\\\/schema\\\/logo\\\/image\\\/\",\"url\":\"\",\"contentUrl\":\"\",\"caption\":\"Aceite del Bajo Arag\u00f3n\"},\"image\":{\"@id\":\"https:\\\/\\\/aceitedelbajoaragon.es\\\/en#\\\/schema\\\/logo\\\/image\\\/\"},\"sameAs\":[\"https:\\\/\\\/www.facebook.com\\\/aceitedelbajoaragon.d.o.p\\\/timeline\\\/\",\"https:\\\/\\\/x.com\\\/DOPAceiteBA\",\"https:\\\/\\\/www.youtube.com\\\/user\\\/aceitedelbajoaragon\"]}]}<\/script>\n<!-- \/ Yoast SEO plugin. -->","yoast_head_json":{"title":"Olive oil from \"Bajo Arag\u00f3n\" - Aceite del Bajo Arag\u00f3n","robots":{"index":"index","follow":"follow","max-snippet":"max-snippet:-1","max-image-preview":"max-image-preview:large","max-video-preview":"max-video-preview:-1"},"canonical":"https:\/\/aceitedelbajoaragon.es\/en\/designation-of-origin-oil\/olive-oil-from-bajo-aragon","og_locale":"en_US","og_type":"article","og_title":"Olive oil from \"Bajo Arag\u00f3n\" - Aceite del Bajo Arag\u00f3n","og_description":"Olive oil from &#8220;Bajo Arag\u00f3n&#8221; &#8220;Bajo Arag\u00f3n&#8221; Olive Oil is [&hellip;]","og_url":"https:\/\/aceitedelbajoaragon.es\/en\/designation-of-origin-oil\/olive-oil-from-bajo-aragon","og_site_name":"Aceite del Bajo Arag\u00f3n","article_publisher":"https:\/\/www.facebook.com\/aceitedelbajoaragon.d.o.p\/timeline\/","article_modified_time":"2023-11-23T08:37:57+00:00","twitter_card":"summary_large_image","twitter_site":"@DOPAceiteBA","twitter_misc":{"Est. reading time":"2 minutes"},"schema":{"@context":"https:\/\/schema.org","@graph":[{"@type":"WebPage","@id":"https:\/\/aceitedelbajoaragon.es\/en\/designation-of-origin-oil\/olive-oil-from-bajo-aragon","url":"https:\/\/aceitedelbajoaragon.es\/en\/designation-of-origin-oil\/olive-oil-from-bajo-aragon","name":"Olive oil from \"Bajo Arag\u00f3n\" - Aceite del Bajo Arag\u00f3n","isPartOf":{"@id":"https:\/\/aceitedelbajoaragon.es\/en#website"},"datePublished":"2022-11-21T13:19:09+00:00","dateModified":"2023-11-23T08:37:57+00:00","breadcrumb":{"@id":"https:\/\/aceitedelbajoaragon.es\/en\/designation-of-origin-oil\/olive-oil-from-bajo-aragon#breadcrumb"},"inLanguage":"en-US","potentialAction":[{"@type":"ReadAction","target":["https:\/\/aceitedelbajoaragon.es\/en\/designation-of-origin-oil\/olive-oil-from-bajo-aragon"]}]},{"@type":"BreadcrumbList","@id":"https:\/\/aceitedelbajoaragon.es\/en\/designation-of-origin-oil\/olive-oil-from-bajo-aragon#breadcrumb","itemListElement":[{"@type":"ListItem","position":1,"name":"Inicio","item":"https:\/\/aceitedelbajoaragon.es\/en"},{"@type":"ListItem","position":2,"name":"Designation of Origin Oil","item":"https:\/\/aceitedelbajoaragon.es\/en\/designation-of-origin-oil"},{"@type":"ListItem","position":3,"name":"Olive oil from &#8220;Bajo Arag\u00f3n&#8221;"}]},{"@type":"WebSite","@id":"https:\/\/aceitedelbajoaragon.es\/en#website","url":"https:\/\/aceitedelbajoaragon.es\/en","name":"Aceite del Bajo Arag\u00f3n","description":"El Bajo Arag\u00f3n, una de las zonas m\u00e1s propicias del mundo para el cultivo del olivo y donde se produce el mejor aceite de oliva.","publisher":{"@id":"https:\/\/aceitedelbajoaragon.es\/en#organization"},"potentialAction":[{"@type":"SearchAction","target":{"@type":"EntryPoint","urlTemplate":"https:\/\/aceitedelbajoaragon.es\/en?s={search_term_string}"},"query-input":{"@type":"PropertyValueSpecification","valueRequired":true,"valueName":"search_term_string"}}],"inLanguage":"en-US"},{"@type":"Organization","@id":"https:\/\/aceitedelbajoaragon.es\/en#organization","name":"Aceite del Bajo Arag\u00f3n","url":"https:\/\/aceitedelbajoaragon.es\/en","logo":{"@type":"ImageObject","inLanguage":"en-US","@id":"https:\/\/aceitedelbajoaragon.es\/en#\/schema\/logo\/image\/","url":"","contentUrl":"","caption":"Aceite del Bajo Arag\u00f3n"},"image":{"@id":"https:\/\/aceitedelbajoaragon.es\/en#\/schema\/logo\/image\/"},"sameAs":["https:\/\/www.facebook.com\/aceitedelbajoaragon.d.o.p\/timeline\/","https:\/\/x.com\/DOPAceiteBA","https:\/\/www.youtube.com\/user\/aceitedelbajoaragon"]}]}},"_links":{"self":[{"href":"https:\/\/aceitedelbajoaragon.es\/en\/wp-json\/wp\/v2\/pages\/965","targetHints":{"allow":["GET"]}}],"collection":[{"href":"https:\/\/aceitedelbajoaragon.es\/en\/wp-json\/wp\/v2\/pages"}],"about":[{"href":"https:\/\/aceitedelbajoaragon.es\/en\/wp-json\/wp\/v2\/types\/page"}],"author":[{"embeddable":true,"href":"https:\/\/aceitedelbajoaragon.es\/en\/wp-json\/wp\/v2\/users\/1"}],"replies":[{"embeddable":true,"href":"https:\/\/aceitedelbajoaragon.es\/en\/wp-json\/wp\/v2\/comments?post=965"}],"version-history":[{"count":0,"href":"https:\/\/aceitedelbajoaragon.es\/en\/wp-json\/wp\/v2\/pages\/965\/revisions"}],"up":[{"embeddable":true,"href":"https:\/\/aceitedelbajoaragon.es\/en\/wp-json\/wp\/v2\/pages\/964"}],"wp:attachment":[{"href":"https:\/\/aceitedelbajoaragon.es\/en\/wp-json\/wp\/v2\/media?parent=965"}],"curies":[{"name":"wp","href":"https:\/\/api.w.org\/{rel}","templated":true}]}}