{"id":969,"date":"2022-11-21T13:18:51","date_gmt":"2022-11-21T13:18:51","guid":{"rendered":"https:\/\/aceitedelbajoaragon.es\/designation-of-origin-oil\/olive-oil-marketing\/"},"modified":"2023-11-23T08:39:10","modified_gmt":"2023-11-23T08:39:10","slug":"olive-oil-marketing","status":"publish","type":"page","link":"https:\/\/aceitedelbajoaragon.es\/en\/designation-of-origin-oil\/olive-oil-marketing","title":{"rendered":"Olive oil marketing"},"content":{"rendered":"\n<h2 class=\"wp-block-heading has-text-color\" style=\"color:#4f7537\">Olive oil marketing<\/h2>\n\n<p>In the distribution of Aceite del Bajo Arag\u00f3n, local consumption is the main outlet, amounting to approximately 40 per cent of sales, followed by the Zaragoza market, which consumes 20 per cent of the production. The national market is concentrated mainly in Catalonia and the Regions of Madrid and Valencia. Of all the virgin and extra virgin olive oil obtained, approximately 80 % of the production is packaged in recipients of a capacity equal to or lower than five litres.<\/p>\n<div class=\"wp-block-image\">\n<figure class=\"aligncenter size-full\"><img decoding=\"async\" width=\"547\" height=\"358\" src=\"https:\/\/aceitedelbajoaragon.es\/wp-content\/uploads\/2023\/06\/aceitearagon.jpg\" alt=\"\" class=\"wp-image-783\" srcset=\"https:\/\/aceitedelbajoaragon.es\/wp-content\/uploads\/2023\/06\/aceitearagon-200x131.jpg 200w, https:\/\/aceitedelbajoaragon.es\/wp-content\/uploads\/2023\/06\/aceitearagon-300x196.jpg 300w, https:\/\/aceitedelbajoaragon.es\/wp-content\/uploads\/2023\/06\/aceitearagon-400x262.jpg 400w, https:\/\/aceitedelbajoaragon.es\/wp-content\/uploads\/2023\/06\/aceitearagon.jpg 547w\" sizes=\"(max-width: 547px) 100vw, 547px\" \/><\/figure><\/div>\n<p>The marketing of all the olive oil produced takes place through the packaging plants that exist in the area, situated in the olive-oil mills themselves, with sufficient capacity to cater for the maximum production campaigns, where a product that responds to the established quality parameters is always obtained.<\/p>\n\n<p><\/p>\n","protected":false},"excerpt":{"rendered":"<p>Olive oil marketing In the distribution of Aceite del Bajo [&hellip;]<\/p>\n","protected":false},"author":1,"featured_media":0,"parent":964,"menu_order":0,"comment_status":"closed","ping_status":"closed","template":"","meta":{"footnotes":""},"class_list":["post-969","page","type-page","status-publish","hentry"],"yoast_head":"<!-- This site is optimized with the Yoast SEO plugin v27.4 - https:\/\/yoast.com\/product\/yoast-seo-wordpress\/ -->\n<title>Olive oil marketing - Aceite del Bajo Arag\u00f3n<\/title>\n<meta name=\"robots\" content=\"index, follow, max-snippet:-1, max-image-preview:large, max-video-preview:-1\" \/>\n<link rel=\"canonical\" href=\"https:\/\/aceitedelbajoaragon.es\/en\/designation-of-origin-oil\/olive-oil-marketing\" \/>\n<meta property=\"og:locale\" content=\"en_US\" \/>\n<meta property=\"og:type\" content=\"article\" \/>\n<meta property=\"og:title\" content=\"Olive oil marketing - Aceite del Bajo Arag\u00f3n\" \/>\n<meta property=\"og:description\" content=\"Olive oil marketing In the distribution of Aceite del Bajo [&hellip;]\" \/>\n<meta property=\"og:url\" content=\"https:\/\/aceitedelbajoaragon.es\/en\/designation-of-origin-oil\/olive-oil-marketing\" \/>\n<meta property=\"og:site_name\" content=\"Aceite del Bajo Arag\u00f3n\" \/>\n<meta property=\"article:publisher\" content=\"https:\/\/www.facebook.com\/aceitedelbajoaragon.d.o.p\/timeline\/\" \/>\n<meta property=\"article:modified_time\" content=\"2023-11-23T08:39:10+00:00\" \/>\n<meta property=\"og:image\" content=\"https:\/\/aceitedelbajoaragon.es\/wp-content\/uploads\/2023\/06\/aceitearagon.jpg\" \/>\n<meta name=\"twitter:card\" content=\"summary_large_image\" \/>\n<meta name=\"twitter:site\" content=\"@DOPAceiteBA\" \/>\n<meta name=\"twitter:label1\" content=\"Est. reading time\" \/>\n\t<meta name=\"twitter:data1\" content=\"1 minute\" \/>\n<script type=\"application\/ld+json\" class=\"yoast-schema-graph\">{\"@context\":\"https:\\\/\\\/schema.org\",\"@graph\":[{\"@type\":\"WebPage\",\"@id\":\"https:\\\/\\\/aceitedelbajoaragon.es\\\/en\\\/designation-of-origin-oil\\\/olive-oil-marketing\",\"url\":\"https:\\\/\\\/aceitedelbajoaragon.es\\\/en\\\/designation-of-origin-oil\\\/olive-oil-marketing\",\"name\":\"Olive oil marketing - Aceite del Bajo Arag\u00f3n\",\"isPartOf\":{\"@id\":\"https:\\\/\\\/aceitedelbajoaragon.es\\\/en#website\"},\"primaryImageOfPage\":{\"@id\":\"https:\\\/\\\/aceitedelbajoaragon.es\\\/en\\\/designation-of-origin-oil\\\/olive-oil-marketing#primaryimage\"},\"image\":{\"@id\":\"https:\\\/\\\/aceitedelbajoaragon.es\\\/en\\\/designation-of-origin-oil\\\/olive-oil-marketing#primaryimage\"},\"thumbnailUrl\":\"https:\\\/\\\/aceitedelbajoaragon.es\\\/wp-content\\\/uploads\\\/2023\\\/06\\\/aceitearagon.jpg\",\"datePublished\":\"2022-11-21T13:18:51+00:00\",\"dateModified\":\"2023-11-23T08:39:10+00:00\",\"breadcrumb\":{\"@id\":\"https:\\\/\\\/aceitedelbajoaragon.es\\\/en\\\/designation-of-origin-oil\\\/olive-oil-marketing#breadcrumb\"},\"inLanguage\":\"en-US\",\"potentialAction\":[{\"@type\":\"ReadAction\",\"target\":[\"https:\\\/\\\/aceitedelbajoaragon.es\\\/en\\\/designation-of-origin-oil\\\/olive-oil-marketing\"]}]},{\"@type\":\"ImageObject\",\"inLanguage\":\"en-US\",\"@id\":\"https:\\\/\\\/aceitedelbajoaragon.es\\\/en\\\/designation-of-origin-oil\\\/olive-oil-marketing#primaryimage\",\"url\":\"https:\\\/\\\/aceitedelbajoaragon.es\\\/wp-content\\\/uploads\\\/2023\\\/06\\\/aceitearagon.jpg\",\"contentUrl\":\"https:\\\/\\\/aceitedelbajoaragon.es\\\/wp-content\\\/uploads\\\/2023\\\/06\\\/aceitearagon.jpg\"},{\"@type\":\"BreadcrumbList\",\"@id\":\"https:\\\/\\\/aceitedelbajoaragon.es\\\/en\\\/designation-of-origin-oil\\\/olive-oil-marketing#breadcrumb\",\"itemListElement\":[{\"@type\":\"ListItem\",\"position\":1,\"name\":\"Inicio\",\"item\":\"https:\\\/\\\/aceitedelbajoaragon.es\\\/en\"},{\"@type\":\"ListItem\",\"position\":2,\"name\":\"Designation of Origin Oil\",\"item\":\"https:\\\/\\\/aceitedelbajoaragon.es\\\/en\\\/designation-of-origin-oil\"},{\"@type\":\"ListItem\",\"position\":3,\"name\":\"Olive oil marketing\"}]},{\"@type\":\"WebSite\",\"@id\":\"https:\\\/\\\/aceitedelbajoaragon.es\\\/en#website\",\"url\":\"https:\\\/\\\/aceitedelbajoaragon.es\\\/en\",\"name\":\"Aceite del Bajo Arag\u00f3n\",\"description\":\"El Bajo Arag\u00f3n, una de las zonas m\u00e1s propicias del mundo para el cultivo del olivo y donde se produce el mejor aceite de oliva.\",\"publisher\":{\"@id\":\"https:\\\/\\\/aceitedelbajoaragon.es\\\/en#organization\"},\"potentialAction\":[{\"@type\":\"SearchAction\",\"target\":{\"@type\":\"EntryPoint\",\"urlTemplate\":\"https:\\\/\\\/aceitedelbajoaragon.es\\\/en?s={search_term_string}\"},\"query-input\":{\"@type\":\"PropertyValueSpecification\",\"valueRequired\":true,\"valueName\":\"search_term_string\"}}],\"inLanguage\":\"en-US\"},{\"@type\":\"Organization\",\"@id\":\"https:\\\/\\\/aceitedelbajoaragon.es\\\/en#organization\",\"name\":\"Aceite del Bajo Arag\u00f3n\",\"url\":\"https:\\\/\\\/aceitedelbajoaragon.es\\\/en\",\"logo\":{\"@type\":\"ImageObject\",\"inLanguage\":\"en-US\",\"@id\":\"https:\\\/\\\/aceitedelbajoaragon.es\\\/en#\\\/schema\\\/logo\\\/image\\\/\",\"url\":\"\",\"contentUrl\":\"\",\"caption\":\"Aceite del Bajo Arag\u00f3n\"},\"image\":{\"@id\":\"https:\\\/\\\/aceitedelbajoaragon.es\\\/en#\\\/schema\\\/logo\\\/image\\\/\"},\"sameAs\":[\"https:\\\/\\\/www.facebook.com\\\/aceitedelbajoaragon.d.o.p\\\/timeline\\\/\",\"https:\\\/\\\/x.com\\\/DOPAceiteBA\",\"https:\\\/\\\/www.youtube.com\\\/user\\\/aceitedelbajoaragon\"]}]}<\/script>\n<!-- \/ Yoast SEO plugin. -->","yoast_head_json":{"title":"Olive oil marketing - Aceite del Bajo Arag\u00f3n","robots":{"index":"index","follow":"follow","max-snippet":"max-snippet:-1","max-image-preview":"max-image-preview:large","max-video-preview":"max-video-preview:-1"},"canonical":"https:\/\/aceitedelbajoaragon.es\/en\/designation-of-origin-oil\/olive-oil-marketing","og_locale":"en_US","og_type":"article","og_title":"Olive oil marketing - Aceite del Bajo Arag\u00f3n","og_description":"Olive oil marketing In the distribution of Aceite del Bajo [&hellip;]","og_url":"https:\/\/aceitedelbajoaragon.es\/en\/designation-of-origin-oil\/olive-oil-marketing","og_site_name":"Aceite del Bajo Arag\u00f3n","article_publisher":"https:\/\/www.facebook.com\/aceitedelbajoaragon.d.o.p\/timeline\/","article_modified_time":"2023-11-23T08:39:10+00:00","og_image":[{"url":"https:\/\/aceitedelbajoaragon.es\/wp-content\/uploads\/2023\/06\/aceitearagon.jpg","type":"","width":"","height":""}],"twitter_card":"summary_large_image","twitter_site":"@DOPAceiteBA","twitter_misc":{"Est. reading time":"1 minute"},"schema":{"@context":"https:\/\/schema.org","@graph":[{"@type":"WebPage","@id":"https:\/\/aceitedelbajoaragon.es\/en\/designation-of-origin-oil\/olive-oil-marketing","url":"https:\/\/aceitedelbajoaragon.es\/en\/designation-of-origin-oil\/olive-oil-marketing","name":"Olive oil marketing - Aceite del Bajo Arag\u00f3n","isPartOf":{"@id":"https:\/\/aceitedelbajoaragon.es\/en#website"},"primaryImageOfPage":{"@id":"https:\/\/aceitedelbajoaragon.es\/en\/designation-of-origin-oil\/olive-oil-marketing#primaryimage"},"image":{"@id":"https:\/\/aceitedelbajoaragon.es\/en\/designation-of-origin-oil\/olive-oil-marketing#primaryimage"},"thumbnailUrl":"https:\/\/aceitedelbajoaragon.es\/wp-content\/uploads\/2023\/06\/aceitearagon.jpg","datePublished":"2022-11-21T13:18:51+00:00","dateModified":"2023-11-23T08:39:10+00:00","breadcrumb":{"@id":"https:\/\/aceitedelbajoaragon.es\/en\/designation-of-origin-oil\/olive-oil-marketing#breadcrumb"},"inLanguage":"en-US","potentialAction":[{"@type":"ReadAction","target":["https:\/\/aceitedelbajoaragon.es\/en\/designation-of-origin-oil\/olive-oil-marketing"]}]},{"@type":"ImageObject","inLanguage":"en-US","@id":"https:\/\/aceitedelbajoaragon.es\/en\/designation-of-origin-oil\/olive-oil-marketing#primaryimage","url":"https:\/\/aceitedelbajoaragon.es\/wp-content\/uploads\/2023\/06\/aceitearagon.jpg","contentUrl":"https:\/\/aceitedelbajoaragon.es\/wp-content\/uploads\/2023\/06\/aceitearagon.jpg"},{"@type":"BreadcrumbList","@id":"https:\/\/aceitedelbajoaragon.es\/en\/designation-of-origin-oil\/olive-oil-marketing#breadcrumb","itemListElement":[{"@type":"ListItem","position":1,"name":"Inicio","item":"https:\/\/aceitedelbajoaragon.es\/en"},{"@type":"ListItem","position":2,"name":"Designation of Origin Oil","item":"https:\/\/aceitedelbajoaragon.es\/en\/designation-of-origin-oil"},{"@type":"ListItem","position":3,"name":"Olive oil marketing"}]},{"@type":"WebSite","@id":"https:\/\/aceitedelbajoaragon.es\/en#website","url":"https:\/\/aceitedelbajoaragon.es\/en","name":"Aceite del Bajo Arag\u00f3n","description":"El Bajo Arag\u00f3n, una de las zonas m\u00e1s propicias del mundo para el cultivo del olivo y donde se produce el mejor aceite de oliva.","publisher":{"@id":"https:\/\/aceitedelbajoaragon.es\/en#organization"},"potentialAction":[{"@type":"SearchAction","target":{"@type":"EntryPoint","urlTemplate":"https:\/\/aceitedelbajoaragon.es\/en?s={search_term_string}"},"query-input":{"@type":"PropertyValueSpecification","valueRequired":true,"valueName":"search_term_string"}}],"inLanguage":"en-US"},{"@type":"Organization","@id":"https:\/\/aceitedelbajoaragon.es\/en#organization","name":"Aceite del Bajo Arag\u00f3n","url":"https:\/\/aceitedelbajoaragon.es\/en","logo":{"@type":"ImageObject","inLanguage":"en-US","@id":"https:\/\/aceitedelbajoaragon.es\/en#\/schema\/logo\/image\/","url":"","contentUrl":"","caption":"Aceite del Bajo Arag\u00f3n"},"image":{"@id":"https:\/\/aceitedelbajoaragon.es\/en#\/schema\/logo\/image\/"},"sameAs":["https:\/\/www.facebook.com\/aceitedelbajoaragon.d.o.p\/timeline\/","https:\/\/x.com\/DOPAceiteBA","https:\/\/www.youtube.com\/user\/aceitedelbajoaragon"]}]}},"_links":{"self":[{"href":"https:\/\/aceitedelbajoaragon.es\/en\/wp-json\/wp\/v2\/pages\/969","targetHints":{"allow":["GET"]}}],"collection":[{"href":"https:\/\/aceitedelbajoaragon.es\/en\/wp-json\/wp\/v2\/pages"}],"about":[{"href":"https:\/\/aceitedelbajoaragon.es\/en\/wp-json\/wp\/v2\/types\/page"}],"author":[{"embeddable":true,"href":"https:\/\/aceitedelbajoaragon.es\/en\/wp-json\/wp\/v2\/users\/1"}],"replies":[{"embeddable":true,"href":"https:\/\/aceitedelbajoaragon.es\/en\/wp-json\/wp\/v2\/comments?post=969"}],"version-history":[{"count":0,"href":"https:\/\/aceitedelbajoaragon.es\/en\/wp-json\/wp\/v2\/pages\/969\/revisions"}],"up":[{"embeddable":true,"href":"https:\/\/aceitedelbajoaragon.es\/en\/wp-json\/wp\/v2\/pages\/964"}],"wp:attachment":[{"href":"https:\/\/aceitedelbajoaragon.es\/en\/wp-json\/wp\/v2\/media?parent=969"}],"curies":[{"name":"wp","href":"https:\/\/api.w.org\/{rel}","templated":true}]}}