{"id":971,"date":"2022-11-21T13:19:27","date_gmt":"2022-11-21T13:19:27","guid":{"rendered":"https:\/\/aceitedelbajoaragon.es\/designation-of-origin-oil\/designation-of-origin-aceite-del-bajo-aragon\/"},"modified":"2023-11-23T08:49:50","modified_gmt":"2023-11-23T08:49:50","slug":"designation-of-origin-aceite-del-bajo-aragon","status":"publish","type":"page","link":"https:\/\/aceitedelbajoaragon.es\/en\/designation-of-origin-oil\/designation-of-origin-aceite-del-bajo-aragon","title":{"rendered":"Designation of Origin &#8220;Aceite del Bajo Arag\u00f3n&#8221;"},"content":{"rendered":"\n<h2 class=\"has-text-color wp-block-heading\" style=\"color:#4c7046\">Designation of Origin &#8220;Aceite del Bajo Arag\u00f3n&#8221;<\/h2>\n\n<h3 class=\"has-text-color wp-block-heading\" style=\"color:#767676\">Virgin Olive Oil from &#8220;Bajo Arag\u00f3n&#8221;<\/h3>\n\n<p>The Aceite del Bajo Arag\u00f3n Designation of Origin is located in the north-east of Teruel and the south-east of the province of Zaragoza, a geographical area that happens to be one of the most important olive oil producing areas in the north of Spain. It occupies a cultivated area of 37,000 hectares, with an average density of 70 olive trees\/ha, and is made up of 77 municipalities.<\/p>\n<div class=\"wp-block-image\">\n<figure class=\"aligncenter size-full is-resized\"><a href=\"https:\/\/aceitedelbajoaragon.es\/en\/designation-of-origin-oil\/designation-of-origin-aceite-del-bajo-aragon\/mapa_denominacion-2\/\"><img decoding=\"async\" src=\"\/wp-content\/uploads\/2022\/11\/mapa_denominacion.jpg\" alt=\"\" class=\"wp-image-317\" width=\"985\" height=\"469\" srcset=\"https:\/\/aceitedelbajoaragon.es\/wp-content\/uploads\/2022\/11\/mapa_denominacion-200x96.jpg 200w, https:\/\/aceitedelbajoaragon.es\/wp-content\/uploads\/2022\/11\/mapa_denominacion-300x143.jpg 300w, https:\/\/aceitedelbajoaragon.es\/wp-content\/uploads\/2022\/11\/mapa_denominacion-400x191.jpg 400w, https:\/\/aceitedelbajoaragon.es\/wp-content\/uploads\/2022\/11\/mapa_denominacion-600x287.jpg 600w, https:\/\/aceitedelbajoaragon.es\/wp-content\/uploads\/2022\/11\/mapa_denominacion-768x367.jpg 768w, https:\/\/aceitedelbajoaragon.es\/wp-content\/uploads\/2022\/11\/mapa_denominacion.jpg 800w\" sizes=\"(max-width: 985px) 100vw, 985px\" \/><\/a><\/figure><\/div>\n<p>The list of municipalities included in the Aceite del Bajo Arag\u00f3n D.O. is as follows: Aguaviva, Alac\u00f3n, Albalate, Alborge, Alca\u00f1\u00edz, Alcorisa, Alloza, Almochuel, Almonacid de la Cuba, Andorra, Arens de Lled\u00f3, Ari\u00f1o, Azaila, Beceite, Belchite, Belmonte de San Jos\u00e9, Berge, Bord\u00f3n, Calaceite, Calanda, Ca\u00f1izar del Olivar, Caspe, Castellote, Castelnou, Castelser\u00e1s, Chiprana, Cinco Olivas, Cretas, Crivill\u00e9n, Escatr\u00f3n, Estercuel, Fabara, Fay\u00f3n, F\u00f3rnoles, Foz- Calanda, Fuentes de Ebro, Fuentespalda, Gargallo, Hijar, Jatiel, La Cerollera, La Codo\u00f1era, La Fresneda, La Gata, La Ginebrosa, La Mata de los Olmos, La Portellada, La Puebla de Hijar, La Zaida, Las Parras de Castellote, Letux, Lled\u00f3, Los Olmos, Maella, Mas de las Matas, Mazale\u00f3n, Mequinenza, Molinos, Monroyo, Nonaspe, Oliete, Pe\u00f1arroya de Tastavins, Quinto de Ebro, R\u00e1fales, Samper de Calanda, S\u00e1stago Seno, Torre de Arcas, Torre del Compte, Torrecilla de Alca\u00f1\u00edz, Torrevelilla, Urrea de Ga\u00e9n, Valdealgorfa, Valderrobres, Valdetormo, Valjunquera y Vinaceite.<\/p>\n<div class=\"wp-block-image\">\n<figure class=\"aligncenter size-full is-resized\"><img decoding=\"async\" src=\"\/wp-content\/uploads\/2022\/11\/denominacion.jpg\" alt=\"\" class=\"wp-image-320\" width=\"1032\" height=\"516\" srcset=\"https:\/\/aceitedelbajoaragon.es\/wp-content\/uploads\/2022\/11\/denominacion-200x100.jpg 200w, https:\/\/aceitedelbajoaragon.es\/wp-content\/uploads\/2022\/11\/denominacion-300x150.jpg 300w, https:\/\/aceitedelbajoaragon.es\/wp-content\/uploads\/2022\/11\/denominacion-400x200.jpg 400w, https:\/\/aceitedelbajoaragon.es\/wp-content\/uploads\/2022\/11\/denominacion-600x300.jpg 600w, https:\/\/aceitedelbajoaragon.es\/wp-content\/uploads\/2022\/11\/denominacion-768x384.jpg 768w, https:\/\/aceitedelbajoaragon.es\/wp-content\/uploads\/2022\/11\/denominacion-800x400.jpg 800w, https:\/\/aceitedelbajoaragon.es\/wp-content\/uploads\/2022\/11\/denominacion.jpg 866w\" sizes=\"(max-width: 1032px) 100vw, 1032px\" \/><\/figure><\/div>\n<h3 class=\"has-text-color wp-block-heading\" style=\"color:#767676\">Data from the Designation of Origin Aceite del Bajo Arag\u00f3n<\/h3>\n\n<ul class=\"wp-block-list\">\n<li>The CRDO Aceite del Bajo Arag\u00f3n was constituted in October 2001<\/li>\n\n\n\n<li>Oil production: 32,000,000 kg. olive (2015\/2016 campaign)<\/li>\n\n\n\n<li>Marketing: 2,200,000 litres of certified oil (01\/01\/2016 &#8211; 31\/12\/2016)<\/li>\n\n\n\n<li>Exports: Approximately 10% of the total marketed (2015\/2016 season)<\/li>\n\n\n\n<li>Number of registered companies: 36 (4 packers and 32 mills)<\/li>\n\n\n\n<li>The olive varieties used to make the oil under this designation are Empeltre, Arbequina and Royal of the Olea Europea L. species.<\/li>\n\n\n\n<li>The Designation of Origin includes the &#8220;Bajo Arag\u00f3n&#8221; region of Teruel, Zaragoza and the Belchite countryside.<\/li>\n<\/ul>\n","protected":false},"excerpt":{"rendered":"<p>Designation of Origin &#8220;Aceite del Bajo Arag\u00f3n&#8221; Virgin Olive Oil [&hellip;]<\/p>\n","protected":false},"author":1,"featured_media":0,"parent":964,"menu_order":0,"comment_status":"closed","ping_status":"closed","template":"","meta":{"footnotes":""},"class_list":["post-971","page","type-page","status-publish","hentry"],"yoast_head":"<!-- This site is optimized with the Yoast SEO plugin v27.4 - https:\/\/yoast.com\/product\/yoast-seo-wordpress\/ -->\n<title>Designation of Origin &quot;Aceite del Bajo Arag\u00f3n&quot; - Aceite del Bajo Arag\u00f3n<\/title>\n<meta name=\"robots\" content=\"index, follow, max-snippet:-1, max-image-preview:large, max-video-preview:-1\" \/>\n<link rel=\"canonical\" href=\"https:\/\/aceitedelbajoaragon.es\/en\/designation-of-origin-oil\/designation-of-origin-aceite-del-bajo-aragon\" \/>\n<meta property=\"og:locale\" content=\"en_US\" \/>\n<meta property=\"og:type\" content=\"article\" \/>\n<meta property=\"og:title\" content=\"Designation of Origin &quot;Aceite del Bajo Arag\u00f3n&quot; - Aceite del Bajo Arag\u00f3n\" \/>\n<meta property=\"og:description\" content=\"Designation of Origin &#8220;Aceite del Bajo Arag\u00f3n&#8221; Virgin Olive Oil [&hellip;]\" \/>\n<meta property=\"og:url\" content=\"https:\/\/aceitedelbajoaragon.es\/en\/designation-of-origin-oil\/designation-of-origin-aceite-del-bajo-aragon\" \/>\n<meta property=\"og:site_name\" content=\"Aceite del Bajo Arag\u00f3n\" \/>\n<meta property=\"article:publisher\" content=\"https:\/\/www.facebook.com\/aceitedelbajoaragon.d.o.p\/timeline\/\" \/>\n<meta property=\"article:modified_time\" content=\"2023-11-23T08:49:50+00:00\" \/>\n<meta name=\"twitter:card\" content=\"summary_large_image\" \/>\n<meta name=\"twitter:site\" content=\"@DOPAceiteBA\" \/>\n<meta name=\"twitter:label1\" content=\"Est. reading time\" \/>\n\t<meta name=\"twitter:data1\" content=\"2 minutes\" \/>\n<script type=\"application\/ld+json\" class=\"yoast-schema-graph\">{\"@context\":\"https:\\\/\\\/schema.org\",\"@graph\":[{\"@type\":\"WebPage\",\"@id\":\"https:\\\/\\\/aceitedelbajoaragon.es\\\/en\\\/designation-of-origin-oil\\\/designation-of-origin-aceite-del-bajo-aragon\",\"url\":\"https:\\\/\\\/aceitedelbajoaragon.es\\\/en\\\/designation-of-origin-oil\\\/designation-of-origin-aceite-del-bajo-aragon\",\"name\":\"Designation of Origin \\\"Aceite del Bajo Arag\u00f3n\\\" - Aceite del Bajo Arag\u00f3n\",\"isPartOf\":{\"@id\":\"https:\\\/\\\/aceitedelbajoaragon.es\\\/en#website\"},\"datePublished\":\"2022-11-21T13:19:27+00:00\",\"dateModified\":\"2023-11-23T08:49:50+00:00\",\"breadcrumb\":{\"@id\":\"https:\\\/\\\/aceitedelbajoaragon.es\\\/en\\\/designation-of-origin-oil\\\/designation-of-origin-aceite-del-bajo-aragon#breadcrumb\"},\"inLanguage\":\"en-US\",\"potentialAction\":[{\"@type\":\"ReadAction\",\"target\":[\"https:\\\/\\\/aceitedelbajoaragon.es\\\/en\\\/designation-of-origin-oil\\\/designation-of-origin-aceite-del-bajo-aragon\"]}]},{\"@type\":\"BreadcrumbList\",\"@id\":\"https:\\\/\\\/aceitedelbajoaragon.es\\\/en\\\/designation-of-origin-oil\\\/designation-of-origin-aceite-del-bajo-aragon#breadcrumb\",\"itemListElement\":[{\"@type\":\"ListItem\",\"position\":1,\"name\":\"Inicio\",\"item\":\"https:\\\/\\\/aceitedelbajoaragon.es\\\/en\"},{\"@type\":\"ListItem\",\"position\":2,\"name\":\"Designation of Origin Oil\",\"item\":\"https:\\\/\\\/aceitedelbajoaragon.es\\\/en\\\/designation-of-origin-oil\"},{\"@type\":\"ListItem\",\"position\":3,\"name\":\"Designation of Origin &#8220;Aceite del Bajo Arag\u00f3n&#8221;\"}]},{\"@type\":\"WebSite\",\"@id\":\"https:\\\/\\\/aceitedelbajoaragon.es\\\/en#website\",\"url\":\"https:\\\/\\\/aceitedelbajoaragon.es\\\/en\",\"name\":\"Aceite del Bajo Arag\u00f3n\",\"description\":\"El Bajo Arag\u00f3n, una de las zonas m\u00e1s propicias del mundo para el cultivo del olivo y donde se produce el mejor aceite de oliva.\",\"publisher\":{\"@id\":\"https:\\\/\\\/aceitedelbajoaragon.es\\\/en#organization\"},\"potentialAction\":[{\"@type\":\"SearchAction\",\"target\":{\"@type\":\"EntryPoint\",\"urlTemplate\":\"https:\\\/\\\/aceitedelbajoaragon.es\\\/en?s={search_term_string}\"},\"query-input\":{\"@type\":\"PropertyValueSpecification\",\"valueRequired\":true,\"valueName\":\"search_term_string\"}}],\"inLanguage\":\"en-US\"},{\"@type\":\"Organization\",\"@id\":\"https:\\\/\\\/aceitedelbajoaragon.es\\\/en#organization\",\"name\":\"Aceite del Bajo Arag\u00f3n\",\"url\":\"https:\\\/\\\/aceitedelbajoaragon.es\\\/en\",\"logo\":{\"@type\":\"ImageObject\",\"inLanguage\":\"en-US\",\"@id\":\"https:\\\/\\\/aceitedelbajoaragon.es\\\/en#\\\/schema\\\/logo\\\/image\\\/\",\"url\":\"\",\"contentUrl\":\"\",\"caption\":\"Aceite del Bajo Arag\u00f3n\"},\"image\":{\"@id\":\"https:\\\/\\\/aceitedelbajoaragon.es\\\/en#\\\/schema\\\/logo\\\/image\\\/\"},\"sameAs\":[\"https:\\\/\\\/www.facebook.com\\\/aceitedelbajoaragon.d.o.p\\\/timeline\\\/\",\"https:\\\/\\\/x.com\\\/DOPAceiteBA\",\"https:\\\/\\\/www.youtube.com\\\/user\\\/aceitedelbajoaragon\"]}]}<\/script>\n<!-- \/ Yoast SEO plugin. -->","yoast_head_json":{"title":"Designation of Origin \"Aceite del Bajo Arag\u00f3n\" - Aceite del Bajo Arag\u00f3n","robots":{"index":"index","follow":"follow","max-snippet":"max-snippet:-1","max-image-preview":"max-image-preview:large","max-video-preview":"max-video-preview:-1"},"canonical":"https:\/\/aceitedelbajoaragon.es\/en\/designation-of-origin-oil\/designation-of-origin-aceite-del-bajo-aragon","og_locale":"en_US","og_type":"article","og_title":"Designation of Origin \"Aceite del Bajo Arag\u00f3n\" - Aceite del Bajo Arag\u00f3n","og_description":"Designation of Origin &#8220;Aceite del Bajo Arag\u00f3n&#8221; Virgin Olive Oil [&hellip;]","og_url":"https:\/\/aceitedelbajoaragon.es\/en\/designation-of-origin-oil\/designation-of-origin-aceite-del-bajo-aragon","og_site_name":"Aceite del Bajo Arag\u00f3n","article_publisher":"https:\/\/www.facebook.com\/aceitedelbajoaragon.d.o.p\/timeline\/","article_modified_time":"2023-11-23T08:49:50+00:00","twitter_card":"summary_large_image","twitter_site":"@DOPAceiteBA","twitter_misc":{"Est. reading time":"2 minutes"},"schema":{"@context":"https:\/\/schema.org","@graph":[{"@type":"WebPage","@id":"https:\/\/aceitedelbajoaragon.es\/en\/designation-of-origin-oil\/designation-of-origin-aceite-del-bajo-aragon","url":"https:\/\/aceitedelbajoaragon.es\/en\/designation-of-origin-oil\/designation-of-origin-aceite-del-bajo-aragon","name":"Designation of Origin \"Aceite del Bajo Arag\u00f3n\" - Aceite del Bajo Arag\u00f3n","isPartOf":{"@id":"https:\/\/aceitedelbajoaragon.es\/en#website"},"datePublished":"2022-11-21T13:19:27+00:00","dateModified":"2023-11-23T08:49:50+00:00","breadcrumb":{"@id":"https:\/\/aceitedelbajoaragon.es\/en\/designation-of-origin-oil\/designation-of-origin-aceite-del-bajo-aragon#breadcrumb"},"inLanguage":"en-US","potentialAction":[{"@type":"ReadAction","target":["https:\/\/aceitedelbajoaragon.es\/en\/designation-of-origin-oil\/designation-of-origin-aceite-del-bajo-aragon"]}]},{"@type":"BreadcrumbList","@id":"https:\/\/aceitedelbajoaragon.es\/en\/designation-of-origin-oil\/designation-of-origin-aceite-del-bajo-aragon#breadcrumb","itemListElement":[{"@type":"ListItem","position":1,"name":"Inicio","item":"https:\/\/aceitedelbajoaragon.es\/en"},{"@type":"ListItem","position":2,"name":"Designation of Origin Oil","item":"https:\/\/aceitedelbajoaragon.es\/en\/designation-of-origin-oil"},{"@type":"ListItem","position":3,"name":"Designation of Origin &#8220;Aceite del Bajo Arag\u00f3n&#8221;"}]},{"@type":"WebSite","@id":"https:\/\/aceitedelbajoaragon.es\/en#website","url":"https:\/\/aceitedelbajoaragon.es\/en","name":"Aceite del Bajo Arag\u00f3n","description":"El Bajo Arag\u00f3n, una de las zonas m\u00e1s propicias del mundo para el cultivo del olivo y donde se produce el mejor aceite de oliva.","publisher":{"@id":"https:\/\/aceitedelbajoaragon.es\/en#organization"},"potentialAction":[{"@type":"SearchAction","target":{"@type":"EntryPoint","urlTemplate":"https:\/\/aceitedelbajoaragon.es\/en?s={search_term_string}"},"query-input":{"@type":"PropertyValueSpecification","valueRequired":true,"valueName":"search_term_string"}}],"inLanguage":"en-US"},{"@type":"Organization","@id":"https:\/\/aceitedelbajoaragon.es\/en#organization","name":"Aceite del Bajo Arag\u00f3n","url":"https:\/\/aceitedelbajoaragon.es\/en","logo":{"@type":"ImageObject","inLanguage":"en-US","@id":"https:\/\/aceitedelbajoaragon.es\/en#\/schema\/logo\/image\/","url":"","contentUrl":"","caption":"Aceite del Bajo Arag\u00f3n"},"image":{"@id":"https:\/\/aceitedelbajoaragon.es\/en#\/schema\/logo\/image\/"},"sameAs":["https:\/\/www.facebook.com\/aceitedelbajoaragon.d.o.p\/timeline\/","https:\/\/x.com\/DOPAceiteBA","https:\/\/www.youtube.com\/user\/aceitedelbajoaragon"]}]}},"_links":{"self":[{"href":"https:\/\/aceitedelbajoaragon.es\/en\/wp-json\/wp\/v2\/pages\/971","targetHints":{"allow":["GET"]}}],"collection":[{"href":"https:\/\/aceitedelbajoaragon.es\/en\/wp-json\/wp\/v2\/pages"}],"about":[{"href":"https:\/\/aceitedelbajoaragon.es\/en\/wp-json\/wp\/v2\/types\/page"}],"author":[{"embeddable":true,"href":"https:\/\/aceitedelbajoaragon.es\/en\/wp-json\/wp\/v2\/users\/1"}],"replies":[{"embeddable":true,"href":"https:\/\/aceitedelbajoaragon.es\/en\/wp-json\/wp\/v2\/comments?post=971"}],"version-history":[{"count":0,"href":"https:\/\/aceitedelbajoaragon.es\/en\/wp-json\/wp\/v2\/pages\/971\/revisions"}],"up":[{"embeddable":true,"href":"https:\/\/aceitedelbajoaragon.es\/en\/wp-json\/wp\/v2\/pages\/964"}],"wp:attachment":[{"href":"https:\/\/aceitedelbajoaragon.es\/en\/wp-json\/wp\/v2\/media?parent=971"}],"curies":[{"name":"wp","href":"https:\/\/api.w.org\/{rel}","templated":true}]}}