{"id":980,"date":"2023-06-19T12:37:01","date_gmt":"2023-06-19T12:37:01","guid":{"rendered":"https:\/\/aceitedelbajoaragon.es\/transparency-act\/"},"modified":"2023-11-23T10:15:19","modified_gmt":"2023-11-23T10:15:19","slug":"transparency-act","status":"publish","type":"page","link":"https:\/\/aceitedelbajoaragon.es\/en\/transparency-act","title":{"rendered":"Transparency act"},"content":{"rendered":"\n<h2 class=\"wp-block-heading\">Transparency act<\/h2>\n\n<p>This is the transparency page of the &#8220;Aceite del Bajo Arag\u00f3n&#8221; PDO. Here you will find all the information on the organisation&#8217;s activities in accordance with current legislation. <\/p>\n\n<div data-wp-interactive=\"core\/file\" class=\"wp-block-file\"><object data-wp-bind--hidden=\"!state.hasPdfPreview\" hidden class=\"wp-block-file__embed\" data=\"https:\/\/aceitedelbajoaragon.es\/wp-content\/uploads\/2023\/06\/LEY-TRANSPARENCIA-DOP-ACEITE-DEL-BAJO-ARAGON-1.pdf\" type=\"application\/pdf\" style=\"width:100%;height:600px\" aria-label=\"Embed of LEY TRANSPARENCIA (DOP ACEITE DEL BAJO ARAG\u00d3N).\"><\/object><a id=\"wp-block-file--media-c1bebeeb-0ff8-40d2-ba66-41f71cd16520\" href=\"https:\/\/aceitedelbajoaragon.es\/wp-content\/uploads\/2023\/06\/LEY-TRANSPARENCIA-DOP-ACEITE-DEL-BAJO-ARAGON-1.pdf\">TRANSPARENCY LAW (PDO &#8220;ACEITE DEL BAJO ARAG\u00d3N&#8221;)<\/a><a href=\"https:\/\/aceitedelbajoaragon.es\/wp-content\/uploads\/2023\/06\/LEY-TRANSPARENCIA-DOP-ACEITE-DEL-BAJO-ARAGON-1.pdf\" class=\"fusion-button-default fusion-button-default-size wp-block-file__button wp-element-button\" download=\"\" aria-describedby=\"wp-block-file--media-c1bebeeb-0ff8-40d2-ba66-41f71cd16520\">Download<\/a><\/div>\n\n<div data-wp-interactive=\"core\/file\" class=\"wp-block-file\"><object data-wp-bind--hidden=\"!state.hasPdfPreview\" hidden class=\"wp-block-file__embed\" data=\"https:\/\/aceitedelbajoaragon.es\/wp-content\/uploads\/2023\/06\/Resolucion_3.2_2021_DOP_ACEITE_BAJO_ARAGON-1.pdf\" type=\"application\/pdf\" style=\"width:100%;height:600px\" aria-label=\"Embed of Resoluci\u00f3n_3.2_2021_DOP_ACEITE_BAJO_ARAGON.\"><\/object><a id=\"wp-block-file--media-ce53bf61-e7e2-4be0-b67b-17ebcee20c3b\" href=\"https:\/\/aceitedelbajoaragon.es\/wp-content\/uploads\/2023\/06\/Resolucion_3.2_2021_DOP_ACEITE_BAJO_ARAGON-1.pdf\">Resolution_3.2_2021_PDO_ACEITE_BAJO_ARAGON<\/a><a href=\"https:\/\/aceitedelbajoaragon.es\/wp-content\/uploads\/2023\/06\/Resolucion_3.2_2021_DOP_ACEITE_BAJO_ARAGON-1.pdf\" class=\"fusion-button-default fusion-button-default-size wp-block-file__button wp-element-button\" download=\"\" aria-describedby=\"wp-block-file--media-ce53bf61-e7e2-4be0-b67b-17ebcee20c3b\">Download<\/a><\/div>\n\n<div data-wp-interactive=\"core\/file\" class=\"wp-block-file\"><object data-wp-bind--hidden=\"!state.hasPdfPreview\" hidden class=\"wp-block-file__embed\" data=\"https:\/\/aceitedelbajoaragon.es\/wp-content\/uploads\/2023\/06\/CRDOP-ACEITE-BA-PYG-2022.pdf\" type=\"application\/pdf\" style=\"width:100%;height:600px\" aria-label=\"Embed of CRDOP ACEITE BA-PYG 2022.\"><\/object><a id=\"wp-block-file--media-56b5f912-882a-4e30-b408-d4005e2802b6\" href=\"https:\/\/aceitedelbajoaragon.es\/wp-content\/uploads\/2023\/06\/CRDOP-ACEITE-BA-PYG-2022.pdf\">CRDOP ACEITE BA-PYG 2022<\/a><a href=\"https:\/\/aceitedelbajoaragon.es\/wp-content\/uploads\/2023\/06\/CRDOP-ACEITE-BA-PYG-2022.pdf\" class=\"fusion-button-default fusion-button-default-size wp-block-file__button wp-element-button\" download=\"\" aria-describedby=\"wp-block-file--media-56b5f912-882a-4e30-b408-d4005e2802b6\">Download<\/a><\/div>\n\n<div data-wp-interactive=\"core\/file\" class=\"wp-block-file\"><object data-wp-bind--hidden=\"!state.hasPdfPreview\" hidden class=\"wp-block-file__embed\" data=\"https:\/\/aceitedelbajoaragon.es\/wp-content\/uploads\/2023\/06\/CRDOP-ACEITE-BA-BALANCE-2022.pdf\" type=\"application\/pdf\" style=\"width:100%;height:600px\" aria-label=\"Embed of CRDOP ACEITE BA-BALANCE 2022.\"><\/object><a id=\"wp-block-file--media-950c5d09-5a4c-43c1-b99e-97e6a8721370\" href=\"https:\/\/aceitedelbajoaragon.es\/wp-content\/uploads\/2023\/06\/CRDOP-ACEITE-BA-BALANCE-2022.pdf\">CRDOP ACEITE BA-BALANCE 2022<\/a><a href=\"https:\/\/aceitedelbajoaragon.es\/wp-content\/uploads\/2023\/06\/CRDOP-ACEITE-BA-BALANCE-2022.pdf\" class=\"fusion-button-default fusion-button-default-size wp-block-file__button wp-element-button\" download=\"\" aria-describedby=\"wp-block-file--media-950c5d09-5a4c-43c1-b99e-97e6a8721370\">Download<\/a><\/div>\n\n<div data-wp-interactive=\"core\/file\" class=\"wp-block-file\"><object data-wp-bind--hidden=\"!state.hasPdfPreview\" hidden class=\"wp-block-file__embed\" data=\"https:\/\/aceitedelbajoaragon.es\/wp-content\/uploads\/2023\/06\/Convenio-Colaboracion-DPT-2022.pdf\" type=\"application\/pdf\" style=\"width:100%;height:600px\" aria-label=\"Embed of Convenio Colaboraci\u00f3n DPT -2022.\"><\/object><a id=\"wp-block-file--media-e14f7cc9-7659-4862-8ec1-d6b49c8fa8ef\" href=\"https:\/\/aceitedelbajoaragon.es\/wp-content\/uploads\/2023\/06\/Convenio-Colaboracion-DPT-2022.pdf\">Collaboration Agreement DPT -2022<\/a><a href=\"https:\/\/aceitedelbajoaragon.es\/wp-content\/uploads\/2023\/06\/Convenio-Colaboracion-DPT-2022.pdf\" class=\"fusion-button-default fusion-button-default-size wp-block-file__button wp-element-button\" download=\"\" aria-describedby=\"wp-block-file--media-e14f7cc9-7659-4862-8ec1-d6b49c8fa8ef\">Download<\/a><\/div>\n\n<div data-wp-interactive=\"core\/file\" class=\"wp-block-file\"><object data-wp-bind--hidden=\"!state.hasPdfPreview\" hidden class=\"wp-block-file__embed\" data=\"https:\/\/aceitedelbajoaragon.es\/wp-content\/uploads\/2023\/06\/Convenio-Caja-Rural-de-Teruel-2022.pdf\" type=\"application\/pdf\" style=\"width:100%;height:600px\" aria-label=\"Embed of Convenio Caja Rural de Teruel - 2022.\"><\/object><a id=\"wp-block-file--media-c757057f-1348-45e2-b932-fb0fc90a431b\" href=\"https:\/\/aceitedelbajoaragon.es\/wp-content\/uploads\/2023\/06\/Convenio-Caja-Rural-de-Teruel-2022.pdf\">Agreement Caja Rural de Teruel &#8211; 2022<\/a><a href=\"https:\/\/aceitedelbajoaragon.es\/wp-content\/uploads\/2023\/06\/Convenio-Caja-Rural-de-Teruel-2022.pdf\" class=\"fusion-button-default fusion-button-default-size wp-block-file__button wp-element-button\" download=\"\" aria-describedby=\"wp-block-file--media-c757057f-1348-45e2-b932-fb0fc90a431b\">Download<\/a><\/div>\n","protected":false},"excerpt":{"rendered":"<p>Transparency act This is the transparency page of the &#8220;Aceite [&hellip;]<\/p>\n","protected":false},"author":1,"featured_media":0,"parent":0,"menu_order":0,"comment_status":"closed","ping_status":"closed","template":"","meta":{"footnotes":""},"class_list":["post-980","page","type-page","status-publish","hentry"],"yoast_head":"<!-- This site is optimized with the Yoast SEO plugin v27.4 - https:\/\/yoast.com\/product\/yoast-seo-wordpress\/ -->\n<title>Transparency act - Aceite del Bajo Arag\u00f3n<\/title>\n<meta name=\"robots\" content=\"index, follow, max-snippet:-1, max-image-preview:large, max-video-preview:-1\" \/>\n<link rel=\"canonical\" href=\"https:\/\/aceitedelbajoaragon.es\/en\/transparency-act\" \/>\n<meta property=\"og:locale\" content=\"en_US\" \/>\n<meta property=\"og:type\" content=\"article\" \/>\n<meta property=\"og:title\" content=\"Transparency act - Aceite del Bajo Arag\u00f3n\" \/>\n<meta property=\"og:description\" content=\"Transparency act This is the transparency page of the &#8220;Aceite [&hellip;]\" \/>\n<meta property=\"og:url\" content=\"https:\/\/aceitedelbajoaragon.es\/en\/transparency-act\" \/>\n<meta property=\"og:site_name\" content=\"Aceite del Bajo Arag\u00f3n\" \/>\n<meta property=\"article:publisher\" content=\"https:\/\/www.facebook.com\/aceitedelbajoaragon.d.o.p\/timeline\/\" \/>\n<meta property=\"article:modified_time\" content=\"2023-11-23T10:15:19+00:00\" \/>\n<meta name=\"twitter:card\" content=\"summary_large_image\" \/>\n<meta name=\"twitter:site\" content=\"@DOPAceiteBA\" \/>\n<script type=\"application\/ld+json\" class=\"yoast-schema-graph\">{\"@context\":\"https:\\\/\\\/schema.org\",\"@graph\":[{\"@type\":\"WebPage\",\"@id\":\"https:\\\/\\\/aceitedelbajoaragon.es\\\/en\\\/transparency-act\",\"url\":\"https:\\\/\\\/aceitedelbajoaragon.es\\\/en\\\/transparency-act\",\"name\":\"Transparency act - Aceite del Bajo Arag\u00f3n\",\"isPartOf\":{\"@id\":\"https:\\\/\\\/aceitedelbajoaragon.es\\\/en#website\"},\"datePublished\":\"2023-06-19T12:37:01+00:00\",\"dateModified\":\"2023-11-23T10:15:19+00:00\",\"breadcrumb\":{\"@id\":\"https:\\\/\\\/aceitedelbajoaragon.es\\\/en\\\/transparency-act#breadcrumb\"},\"inLanguage\":\"en-US\",\"potentialAction\":[{\"@type\":\"ReadAction\",\"target\":[\"https:\\\/\\\/aceitedelbajoaragon.es\\\/en\\\/transparency-act\"]}]},{\"@type\":\"BreadcrumbList\",\"@id\":\"https:\\\/\\\/aceitedelbajoaragon.es\\\/en\\\/transparency-act#breadcrumb\",\"itemListElement\":[{\"@type\":\"ListItem\",\"position\":1,\"name\":\"Inicio\",\"item\":\"https:\\\/\\\/aceitedelbajoaragon.es\\\/en\"},{\"@type\":\"ListItem\",\"position\":2,\"name\":\"Transparency act\"}]},{\"@type\":\"WebSite\",\"@id\":\"https:\\\/\\\/aceitedelbajoaragon.es\\\/en#website\",\"url\":\"https:\\\/\\\/aceitedelbajoaragon.es\\\/en\",\"name\":\"Aceite del Bajo Arag\u00f3n\",\"description\":\"El Bajo Arag\u00f3n, una de las zonas m\u00e1s propicias del mundo para el cultivo del olivo y donde se produce el mejor aceite de oliva.\",\"publisher\":{\"@id\":\"https:\\\/\\\/aceitedelbajoaragon.es\\\/en#organization\"},\"potentialAction\":[{\"@type\":\"SearchAction\",\"target\":{\"@type\":\"EntryPoint\",\"urlTemplate\":\"https:\\\/\\\/aceitedelbajoaragon.es\\\/en?s={search_term_string}\"},\"query-input\":{\"@type\":\"PropertyValueSpecification\",\"valueRequired\":true,\"valueName\":\"search_term_string\"}}],\"inLanguage\":\"en-US\"},{\"@type\":\"Organization\",\"@id\":\"https:\\\/\\\/aceitedelbajoaragon.es\\\/en#organization\",\"name\":\"Aceite del Bajo Arag\u00f3n\",\"url\":\"https:\\\/\\\/aceitedelbajoaragon.es\\\/en\",\"logo\":{\"@type\":\"ImageObject\",\"inLanguage\":\"en-US\",\"@id\":\"https:\\\/\\\/aceitedelbajoaragon.es\\\/en#\\\/schema\\\/logo\\\/image\\\/\",\"url\":\"\",\"contentUrl\":\"\",\"caption\":\"Aceite del Bajo Arag\u00f3n\"},\"image\":{\"@id\":\"https:\\\/\\\/aceitedelbajoaragon.es\\\/en#\\\/schema\\\/logo\\\/image\\\/\"},\"sameAs\":[\"https:\\\/\\\/www.facebook.com\\\/aceitedelbajoaragon.d.o.p\\\/timeline\\\/\",\"https:\\\/\\\/x.com\\\/DOPAceiteBA\",\"https:\\\/\\\/www.youtube.com\\\/user\\\/aceitedelbajoaragon\"]}]}<\/script>\n<!-- \/ Yoast SEO plugin. -->","yoast_head_json":{"title":"Transparency act - Aceite del Bajo Arag\u00f3n","robots":{"index":"index","follow":"follow","max-snippet":"max-snippet:-1","max-image-preview":"max-image-preview:large","max-video-preview":"max-video-preview:-1"},"canonical":"https:\/\/aceitedelbajoaragon.es\/en\/transparency-act","og_locale":"en_US","og_type":"article","og_title":"Transparency act - Aceite del Bajo Arag\u00f3n","og_description":"Transparency act This is the transparency page of the &#8220;Aceite [&hellip;]","og_url":"https:\/\/aceitedelbajoaragon.es\/en\/transparency-act","og_site_name":"Aceite del Bajo Arag\u00f3n","article_publisher":"https:\/\/www.facebook.com\/aceitedelbajoaragon.d.o.p\/timeline\/","article_modified_time":"2023-11-23T10:15:19+00:00","twitter_card":"summary_large_image","twitter_site":"@DOPAceiteBA","schema":{"@context":"https:\/\/schema.org","@graph":[{"@type":"WebPage","@id":"https:\/\/aceitedelbajoaragon.es\/en\/transparency-act","url":"https:\/\/aceitedelbajoaragon.es\/en\/transparency-act","name":"Transparency act - Aceite del Bajo Arag\u00f3n","isPartOf":{"@id":"https:\/\/aceitedelbajoaragon.es\/en#website"},"datePublished":"2023-06-19T12:37:01+00:00","dateModified":"2023-11-23T10:15:19+00:00","breadcrumb":{"@id":"https:\/\/aceitedelbajoaragon.es\/en\/transparency-act#breadcrumb"},"inLanguage":"en-US","potentialAction":[{"@type":"ReadAction","target":["https:\/\/aceitedelbajoaragon.es\/en\/transparency-act"]}]},{"@type":"BreadcrumbList","@id":"https:\/\/aceitedelbajoaragon.es\/en\/transparency-act#breadcrumb","itemListElement":[{"@type":"ListItem","position":1,"name":"Inicio","item":"https:\/\/aceitedelbajoaragon.es\/en"},{"@type":"ListItem","position":2,"name":"Transparency act"}]},{"@type":"WebSite","@id":"https:\/\/aceitedelbajoaragon.es\/en#website","url":"https:\/\/aceitedelbajoaragon.es\/en","name":"Aceite del Bajo Arag\u00f3n","description":"El Bajo Arag\u00f3n, una de las zonas m\u00e1s propicias del mundo para el cultivo del olivo y donde se produce el mejor aceite de oliva.","publisher":{"@id":"https:\/\/aceitedelbajoaragon.es\/en#organization"},"potentialAction":[{"@type":"SearchAction","target":{"@type":"EntryPoint","urlTemplate":"https:\/\/aceitedelbajoaragon.es\/en?s={search_term_string}"},"query-input":{"@type":"PropertyValueSpecification","valueRequired":true,"valueName":"search_term_string"}}],"inLanguage":"en-US"},{"@type":"Organization","@id":"https:\/\/aceitedelbajoaragon.es\/en#organization","name":"Aceite del Bajo Arag\u00f3n","url":"https:\/\/aceitedelbajoaragon.es\/en","logo":{"@type":"ImageObject","inLanguage":"en-US","@id":"https:\/\/aceitedelbajoaragon.es\/en#\/schema\/logo\/image\/","url":"","contentUrl":"","caption":"Aceite del Bajo Arag\u00f3n"},"image":{"@id":"https:\/\/aceitedelbajoaragon.es\/en#\/schema\/logo\/image\/"},"sameAs":["https:\/\/www.facebook.com\/aceitedelbajoaragon.d.o.p\/timeline\/","https:\/\/x.com\/DOPAceiteBA","https:\/\/www.youtube.com\/user\/aceitedelbajoaragon"]}]}},"_links":{"self":[{"href":"https:\/\/aceitedelbajoaragon.es\/en\/wp-json\/wp\/v2\/pages\/980","targetHints":{"allow":["GET"]}}],"collection":[{"href":"https:\/\/aceitedelbajoaragon.es\/en\/wp-json\/wp\/v2\/pages"}],"about":[{"href":"https:\/\/aceitedelbajoaragon.es\/en\/wp-json\/wp\/v2\/types\/page"}],"author":[{"embeddable":true,"href":"https:\/\/aceitedelbajoaragon.es\/en\/wp-json\/wp\/v2\/users\/1"}],"replies":[{"embeddable":true,"href":"https:\/\/aceitedelbajoaragon.es\/en\/wp-json\/wp\/v2\/comments?post=980"}],"version-history":[{"count":0,"href":"https:\/\/aceitedelbajoaragon.es\/en\/wp-json\/wp\/v2\/pages\/980\/revisions"}],"wp:attachment":[{"href":"https:\/\/aceitedelbajoaragon.es\/en\/wp-json\/wp\/v2\/media?parent=980"}],"curies":[{"name":"wp","href":"https:\/\/api.w.org\/{rel}","templated":true}]}}