{"id":982,"date":"2022-11-22T07:55:46","date_gmt":"2022-11-22T07:55:46","guid":{"rendered":"https:\/\/aceitedelbajoaragon.es\/contact-page\/"},"modified":"2023-11-23T10:17:07","modified_gmt":"2023-11-23T10:17:07","slug":"contact-page","status":"publish","type":"page","link":"https:\/\/aceitedelbajoaragon.es\/en\/contact-page","title":{"rendered":"Contact page"},"content":{"rendered":"\n<h2 class=\"has-text-color wp-block-heading\" style=\"color:#4f7537\">Contact<\/h2>\n\n<div class=\"wp-block-columns is-layout-flex wp-container-core-columns-is-layout-9d6595d7 wp-block-columns-is-layout-flex\">\n<div class=\"wp-block-column is-layout-flow wp-block-column-is-layout-flow\" style=\"flex-basis:66.66%\">\n<p>If you wish to contact us, please fill in the following form and we will get in touch with you as soon as possible. Thank you.<\/p>\n\n\n\n<div class=\"wpcf7 no-js\" id=\"wpcf7-f1025-o1\" lang=\"en-US\" dir=\"ltr\" data-wpcf7-id=\"1025\">\n<div class=\"screen-reader-response\"><p role=\"status\" aria-live=\"polite\" aria-atomic=\"true\"><\/p> <ul><\/ul><\/div>\n<form action=\"\/en\/wp-json\/wp\/v2\/pages\/982#wpcf7-f1025-o1\" method=\"post\" class=\"wpcf7-form init\" aria-label=\"Contact form\" novalidate=\"novalidate\" data-status=\"init\">\n<fieldset class=\"hidden-fields-container\"><input type=\"hidden\" name=\"_wpcf7\" value=\"1025\" \/><input type=\"hidden\" name=\"_wpcf7_version\" value=\"6.1.5\" \/><input type=\"hidden\" name=\"_wpcf7_locale\" value=\"en_US\" \/><input type=\"hidden\" name=\"_wpcf7_unit_tag\" value=\"wpcf7-f1025-o1\" \/><input type=\"hidden\" name=\"_wpcf7_container_post\" value=\"0\" \/><input type=\"hidden\" name=\"_wpcf7_posted_data_hash\" value=\"\" \/>\n<\/fieldset>\n<p><span id=\"wpcf7-69e4e76a3ad8f-wrapper\" class=\"wpcf7-form-control-wrap aceites-form-wrap\" ><label for=\"wpcf7-69e4e76a3ad8f-field\" class=\"hp-message\">Please leave this field empty.<\/label><input id=\"wpcf7-69e4e76a3ad8f-field\"  class=\"wpcf7-form-control wpcf7-text\" type=\"text\" name=\"aceites-form\" value=\"\" size=\"40\" tabindex=\"-1\" autocomplete=\"new-password\" \/><\/span><label> Name*<br \/>\n<span class=\"wpcf7-form-control-wrap\" data-name=\"nombre\"><input size=\"40\" maxlength=\"400\" class=\"wpcf7-form-control wpcf7-text wpcf7-validates-as-required nombre\" id=\"nombre\" aria-required=\"true\" aria-invalid=\"false\" value=\"\" type=\"text\" name=\"nombre\" \/><\/span><br \/>\n<\/label>\n<\/p>\n<p><label> Surnames*<br \/>\n<span class=\"wpcf7-form-control-wrap\" data-name=\"apellidos\"><input size=\"40\" maxlength=\"400\" class=\"wpcf7-form-control wpcf7-text wpcf7-validates-as-required apellidos\" id=\"apellidos\" aria-required=\"true\" aria-invalid=\"false\" value=\"\" type=\"text\" name=\"apellidos\" \/><\/span><br \/>\n<\/label>\n<\/p>\n<p><label>Phone*<br \/>\n<span class=\"wpcf7-form-control-wrap\" data-name=\"tel\"><input size=\"40\" maxlength=\"400\" class=\"wpcf7-form-control wpcf7-tel wpcf7-validates-as-required wpcf7-text wpcf7-validates-as-tel tel\" id=\"tel\" aria-required=\"true\" aria-invalid=\"false\" value=\"\" type=\"tel\" name=\"tel\" \/><\/span><br \/>\n<\/label>\n<\/p>\n<p><label>Email<br \/>\n<span class=\"wpcf7-form-control-wrap\" data-name=\"email\"><input size=\"40\" maxlength=\"400\" class=\"wpcf7-form-control wpcf7-email wpcf7-text wpcf7-validates-as-email email\" id=\"email\" aria-invalid=\"false\" value=\"\" type=\"email\" name=\"email\" \/><\/span><br \/>\n<\/label>\n<\/p>\n<p><label>Message<br \/>\n<span class=\"wpcf7-form-control-wrap\" data-name=\"mensaje\"><textarea cols=\"40\" rows=\"10\" maxlength=\"2000\" class=\"wpcf7-form-control wpcf7-textarea mensaje\" id=\"mesaje\" aria-invalid=\"false\" name=\"mensaje\"><\/textarea><\/span><br \/>\n<\/label>\n<\/p>\n<p><span class=\"wpcf7-form-control-wrap\" data-name=\"acceptance-545\"><span class=\"wpcf7-form-control wpcf7-acceptance\"><span class=\"wpcf7-list-item\"><label><input type=\"checkbox\" name=\"acceptance-545\" value=\"1\" class=\"aceptacion\" id=\"aceptacion\" aria-invalid=\"false\" \/><span class=\"wpcf7-list-item-label\">I accept the terms of the legal notice and privacy policy.<\/span><\/label><\/span><\/span><\/span>\n<\/p>\n<p><input class=\"wpcf7-form-control wpcf7-submit has-spinner enviar\" id=\"enviar\" type=\"submit\" value=\"Enviar\" \/>\n<\/p><p style=\"display: none !important;\"><label>&#916;<textarea name=\"_wpcf7_ak_hp_textarea\" cols=\"45\" rows=\"8\" maxlength=\"100\"><\/textarea><\/label><input type=\"hidden\" id=\"ak_js_1\" name=\"_wpcf7_ak_js\" value=\"10\"\/><script>document.getElementById( \"ak_js_1\" ).setAttribute( \"value\", ( new Date() ).getTime() );<\/script><\/p><div class=\"wpcf7-response-output\" aria-hidden=\"true\"><\/div>\n<\/form>\n<\/div>\n\n<\/div>\n\n\n\n<div class=\"wp-block-column is-layout-flow wp-block-column-is-layout-flow\" style=\"flex-basis:33.33%\">\n<p class=\"has-text-align-center\"><strong>Regulatory Council of the Protected Designation of Origin &#8220;Aceite del Bajo Arag\u00f3n&#8221;.<\/strong><\/p>\n\n\n\n<p class=\"has-text-align-center\">Muro Santa Mar\u00eda, s\/n. Molino Mayor Building, 1st floor.<\/p>\n\n\n\n<p class=\"has-text-align-center\">44600, Alca\u00f1iz (Teruel) SPAIN<\/p>\n\n\n\n<p class=\"has-text-align-center\">Tel. 978 834 009<\/p>\n\n\n\n<p class=\"has-text-align-center\">Fax. 978 834 358<\/p>\n<\/div>\n<\/div>\n\n<p><\/p>\n\n<p><\/p>\n","protected":false},"excerpt":{"rendered":"<p>Contact If you wish to contact us, please fill in [&hellip;]<\/p>\n","protected":false},"author":1,"featured_media":0,"parent":0,"menu_order":0,"comment_status":"closed","ping_status":"closed","template":"","meta":{"footnotes":""},"class_list":["post-982","page","type-page","status-publish","hentry"],"yoast_head":"<!-- This site is optimized with the Yoast SEO plugin v27.4 - https:\/\/yoast.com\/product\/yoast-seo-wordpress\/ -->\n<title>Contact page - Aceite del Bajo Arag\u00f3n<\/title>\n<meta name=\"robots\" content=\"index, follow, max-snippet:-1, max-image-preview:large, max-video-preview:-1\" \/>\n<link rel=\"canonical\" href=\"https:\/\/aceitedelbajoaragon.es\/en\/contact-page\" \/>\n<meta property=\"og:locale\" content=\"en_US\" \/>\n<meta property=\"og:type\" content=\"article\" \/>\n<meta property=\"og:title\" content=\"Contact page - Aceite del Bajo Arag\u00f3n\" \/>\n<meta property=\"og:description\" content=\"Contact If you wish to contact us, please fill in [&hellip;]\" \/>\n<meta property=\"og:url\" content=\"https:\/\/aceitedelbajoaragon.es\/en\/contact-page\" \/>\n<meta property=\"og:site_name\" content=\"Aceite del Bajo Arag\u00f3n\" \/>\n<meta property=\"article:publisher\" content=\"https:\/\/www.facebook.com\/aceitedelbajoaragon.d.o.p\/timeline\/\" \/>\n<meta property=\"article:modified_time\" content=\"2023-11-23T10:17:07+00:00\" \/>\n<meta name=\"twitter:card\" content=\"summary_large_image\" \/>\n<meta name=\"twitter:site\" content=\"@DOPAceiteBA\" \/>\n<script type=\"application\/ld+json\" class=\"yoast-schema-graph\">{\"@context\":\"https:\\\/\\\/schema.org\",\"@graph\":[{\"@type\":\"WebPage\",\"@id\":\"https:\\\/\\\/aceitedelbajoaragon.es\\\/en\\\/contact-page\",\"url\":\"https:\\\/\\\/aceitedelbajoaragon.es\\\/en\\\/contact-page\",\"name\":\"Contact page - Aceite del Bajo Arag\u00f3n\",\"isPartOf\":{\"@id\":\"https:\\\/\\\/aceitedelbajoaragon.es\\\/en#website\"},\"datePublished\":\"2022-11-22T07:55:46+00:00\",\"dateModified\":\"2023-11-23T10:17:07+00:00\",\"breadcrumb\":{\"@id\":\"https:\\\/\\\/aceitedelbajoaragon.es\\\/en\\\/contact-page#breadcrumb\"},\"inLanguage\":\"en-US\",\"potentialAction\":[{\"@type\":\"ReadAction\",\"target\":[\"https:\\\/\\\/aceitedelbajoaragon.es\\\/en\\\/contact-page\"]}]},{\"@type\":\"BreadcrumbList\",\"@id\":\"https:\\\/\\\/aceitedelbajoaragon.es\\\/en\\\/contact-page#breadcrumb\",\"itemListElement\":[{\"@type\":\"ListItem\",\"position\":1,\"name\":\"Inicio\",\"item\":\"https:\\\/\\\/aceitedelbajoaragon.es\\\/en\"},{\"@type\":\"ListItem\",\"position\":2,\"name\":\"Contact page\"}]},{\"@type\":\"WebSite\",\"@id\":\"https:\\\/\\\/aceitedelbajoaragon.es\\\/en#website\",\"url\":\"https:\\\/\\\/aceitedelbajoaragon.es\\\/en\",\"name\":\"Aceite del Bajo Arag\u00f3n\",\"description\":\"El Bajo Arag\u00f3n, una de las zonas m\u00e1s propicias del mundo para el cultivo del olivo y donde se produce el mejor aceite de oliva.\",\"publisher\":{\"@id\":\"https:\\\/\\\/aceitedelbajoaragon.es\\\/en#organization\"},\"potentialAction\":[{\"@type\":\"SearchAction\",\"target\":{\"@type\":\"EntryPoint\",\"urlTemplate\":\"https:\\\/\\\/aceitedelbajoaragon.es\\\/en?s={search_term_string}\"},\"query-input\":{\"@type\":\"PropertyValueSpecification\",\"valueRequired\":true,\"valueName\":\"search_term_string\"}}],\"inLanguage\":\"en-US\"},{\"@type\":\"Organization\",\"@id\":\"https:\\\/\\\/aceitedelbajoaragon.es\\\/en#organization\",\"name\":\"Aceite del Bajo Arag\u00f3n\",\"url\":\"https:\\\/\\\/aceitedelbajoaragon.es\\\/en\",\"logo\":{\"@type\":\"ImageObject\",\"inLanguage\":\"en-US\",\"@id\":\"https:\\\/\\\/aceitedelbajoaragon.es\\\/en#\\\/schema\\\/logo\\\/image\\\/\",\"url\":\"\",\"contentUrl\":\"\",\"caption\":\"Aceite del Bajo Arag\u00f3n\"},\"image\":{\"@id\":\"https:\\\/\\\/aceitedelbajoaragon.es\\\/en#\\\/schema\\\/logo\\\/image\\\/\"},\"sameAs\":[\"https:\\\/\\\/www.facebook.com\\\/aceitedelbajoaragon.d.o.p\\\/timeline\\\/\",\"https:\\\/\\\/x.com\\\/DOPAceiteBA\",\"https:\\\/\\\/www.youtube.com\\\/user\\\/aceitedelbajoaragon\"]}]}<\/script>\n<!-- \/ Yoast SEO plugin. -->","yoast_head_json":{"title":"Contact page - Aceite del Bajo Arag\u00f3n","robots":{"index":"index","follow":"follow","max-snippet":"max-snippet:-1","max-image-preview":"max-image-preview:large","max-video-preview":"max-video-preview:-1"},"canonical":"https:\/\/aceitedelbajoaragon.es\/en\/contact-page","og_locale":"en_US","og_type":"article","og_title":"Contact page - Aceite del Bajo Arag\u00f3n","og_description":"Contact If you wish to contact us, please fill in [&hellip;]","og_url":"https:\/\/aceitedelbajoaragon.es\/en\/contact-page","og_site_name":"Aceite del Bajo Arag\u00f3n","article_publisher":"https:\/\/www.facebook.com\/aceitedelbajoaragon.d.o.p\/timeline\/","article_modified_time":"2023-11-23T10:17:07+00:00","twitter_card":"summary_large_image","twitter_site":"@DOPAceiteBA","schema":{"@context":"https:\/\/schema.org","@graph":[{"@type":"WebPage","@id":"https:\/\/aceitedelbajoaragon.es\/en\/contact-page","url":"https:\/\/aceitedelbajoaragon.es\/en\/contact-page","name":"Contact page - Aceite del Bajo Arag\u00f3n","isPartOf":{"@id":"https:\/\/aceitedelbajoaragon.es\/en#website"},"datePublished":"2022-11-22T07:55:46+00:00","dateModified":"2023-11-23T10:17:07+00:00","breadcrumb":{"@id":"https:\/\/aceitedelbajoaragon.es\/en\/contact-page#breadcrumb"},"inLanguage":"en-US","potentialAction":[{"@type":"ReadAction","target":["https:\/\/aceitedelbajoaragon.es\/en\/contact-page"]}]},{"@type":"BreadcrumbList","@id":"https:\/\/aceitedelbajoaragon.es\/en\/contact-page#breadcrumb","itemListElement":[{"@type":"ListItem","position":1,"name":"Inicio","item":"https:\/\/aceitedelbajoaragon.es\/en"},{"@type":"ListItem","position":2,"name":"Contact page"}]},{"@type":"WebSite","@id":"https:\/\/aceitedelbajoaragon.es\/en#website","url":"https:\/\/aceitedelbajoaragon.es\/en","name":"Aceite del Bajo Arag\u00f3n","description":"El Bajo Arag\u00f3n, una de las zonas m\u00e1s propicias del mundo para el cultivo del olivo y donde se produce el mejor aceite de oliva.","publisher":{"@id":"https:\/\/aceitedelbajoaragon.es\/en#organization"},"potentialAction":[{"@type":"SearchAction","target":{"@type":"EntryPoint","urlTemplate":"https:\/\/aceitedelbajoaragon.es\/en?s={search_term_string}"},"query-input":{"@type":"PropertyValueSpecification","valueRequired":true,"valueName":"search_term_string"}}],"inLanguage":"en-US"},{"@type":"Organization","@id":"https:\/\/aceitedelbajoaragon.es\/en#organization","name":"Aceite del Bajo Arag\u00f3n","url":"https:\/\/aceitedelbajoaragon.es\/en","logo":{"@type":"ImageObject","inLanguage":"en-US","@id":"https:\/\/aceitedelbajoaragon.es\/en#\/schema\/logo\/image\/","url":"","contentUrl":"","caption":"Aceite del Bajo Arag\u00f3n"},"image":{"@id":"https:\/\/aceitedelbajoaragon.es\/en#\/schema\/logo\/image\/"},"sameAs":["https:\/\/www.facebook.com\/aceitedelbajoaragon.d.o.p\/timeline\/","https:\/\/x.com\/DOPAceiteBA","https:\/\/www.youtube.com\/user\/aceitedelbajoaragon"]}]}},"_links":{"self":[{"href":"https:\/\/aceitedelbajoaragon.es\/en\/wp-json\/wp\/v2\/pages\/982","targetHints":{"allow":["GET"]}}],"collection":[{"href":"https:\/\/aceitedelbajoaragon.es\/en\/wp-json\/wp\/v2\/pages"}],"about":[{"href":"https:\/\/aceitedelbajoaragon.es\/en\/wp-json\/wp\/v2\/types\/page"}],"author":[{"embeddable":true,"href":"https:\/\/aceitedelbajoaragon.es\/en\/wp-json\/wp\/v2\/users\/1"}],"replies":[{"embeddable":true,"href":"https:\/\/aceitedelbajoaragon.es\/en\/wp-json\/wp\/v2\/comments?post=982"}],"version-history":[{"count":0,"href":"https:\/\/aceitedelbajoaragon.es\/en\/wp-json\/wp\/v2\/pages\/982\/revisions"}],"wp:attachment":[{"href":"https:\/\/aceitedelbajoaragon.es\/en\/wp-json\/wp\/v2\/media?parent=982"}],"curies":[{"name":"wp","href":"https:\/\/api.w.org\/{rel}","templated":true}]}}