{"id":988,"date":"2022-11-21T13:07:15","date_gmt":"2022-11-21T13:07:15","guid":{"rendered":"https:\/\/aceitedelbajoaragon.es\/producers\/"},"modified":"2023-11-23T12:17:39","modified_gmt":"2023-11-23T12:17:39","slug":"producers","status":"publish","type":"page","link":"https:\/\/aceitedelbajoaragon.es\/en\/producers","title":{"rendered":"Producers"},"content":{"rendered":"\n<h2 class=\"wp-block-heading has-text-color\" style=\"color:#4f7537\">Olive oil producers in Southern Aragon<\/h2>\n\n<p>Below is a list of olive oil producing companies with D.O. &#8220;Aceite del Bajo Arag\u00f3n&#8221;:<\/p>\n\n<h4 class=\"wp-block-heading has-text-color\" style=\"color:#818181\">Albalate del Arzobispo<\/h4>\n\n<p><strong>ACEITES AGUILAR, S.L.<\/strong><br\/>Pintor Garate, 87.<br\/>44540 Albalate del Arzobispo (Teruel)<br\/>Tel: 978 812 668 \/ almazara.aguilar@gmail.com<br\/>CIF: B44105583<br\/>Brand: Valdue\u00f1a<\/p>\n\n<p><strong>ACEITES ALBALATE, S.L.<\/strong><br\/>C\/ Collada, s\/n<br\/>44540 Albalate del Arzobispo (Teruel)<br\/>Tel.: 978 813 104 \/ aceitesalbalate@outlook.com<\/p>\n\n<p>CIF: B44142057<\/p>\n\n<p><strong>ALMAZARA ARTAL (ARTAL TOM\u00c1S, \u00c1NGEL JOS\u00c9)<\/strong><br\/>Eras Altas Industrial Estate, Nave 4.1<br\/>44540 Albalate del Arzobispo (Teruel)<br\/>Tel: 690 833 007\/ info@almazaraartal.com<br\/>CIF: 17719696J<\/p>\n\n<p>Brand: El aceite de Marta.<\/p>\n\n<h4 class=\"wp-block-heading has-text-color\" style=\"color:#818181\"> Alca\u00f1iz<\/h4>\n\n<p><strong><a href=\"http:\/\/www.aceitevicoliva.com\/\">VICOLIVA, S.L.<\/a><\/strong><br\/>Las Horcas Industrial Estate, P. 35.<br\/>44600 Alca\u00f1iz (Teruel)<br\/>Tel: 978 833 455 \/ vicoliva@aceitevicoliva.com<br\/>CIF: B44107746<br\/>Brand: Vicoliva<\/p>\n\n<p><\/p>\n\n<h4 class=\"wp-block-heading has-text-color\" style=\"color:#818181\"> Andorra<\/h4>\n\n<p><strong>LA MASADA ROYA (VALERO ROMEO, PEDRO JOS\u00c9)<\/strong><br\/>C\/ Joaqu\u00edn Galve, 11.<br\/>44500 Andorra (Teruel)<br\/>Tel: 627 027 366 \/ lamasadaroya@gmail.com<br\/>CIF: 73258351Q<br\/>Brand: La Masada Roya<\/p>\n\n<h4 class=\"wp-block-heading has-text-color\" style=\"color:#818181\"> Belchite<\/h4>\n\n<p><strong><a href=\"http:\/\/www.aceitesimpelte.com\/\" target=\"_blank\" rel=\"noreferrer noopener\">ALMAZARA DE JAIME, S. L.<\/a><\/strong><br\/>Ctra. de Cari\u00f1ena, s\/n.<br\/>50130 Belchite (Zaragoza)<br\/>Tel: 976 830 298 \/ gestion@jaimeolive.com<br\/>CIF: B50884618<br\/>Brand: Capricho Aragon\u00e9s<\/p>\n\n<p><strong><a href=\"http:\/\/www.molinoalfonso.com\/\">ALMAZARA MOLINO ALFONSO<\/a><\/strong> <strong>(ALFONSO CASAS, FLORENTINO)<\/strong><br\/>Ctra. Cari\u00f1ena, S\/N.<br\/>50130 Belchite (Zaragoza)<br\/>Tel: 976 830 055 \/ gestion@molinoalfonso.com<br\/>CIF: 29105387Z<br\/>Brand: Molino Alfonso<\/p>\n\n<p><a><\/a><\/p>\n\n<h4 class=\"wp-block-heading has-text-color\" style=\"color:#818181\"> Calaceite<\/h4>\n\n<p><strong>COOPERATIVA DE ACEITES DEL MATARRA\u00d1A, S.C.L.<\/strong><br\/>Camino de Arens, s\/n.<br\/>44610 Calaceite (Teruel)<br\/>Tel: 978 851 014 \/ cooperativa@aceitesmatarranya.com<br\/>CIF: F44028793<br\/>Brand: Metaba, ZEID<\/p>\n\n<p><a><\/a><\/p>\n\n<h4 class=\"wp-block-heading has-text-color\" style=\"color:#818181\"> Calanda<\/h4>\n\n<p><strong><a href=\"http:\/\/www.marchenica.com\/\" target=\"_blank\" rel=\"noreferrer noopener\">PRODUCTOS DE CALANDA, S.L.<\/a><\/strong><br\/>C\/ Fueros de Arag\u00f3n, n\u00ba 2, 1\u00ba<br\/>44570 Calanda (Teruel)<br\/>Tel: 978 847 904 \/ info@marchenica.com<br\/>CIF: B44176477<br\/>Brand: Marchenica<\/p>\n\n<p><strong><a href=\"http:\/\/www.csmcalanda.com\/\">COOPERATIVA DEL CAMPO SAN MIGUEL<\/a><\/strong><br\/>Camino del Calabazar, 9-11.<br\/>44570 Calanda (Teruel)<br\/>Tel: 978 847 000 \/ csmcalanda@csmcalanda.com<br\/>CIF: F44003101<br\/>Brand: San Miguel de Calanda<\/p>\n\n<p><strong><a href=\"http:\/\/www.lacalandina.com\/\" target=\"_blank\" rel=\"noreferrer noopener\">LA CALANDINA, S. COOP. LTDA.<\/a><\/strong><br\/>Ctra. Alcolea &#8211; Tarragona, s\/n.<br\/>44570 Calanda (Teruel)<br\/>Tel: 978 846 278 \/ info@lacalandina.com<br\/>CIF: F44004869<br\/>Brand: La Calandina<\/p>\n\n<p><strong><a href=\"http:\/\/www.conservascalanda.com\/\">ACEITES Y ENC. ISMAEL Y MAGALL\u00d3N, S. L.<\/a><\/strong><br\/>Santa \u00c1gueda, 47.<br\/>44570 Calanda (Teruel)<br\/>Tel: 978 846 665 \/ eva@frutasismael.com<br\/>CIF: B44149185<br\/>Brand: Real de Vell\u00f3n<\/p>\n\n<p><a><\/a><\/p>\n\n<h4 class=\"wp-block-heading has-text-color\" style=\"color:#818181\"> Caspe<\/h4>\n\n<p><strong>COOPERATIVA FRUT\u00cdCOLA COMPROMISO DE CASPE<\/strong><br\/>Pol. Los Arcos, parcela 22.<br\/>50700 Caspe (Zaragoza)<br\/>Tel: 976 632 159 \/ frucas1@telefonica.net<\/p>\n\n<p>CIF: F50115310<\/p>\n\n<p><\/p>\n\n<h4 class=\"wp-block-heading has-text-color\" style=\"color:#818181\"> Fabara<\/h4>\n\n<p><strong>COOPERATIVA DEL CAMPO \u201cSAN ISIDRO\u201d<\/strong><br\/>Campo, 1.<br\/>50793 Fabara (Zaragoza)<br\/>Tel: 976 635 012 \/ administracion@coopfabara.es<br\/>CIF: F50007798<br\/>Brand: Tradici\u00f3n Dorada<\/p>\n\n<p><strong><a href=\"http:\/\/www.granjabrunet.com\/\">GRANJA BRUNET, S.L.U.<\/a><\/strong><br\/>Rambla Arbolitos, n\u00ba 6.<br\/>50793 Fabara (Zaragoza)<br\/>Tel: 650 434 744 \/ info@granjabrunet.com<br\/>CIF: B50622679<\/p>\n\n<p><a><\/a><\/p>\n\n<h4 class=\"wp-block-heading has-text-color\" style=\"color:#818181\"> Fay\u00f3n<\/h4>\n\n<p><strong>COOPERATIVA AGRARIA SAN SEBASTI\u00c1<\/strong><br\/>Ctra. de Ronda, 14<br\/>50795 Fay\u00f3n (Zaragoza)<br\/>Tel: 976 635 674 \/ cooperativasansebastian@hotmail.es<br\/>CIF: F50019546<\/p>\n\n<p><a><\/a><\/p>\n\n<h4 class=\"wp-block-heading has-text-color\" style=\"color:#818181\"> La Codo\u00f1era<\/h4>\n\n<p><strong>COOPERATIVA DEL MEZQU\u00cdN, S.C.L.<\/strong><br\/>Avda. Isidoro Celma, 1.<br\/>44640 La Codo\u00f1era (Teruel)<br\/>Tel and fax: 978 852 003. \/ cmezquin@jalonet.net<br\/>CIF: F44028975<br\/>Brand: Delioliva \/ Reales Almazaras de Alca\u00f1iz<\/p>\n\n<p><a><\/a><\/p>\n\n<h4 class=\"wp-block-heading has-text-color\" style=\"color:#818181\"> La Puebla de Hijar<\/h4>\n\n<p><strong><a href=\"http:\/\/www.aceitesimpelte.com\/\">ACEITES IMPELTE DEL BAJO MART\u00cdN, S.L.<\/a><\/strong><br\/>Pol. Ind. \u201cVenta del barro\u201d, Par. 64.<br\/>44510 La Puebla de H\u00edjar (Teruel).<br\/>Tel.: 978 821 028 \/ javiersanchez@aceitesimpelte.com<br\/>CIF: B44191435<br\/>Brand: Impelte<\/p>\n\n<p><a><\/a><\/p>\n\n<h4 class=\"wp-block-heading has-text-color\" style=\"color:#818181\"> Maella<\/h4>\n\n<p><strong><a href=\"http:\/\/www.fruma.es\/\" target=\"_blank\" rel=\"noreferrer noopener\">FRUT\u00cdCOLA MAELLANA, S.C.L.<\/a><\/strong><br\/>B\u00ba San Sebasti\u00e1n, s\/n.<br\/>50710 Maella (Zaragoza)<br\/>Tel: 976 638 165 7 \/ cooperativa@fruma.es<br\/>CIF: F50099498<br\/>Brand: Secreto de Fruma<\/p>\n\n<p><strong>ALCA\u00d1IZ MILL\u00c1N, S.L.<\/strong><br\/>Fabara, 7.<br\/>50710 Maella (Zaragoza)<br\/>Tel: 976 638 225. \/ alcanizmillan@gmail.com<br\/>CIF: B50612001<br\/>Brand: Almi<\/p>\n\n<p><strong><a href=\"http:\/\/www.magalia.org\/\" target=\"_blank\" rel=\"noreferrer noopener\">SOCIEDAD COOPERATIVA AGR\u00cdCOLA SAN LORENZO<\/a><\/strong><br\/>Avda. de Arag\u00f3n, 110.<br\/>50710 Maella (Zaragoza)<br\/>Tel: 976 638 004 \/ gerencia@magalia.org<br\/>CIF: F50007780<br\/>Brand: Magalia<\/p>\n\n<p><strong><a href=\"http:\/\/www.torremaella.com\/\" target=\"_blank\" rel=\"noreferrer noopener\">GIL EJERIQUE, S. L.<\/a><\/strong><br\/>Teruel, s\/n.<br\/>50710 Maella (Zaragoza)<br\/>Tel: 976 638 236 \/ oficina@torremaella.com<br\/>CIF: B50673870<br\/>Brand: Torremaella<\/p>\n\n<p><a><\/a><\/p>\n\n<h4 class=\"wp-block-heading has-text-color\" style=\"color:#818181\"> Mazale\u00f3n<\/h4>\n\n<p><strong><a href=\"http:\/\/www.mazaleon.com\/\" target=\"_blank\" rel=\"noreferrer noopener\">SOCIEDAD COOPERATIVA DEL CAMPO SAN ISIDRO<\/a><\/strong>. <br\/>Ram\u00f3n y Cajal, 33.<br\/>44621 Mazale\u00f3n (Teruel)<br\/>Tel: 978 898 693 \/ info@cooperativamazaleon.es<br\/>CIF: F44003028<br\/>Brand: Mazale\u00f3n, A2<\/p>\n\n<p><a><\/a><\/p>\n\n<h4 class=\"wp-block-heading has-text-color\" style=\"color:#818181\"> Mequinenza<\/h4>\n\n<p><strong><a href=\"http:\/\/www.mequinenza.net\/\" target=\"_blank\" rel=\"noreferrer noopener\">REY SOL\u00c9, ANTONIO<\/a><\/strong><br\/>Partida La Plana, s\/n.<br\/>50170 Mequinenza (Zaragoza)<br\/>Tel: 974 464 722 \/ info@oliflix.com<br\/>CIF: 40914584E<\/p>\n\n<p><\/p>\n\n<h4 class=\"wp-block-heading has-text-color\" style=\"color:#818181\"> Oliete<\/h4>\n\n<p><strong>APADRINA UN OLIVO (Association for the recovery of Oliete&#8217;s barren olive trees)<\/strong><br\/>C\/ Baja, 15<br\/>44548 Oliete (Teruel)<br\/>Tel: 669 848 923 \/ hola@apadrinaunolivo.org<br\/>CIF: G44255321<\/p>\n\n<p>Brand: Mi Olivo<\/p>\n\n<p><a><\/a><\/p>\n\n<h4 class=\"wp-block-heading has-text-color\" style=\"color:#818181\"> Torrecilla de Alca\u00f1iz<\/h4>\n\n<p><strong><a href=\"http:\/\/www.sabor-artesano.com\/\" target=\"_blank\" rel=\"noreferrer noopener\">ARTEALIMENTACI\u00d3N BAJO ARAG\u00d3N, S. L.<\/a><\/strong><br\/>Maestro Rebullida, 20.<br\/>44640 Torrecilla de Alca\u00f1iz (Teruel)<br\/>Tel: 978 852 415. \/ mezquin@mezquin.com<br\/>CIF: B44194397<br\/>Brand: B44194397<\/p>\n\n<p><a><\/a><\/p>\n\n<h4 class=\"wp-block-heading has-text-color\" style=\"color:#818181\"> Valdealgorfa<\/h4>\n\n<p><strong><a href=\"http:\/\/www.aceitebajoaragon.net\/\" target=\"_blank\" rel=\"noreferrer noopener\">SOCIEDAD COOPERATIVA OLE\u00cdCOLA ARAGONESA DE VALDEALGORFA<\/a><\/strong><br\/>Beato Mart\u00ednez Pascual, s\/n.<br\/>44594 Valdealgorfa (Teruel)<br\/>Tel.: 978 857 030 \/ cooperativadevaldealgorfa@gmail.com<br\/>CIF: F44170165<br\/>Brand: Palacio de Andilla.<\/p>\n\n<p><a><\/a><\/p>\n\n<h4 class=\"wp-block-heading has-text-color\" style=\"color:#818181\"> Valderrobres<\/h4>\n\n<p><strong>SOCIEDAD COOPERATIVA DEL CAMPO \u201cSECCI\u00d3N ALMAZARA\u201d<\/strong><br\/>Torre Sancho Industrial Estate, 42. Parc. 24<br\/>44580 Valderrobres (Teruel)<br\/>Tel.: 978 850 082 \/ sociedadcooperativa@telefonica.net<br\/>CIF: F44002038<br\/>Brand: Ermita de los Santos<\/p>\n\n<p><strong>S.A.T. ACEITES TORREGACHERO<\/strong><br\/>Torre Sancho Industrial Estate, s\/n.<br\/>44580 Valderrobres (Teruel)<br\/>Tel: 978 890 513 \/ torregachero@live.com<br\/>CIF: F44122281<br\/>Brand: Torregachero<\/p>\n\n<p><\/p>\n\n<h4 class=\"wp-block-heading has-text-color\" style=\"color:#818181\"> Valdetormo<\/h4>\n\n<p><strong><a href=\"http:\/\/www.oroaragon.com\/\">FERNANDO ALCOBER E HIJOS S.A.<\/a><\/strong><br\/>General Franco, 3.<br\/>44620 Valdetormo (Teruel)<br\/>Tel: 978 858 005 \/ oroaragon@gmail.com<br\/>CIF: A44030203<br\/>Brand: Alcober<\/p>\n\n<p><strong>COOPERATIVA SAN ANTONIO ABAD<\/strong><br\/>Avda. Arag\u00f3n, 59.<br\/>44620 Valdetormo (Teruel)<br\/>Tel.: 978 858 007 \/ coopvaldeltormo@gmail.com<br\/>CIF: F44002699<\/p>\n\n<p><a><\/a><\/p>\n\n<h4 class=\"wp-block-heading has-text-color\" style=\"color:#818181\"> Valjunquera<\/h4>\n\n<p><strong>COOPERATIVA DEL CAMPO SAN MIGUEL<\/strong><br\/>Constituci\u00f3n, 7.<br\/>44595 Valjunquera (Teruel)<br\/>Tel.: 978 854 158 \/ coopvalj@gmail.com<br\/>CIF: F44003291<br\/>Brand: Juncoliva<\/p>\n","protected":false},"excerpt":{"rendered":"<p>Olive oil producers in Southern Aragon Below is a list [&hellip;]<\/p>\n","protected":false},"author":1,"featured_media":0,"parent":0,"menu_order":0,"comment_status":"closed","ping_status":"closed","template":"","meta":{"footnotes":""},"class_list":["post-988","page","type-page","status-publish","hentry"],"yoast_head":"<!-- This site is optimized with the Yoast SEO plugin v27.4 - https:\/\/yoast.com\/product\/yoast-seo-wordpress\/ -->\n<title>Producers - Aceite del Bajo Arag\u00f3n<\/title>\n<meta name=\"robots\" content=\"index, follow, max-snippet:-1, max-image-preview:large, max-video-preview:-1\" \/>\n<link rel=\"canonical\" href=\"https:\/\/aceitedelbajoaragon.es\/en\/producers\" \/>\n<meta property=\"og:locale\" content=\"en_US\" \/>\n<meta property=\"og:type\" content=\"article\" \/>\n<meta property=\"og:title\" content=\"Producers - Aceite del Bajo Arag\u00f3n\" \/>\n<meta property=\"og:description\" content=\"Olive oil producers in Southern Aragon Below is a list [&hellip;]\" \/>\n<meta property=\"og:url\" content=\"https:\/\/aceitedelbajoaragon.es\/en\/producers\" \/>\n<meta property=\"og:site_name\" content=\"Aceite del Bajo Arag\u00f3n\" \/>\n<meta property=\"article:publisher\" content=\"https:\/\/www.facebook.com\/aceitedelbajoaragon.d.o.p\/timeline\/\" \/>\n<meta property=\"article:modified_time\" content=\"2023-11-23T12:17:39+00:00\" \/>\n<meta name=\"twitter:card\" content=\"summary_large_image\" \/>\n<meta name=\"twitter:site\" content=\"@DOPAceiteBA\" \/>\n<meta name=\"twitter:label1\" content=\"Est. reading time\" \/>\n\t<meta name=\"twitter:data1\" content=\"3 minutes\" \/>\n<script type=\"application\/ld+json\" class=\"yoast-schema-graph\">{\"@context\":\"https:\\\/\\\/schema.org\",\"@graph\":[{\"@type\":\"WebPage\",\"@id\":\"https:\\\/\\\/aceitedelbajoaragon.es\\\/en\\\/producers\",\"url\":\"https:\\\/\\\/aceitedelbajoaragon.es\\\/en\\\/producers\",\"name\":\"Producers - Aceite del Bajo Arag\u00f3n\",\"isPartOf\":{\"@id\":\"https:\\\/\\\/aceitedelbajoaragon.es\\\/en#website\"},\"datePublished\":\"2022-11-21T13:07:15+00:00\",\"dateModified\":\"2023-11-23T12:17:39+00:00\",\"breadcrumb\":{\"@id\":\"https:\\\/\\\/aceitedelbajoaragon.es\\\/en\\\/producers#breadcrumb\"},\"inLanguage\":\"en-US\",\"potentialAction\":[{\"@type\":\"ReadAction\",\"target\":[\"https:\\\/\\\/aceitedelbajoaragon.es\\\/en\\\/producers\"]}]},{\"@type\":\"BreadcrumbList\",\"@id\":\"https:\\\/\\\/aceitedelbajoaragon.es\\\/en\\\/producers#breadcrumb\",\"itemListElement\":[{\"@type\":\"ListItem\",\"position\":1,\"name\":\"Inicio\",\"item\":\"https:\\\/\\\/aceitedelbajoaragon.es\\\/en\"},{\"@type\":\"ListItem\",\"position\":2,\"name\":\"Producers\"}]},{\"@type\":\"WebSite\",\"@id\":\"https:\\\/\\\/aceitedelbajoaragon.es\\\/en#website\",\"url\":\"https:\\\/\\\/aceitedelbajoaragon.es\\\/en\",\"name\":\"Aceite del Bajo Arag\u00f3n\",\"description\":\"El Bajo Arag\u00f3n, una de las zonas m\u00e1s propicias del mundo para el cultivo del olivo y donde se produce el mejor aceite de oliva.\",\"publisher\":{\"@id\":\"https:\\\/\\\/aceitedelbajoaragon.es\\\/en#organization\"},\"potentialAction\":[{\"@type\":\"SearchAction\",\"target\":{\"@type\":\"EntryPoint\",\"urlTemplate\":\"https:\\\/\\\/aceitedelbajoaragon.es\\\/en?s={search_term_string}\"},\"query-input\":{\"@type\":\"PropertyValueSpecification\",\"valueRequired\":true,\"valueName\":\"search_term_string\"}}],\"inLanguage\":\"en-US\"},{\"@type\":\"Organization\",\"@id\":\"https:\\\/\\\/aceitedelbajoaragon.es\\\/en#organization\",\"name\":\"Aceite del Bajo Arag\u00f3n\",\"url\":\"https:\\\/\\\/aceitedelbajoaragon.es\\\/en\",\"logo\":{\"@type\":\"ImageObject\",\"inLanguage\":\"en-US\",\"@id\":\"https:\\\/\\\/aceitedelbajoaragon.es\\\/en#\\\/schema\\\/logo\\\/image\\\/\",\"url\":\"\",\"contentUrl\":\"\",\"caption\":\"Aceite del Bajo Arag\u00f3n\"},\"image\":{\"@id\":\"https:\\\/\\\/aceitedelbajoaragon.es\\\/en#\\\/schema\\\/logo\\\/image\\\/\"},\"sameAs\":[\"https:\\\/\\\/www.facebook.com\\\/aceitedelbajoaragon.d.o.p\\\/timeline\\\/\",\"https:\\\/\\\/x.com\\\/DOPAceiteBA\",\"https:\\\/\\\/www.youtube.com\\\/user\\\/aceitedelbajoaragon\"]}]}<\/script>\n<!-- \/ Yoast SEO plugin. -->","yoast_head_json":{"title":"Producers - Aceite del Bajo Arag\u00f3n","robots":{"index":"index","follow":"follow","max-snippet":"max-snippet:-1","max-image-preview":"max-image-preview:large","max-video-preview":"max-video-preview:-1"},"canonical":"https:\/\/aceitedelbajoaragon.es\/en\/producers","og_locale":"en_US","og_type":"article","og_title":"Producers - Aceite del Bajo Arag\u00f3n","og_description":"Olive oil producers in Southern Aragon Below is a list [&hellip;]","og_url":"https:\/\/aceitedelbajoaragon.es\/en\/producers","og_site_name":"Aceite del Bajo Arag\u00f3n","article_publisher":"https:\/\/www.facebook.com\/aceitedelbajoaragon.d.o.p\/timeline\/","article_modified_time":"2023-11-23T12:17:39+00:00","twitter_card":"summary_large_image","twitter_site":"@DOPAceiteBA","twitter_misc":{"Est. reading time":"3 minutes"},"schema":{"@context":"https:\/\/schema.org","@graph":[{"@type":"WebPage","@id":"https:\/\/aceitedelbajoaragon.es\/en\/producers","url":"https:\/\/aceitedelbajoaragon.es\/en\/producers","name":"Producers - Aceite del Bajo Arag\u00f3n","isPartOf":{"@id":"https:\/\/aceitedelbajoaragon.es\/en#website"},"datePublished":"2022-11-21T13:07:15+00:00","dateModified":"2023-11-23T12:17:39+00:00","breadcrumb":{"@id":"https:\/\/aceitedelbajoaragon.es\/en\/producers#breadcrumb"},"inLanguage":"en-US","potentialAction":[{"@type":"ReadAction","target":["https:\/\/aceitedelbajoaragon.es\/en\/producers"]}]},{"@type":"BreadcrumbList","@id":"https:\/\/aceitedelbajoaragon.es\/en\/producers#breadcrumb","itemListElement":[{"@type":"ListItem","position":1,"name":"Inicio","item":"https:\/\/aceitedelbajoaragon.es\/en"},{"@type":"ListItem","position":2,"name":"Producers"}]},{"@type":"WebSite","@id":"https:\/\/aceitedelbajoaragon.es\/en#website","url":"https:\/\/aceitedelbajoaragon.es\/en","name":"Aceite del Bajo Arag\u00f3n","description":"El Bajo Arag\u00f3n, una de las zonas m\u00e1s propicias del mundo para el cultivo del olivo y donde se produce el mejor aceite de oliva.","publisher":{"@id":"https:\/\/aceitedelbajoaragon.es\/en#organization"},"potentialAction":[{"@type":"SearchAction","target":{"@type":"EntryPoint","urlTemplate":"https:\/\/aceitedelbajoaragon.es\/en?s={search_term_string}"},"query-input":{"@type":"PropertyValueSpecification","valueRequired":true,"valueName":"search_term_string"}}],"inLanguage":"en-US"},{"@type":"Organization","@id":"https:\/\/aceitedelbajoaragon.es\/en#organization","name":"Aceite del Bajo Arag\u00f3n","url":"https:\/\/aceitedelbajoaragon.es\/en","logo":{"@type":"ImageObject","inLanguage":"en-US","@id":"https:\/\/aceitedelbajoaragon.es\/en#\/schema\/logo\/image\/","url":"","contentUrl":"","caption":"Aceite del Bajo Arag\u00f3n"},"image":{"@id":"https:\/\/aceitedelbajoaragon.es\/en#\/schema\/logo\/image\/"},"sameAs":["https:\/\/www.facebook.com\/aceitedelbajoaragon.d.o.p\/timeline\/","https:\/\/x.com\/DOPAceiteBA","https:\/\/www.youtube.com\/user\/aceitedelbajoaragon"]}]}},"_links":{"self":[{"href":"https:\/\/aceitedelbajoaragon.es\/en\/wp-json\/wp\/v2\/pages\/988","targetHints":{"allow":["GET"]}}],"collection":[{"href":"https:\/\/aceitedelbajoaragon.es\/en\/wp-json\/wp\/v2\/pages"}],"about":[{"href":"https:\/\/aceitedelbajoaragon.es\/en\/wp-json\/wp\/v2\/types\/page"}],"author":[{"embeddable":true,"href":"https:\/\/aceitedelbajoaragon.es\/en\/wp-json\/wp\/v2\/users\/1"}],"replies":[{"embeddable":true,"href":"https:\/\/aceitedelbajoaragon.es\/en\/wp-json\/wp\/v2\/comments?post=988"}],"version-history":[{"count":0,"href":"https:\/\/aceitedelbajoaragon.es\/en\/wp-json\/wp\/v2\/pages\/988\/revisions"}],"wp:attachment":[{"href":"https:\/\/aceitedelbajoaragon.es\/en\/wp-json\/wp\/v2\/media?parent=988"}],"curies":[{"name":"wp","href":"https:\/\/api.w.org\/{rel}","templated":true}]}}